{"id":27445,"date":"2025-06-05T15:56:40","date_gmt":"2025-06-05T14:56:40","guid":{"rendered":"https:\/\/gopinkish.com\/?post_type=product&#038;p=27445"},"modified":"2026-01-14T16:19:41","modified_gmt":"2026-01-14T15:19:41","slug":"3348901182362","status":"publish","type":"product","link":"https:\/\/gopinkish.com\/fr\/produit\/3348901182362\/","title":{"rendered":"Dior Addict eau Fraiche"},"content":{"rendered":"<p style=\"text-align: justify;\">Dior Addict Eau Fresh est un parfum floral frais et p\u00e9tillant. Avec sa composition de pamplemousse doux-amer, enrichie d'une d\u00e9licate bergamote de Calabre, Dior Addict Eau Fresh est un parfum vibrant et \u00e9nergique.<\/p>\n<p style=\"text-align: justify;\">Les notes de c\u0153ur r\u00e9v\u00e8lent un m\u00e9lange floral frais de freesia et de muguet, la fleur embl\u00e9matique de Dior. Ce parfum signature* s'ach\u00e8ve sur un fond fort et stable, o\u00f9 les notes bois\u00e9es se m\u00ealent aux muscs blancs enveloppants.<\/p>\n<p style=\"text-align: justify;\">\u201cDior Addict est un parfum qui s'installe imm\u00e9diatement dans l'esprit. Il est g\u00e9n\u00e9reux sans \u00eatre luxueux, s\u00e9duisant sans \u00eatre exag\u00e9r\u00e9\u201d. Fran\u00e7ois Demachy, cr\u00e9ateur des parfums Dior.<\/p>\n<p dir=\"ltr\" style=\"text-align: center;\">Dior Addict Eau Fraiche Eau de Toilette<\/p>","protected":false},"excerpt":{"rendered":"<p>Eau de Toilette<\/p>","protected":false},"featured_media":27446,"template":"","meta":[],"pwb-brand":[262],"product_brand":[],"product_cat":[1422],"product_tag":[],"class_list":{"0":"post-27445","1":"product","2":"type-product","3":"status-publish","4":"has-post-thumbnail","6":"pwb-brand-dior","7":"product_cat-edt-women","9":"first","10":"instock","11":"shipping-taxable","12":"purchasable","13":"product-type-variable","14":"has-default-attributes","15":"wvs-archive-product-wrapper"},"brands":[{"id":262,"name":"Dior","slug":"dior"}],"_links":{"self":[{"href":"https:\/\/gopinkish.com\/fr\/wp-json\/wp\/v2\/product\/27445","targetHints":{"allow":["GET"]}}],"collection":[{"href":"https:\/\/gopinkish.com\/fr\/wp-json\/wp\/v2\/product"}],"about":[{"href":"https:\/\/gopinkish.com\/fr\/wp-json\/wp\/v2\/types\/product"}],"wp:featuredmedia":[{"embeddable":true,"href":"https:\/\/gopinkish.com\/fr\/wp-json\/wp\/v2\/media\/27446"}],"wp:attachment":[{"href":"https:\/\/gopinkish.com\/fr\/wp-json\/wp\/v2\/media?parent=27445"}],"wp:term":[{"taxonomy":"pwb-brand","embeddable":true,"href":"https:\/\/gopinkish.com\/fr\/wp-json\/wp\/v2\/pwb-brand?post=27445"},{"taxonomy":"product_brand","embeddable":true,"href":"https:\/\/gopinkish.com\/fr\/wp-json\/wp\/v2\/product_brand?post=27445"},{"taxonomy":"product_cat","embeddable":true,"href":"https:\/\/gopinkish.com\/fr\/wp-json\/wp\/v2\/product_cat?post=27445"},{"taxonomy":"product_tag","embeddable":true,"href":"https:\/\/gopinkish.com\/fr\/wp-json\/wp\/v2\/product_tag?post=27445"}],"curies":[{"name":"wp","href":"https:\/\/api.w.org\/{rel}","templated":true}]}}