{"id":27435,"date":"2025-05-25T14:24:56","date_gmt":"2025-05-25T13:24:56","guid":{"rendered":"https:\/\/gopinkish.com\/?post_type=product&#038;p=27435"},"modified":"2025-06-11T10:18:12","modified_gmt":"2025-06-11T09:18:12","slug":"3600524135775","status":"publish","type":"product","link":"https:\/\/gopinkish.com\/fr\/produit\/3600524135775\/","title":{"rendered":"S\u00e9rum de soin de nuit enrichi en huile pr\u00e9cieuse de cam\u00e9lia pour les cheveux secs et ab\u00eem\u00e9s"},"content":{"rendered":"<p style=\"text-align: justify;\">\u0633\u064a\u0631\u0648\u0645 \u0627\u0644\u0639\u0646\u0627\u064a\u0629 \u0627\u0644\u0644\u064a\u0644\u064a\u0629 \u0627\u0644\u0645\u064f\u0639\u0632\u0632 \u0628\u0632\u064a\u062a \u0627\u0644\u0643\u0627\u0645\u064a\u0644\u064a\u0627 \u0627\u0644\u062b\u0645\u064a\u0646 \u0644\u0644\u0634\u0639\u0631 \u0627\u0644\u062c\u0627\u0641 \u0648\u0627\u0644\u062a\u0627\u0644\u0641\u060c \u064a\u062d\u0645\u064a \u0623\u0644\u064a\u0627\u0641 \u0627\u0644\u0634\u0639\u0631 \u0645\u0646 \u0627\u0644\u0639\u0648\u0627\u0645\u0644 \u0627\u0644\u062e\u0627\u0631\u062c\u064a\u0629 \u0627\u0644\u0636\u0627\u0631\u0629 \u0623\u062b\u0646\u0627\u0621 \u0627\u0644\u0644\u064a\u0644\u060c \u0648\u064a\u0648\u0641\u0631 \u062a\u063a\u0630\u064a\u0629 \u0639\u0645\u064a\u0642\u0629 \u062a\u062f\u0648\u0645 \u0637\u0648\u064a\u0644\u064b\u0627: \u062a\u063a\u0630\u064a\u0629 \u0645\u062b\u0627\u0644\u064a\u0629 \u0641\u064a \u0644\u064a\u0644\u0629 \u0648\u0627\u062d\u062f\u0629 \u0641\u0642\u0637. \u062a\u0631\u0643\u064a\u0628\u0629 \u063a\u064a\u0631 \u062f\u0647\u0646\u064a\u0629\u060c \u0644\u0627 \u062a\u062a\u0631\u0643 \u0623\u062b\u0631\u064b\u0627 \u0639\u0644\u0649 \u0627\u0644\u0634\u0639\u0631 \u0648\u0644\u0627 \u062a\u062d\u062a\u0627\u062c \u0625\u0644\u0649 \u0634\u0637\u0641. \u064a\u062a\u062c\u062f\u062f \u0634\u0639\u0631\u0643 \u0641\u064a \u0644\u064a\u0644\u0629 \u0648\u0627\u062d\u062f\u0629 \u0641\u0642\u0637. \u062a\u063a\u0630\u064a\u0629 \u062a\u062f\u0648\u0645 72 \u0633\u0627\u0639\u0629. \u0645\u0636\u0627\u062f \u0644\u0644\u062a\u062c\u0639\u062f \u064a\u062f\u0648\u0645 96 \u0633\u0627\u0639\u0629. \u0644\u0627\u064a\u062a\u0631\u0643 \u0623\u062b\u0631\u064b\u0627 \u0639\u0644\u0649 \u0627\u0644\u0648\u0633\u0627\u062f\u0629\u060c \u0648\u0644\u0627 \u062a\u062d\u062a\u0627\u062c \u0625\u0644\u0649 \u0634\u0637\u0641.<\/p>","protected":false},"excerpt":{"rendered":"<p>\u0633\u064a\u0631\u0648\u0645 \u0627\u0644\u0639\u0646\u0627\u064a\u0629 \u0627\u0644\u0644\u064a\u0644\u064a\u0629 \u0627\u0644\u0645\u064f\u0639\u0632\u0632 \u0628\u0632\u064a\u062a \u0627\u0644\u0643\u0627\u0645\u064a\u0644\u064a\u0627 \u0627\u0644\u062b\u0645\u064a\u0646 \u0644\u0644\u0634\u0639\u0631 \u0627\u0644\u062c\u0627\u0641 \u0648\u0627\u0644\u062a\u0627\u0644\u0641\u060c \u064a\u062d\u0645\u064a \u0623\u0644\u064a\u0627\u0641 \u0627\u0644\u0634\u0639\u0631 \u0645\u0646 \u0627\u0644\u0639\u0648\u0627\u0645\u0644 \u0627\u0644\u062e\u0627\u0631\u062c\u064a\u0629 \u0627\u0644\u0636\u0627\u0631\u0629 \u0623\u062b\u0646\u0627\u0621 \u0627\u0644\u0644\u064a\u0644\u060c \u0648\u064a\u0648\u0641\u0631 \u062a\u063a\u0630\u064a\u0629 \u0639\u0645\u064a\u0642\u0629 \u062a\u062f\u0648\u0645 \u0637\u0648\u064a\u0644\u064b\u0627: \u062a\u063a\u0630\u064a\u0629 \u0645\u062b\u0627\u0644\u064a\u0629 \u0641\u064a \u0644\u064a\u0644\u0629 \u0648\u0627\u062d\u062f\u0629 \u0641\u0642\u0637. \u062a\u0631\u0643\u064a\u0628\u0629 \u063a\u064a\u0631 \u062f\u0647\u0646\u064a\u0629\u060c \u0644\u0627 \u062a\u062a\u0631\u0643 \u0623\u062b\u0631\u064b\u0627 \u0639\u0644\u0649 \u0627\u0644\u0634\u0639\u0631 \u0648\u0644\u0627 \u062a\u062d\u062a\u0627\u062c \u0625\u0644\u0649 \u0634\u0637\u0641. \u064a\u062a\u062c\u062f\u062f \u0634\u0639\u0631\u0643 \u0641\u064a \u0644\u064a\u0644\u0629 \u0648\u0627\u062d\u062f\u0629 \u0641\u0642\u0637. \u062a\u063a\u0630\u064a\u0629 \u062a\u062f\u0648\u0645 72 \u0633\u0627\u0639\u0629. \u0645\u0636\u0627\u062f \u0644\u0644\u062a\u062c\u0639\u062f \u064a\u062f\u0648\u0645 [&hellip;]<\/p>\n","protected":false},"featured_media":27436,"template":"","meta":[],"pwb-brand":[239],"product_brand":[],"product_cat":[1154,1153],"product_tag":[1061,1035],"class_list":{"0":"post-27435","1":"product","2":"type-product","3":"status-publish","4":"has-post-thumbnail","6":"pwb-brand-loreal","7":"product_cat-hair-serum","8":"product_cat-hair-oil","9":"product_tag-1061","10":"product_tag-1035","12":"first","13":"outofstock","14":"shipping-taxable","15":"product-type-variable","16":"has-default-attributes","17":"wvs-archive-product-wrapper"},"brands":[{"id":239,"name":"L'Or\u00e9al Paris","slug":"loreal"}],"_links":{"self":[{"href":"https:\/\/gopinkish.com\/fr\/wp-json\/wp\/v2\/product\/27435","targetHints":{"allow":["GET"]}}],"collection":[{"href":"https:\/\/gopinkish.com\/fr\/wp-json\/wp\/v2\/product"}],"about":[{"href":"https:\/\/gopinkish.com\/fr\/wp-json\/wp\/v2\/types\/product"}],"wp:featuredmedia":[{"embeddable":true,"href":"https:\/\/gopinkish.com\/fr\/wp-json\/wp\/v2\/media\/27436"}],"wp:attachment":[{"href":"https:\/\/gopinkish.com\/fr\/wp-json\/wp\/v2\/media?parent=27435"}],"wp:term":[{"taxonomy":"pwb-brand","embeddable":true,"href":"https:\/\/gopinkish.com\/fr\/wp-json\/wp\/v2\/pwb-brand?post=27435"},{"taxonomy":"product_brand","embeddable":true,"href":"https:\/\/gopinkish.com\/fr\/wp-json\/wp\/v2\/product_brand?post=27435"},{"taxonomy":"product_cat","embeddable":true,"href":"https:\/\/gopinkish.com\/fr\/wp-json\/wp\/v2\/product_cat?post=27435"},{"taxonomy":"product_tag","embeddable":true,"href":"https:\/\/gopinkish.com\/fr\/wp-json\/wp\/v2\/product_tag?post=27435"}],"curies":[{"name":"wp","href":"https:\/\/api.w.org\/{rel}","templated":true}]}}