{"id":27372,"date":"2025-06-05T00:42:43","date_gmt":"2025-06-04T23:42:43","guid":{"rendered":"https:\/\/gopinkish.com\/?post_type=product&#038;p=27372"},"modified":"2026-01-14T23:10:51","modified_gmt":"2026-01-14T22:10:51","slug":"769915233940","status":"publish","type":"product","link":"https:\/\/gopinkish.com\/fr\/produit\/769915233940\/","title":{"rendered":"Set de soins de nuit pour l'hydratation, l'\u00e9claircissement et l'anti-\u00e2ge"},"content":{"rendered":"<p style=\"text-align: justify;\">Une routine nocturne compos\u00e9e de 3 produits efficaces pour hydrater, \u00e9claircir et cibler les signes du vieillissement.<\/p>\n<p style=\"text-align: justify;\">La Collection Nuit propose une gamme de formules pour restaurer et r\u00e9g\u00e9n\u00e9rer les peaux s\u00e8ches, en mettant l'accent sur le traitement des rides et ridules et de la peau terne pendant le sommeil.<\/p>\n<p style=\"text-align: justify;\">Notre s\u00e9rum hydratant pr\u00e9f\u00e9r\u00e9, Hyaluronic Acid 2% + B5 (avec c\u00e9ramides) - 30ml, procure une hydratation instantan\u00e9e et une hydratation intense. Sa formule l\u00e9g\u00e8re contient cinq types d'acide hyaluronique, de la provitamine B5 et des c\u00e9ramides, et aide \u00e0 reconstituer les niveaux d'hydratation de la peau, tout en l'aidant \u00e0 retenir l'humidit\u00e9 pour r\u00e9g\u00e9n\u00e9rer les peaux s\u00e8ches. L'acide hyaluronique 2% + B5 rend la peau plus lisse, plus douce et plus saine, tout en renfor\u00e7ant son \u00e9lasticit\u00e9 et sa souplesse, minimisant ainsi l'apparence des ridules et de la s\u00e9cheresse.<\/p>\n<p style=\"text-align: justify;\">L'\u00e9mulsion r\u00e9tinienne 0.2% - 15ml, offre un soutien anti-\u00e2ge avanc\u00e9, id\u00e9al pour une utilisation nocturne. La formule \u00e0 base de r\u00e9tino\u00efdes tr\u00e8s puissants raffermit et lisse rapidement la peau, tout en r\u00e9duisant visiblement l'apparence des taches brunes. Am\u00e9liore la texture de la peau, en mettant l'accent sur l'uniformisation du teint et l'\u00e9clat, pour un teint plus lumineux et plus uniforme.<\/p>\n<p style=\"text-align: justify;\">100% Organic Rosehip Seed Oil, Cold Pressed - 30ml, 100% Vegetable Oil, am\u00e9liore la douceur et l'\u00e9clat de la peau, et \u00e9quilibre les irr\u00e9gularit\u00e9s du teint. Sa texture riche et huileuse est id\u00e9ale pour une utilisation le soir.<\/p>\n<p style=\"text-align: justify;\">Pour utiliser les deux formules ensemble le soir, apr\u00e8s avoir nettoy\u00e9 la peau avec votre nettoyant pr\u00e9f\u00e9r\u00e9, appliquez quelques gouttes d'Acide Hyaluronique 2% + B5. Appliquer ensuite l'Emulsion R\u00e9tine 0.2% \u00e0 raison d'une fois par semaine dans un premier temps, puis deux fois par semaine \u00e0 quelques jours d'intervalle, en fonction de la tol\u00e9rance de votre peau. Terminez par quelques gouttes d'huile de graines de rose musqu\u00e9e biologique press\u00e9e \u00e0 froid 100%, ou appliquez une couche de votre cr\u00e8me hydratante pr\u00e9f\u00e9r\u00e9e pour les peaux tr\u00e8s s\u00e8ches.<\/p>\n<p style=\"text-align: justify;\">Bien que toutes ces formules soient id\u00e9ales pour une utilisation nocturne, l'acide hyaluronique 2% + B5 et l'huile de graines de rose musqu\u00e9e biologique press\u00e9e \u00e0 froid 100% peuvent \u00e9galement \u00eatre utilis\u00e9s ensemble dans le cadre d'un r\u00e9gime de jour.<\/p>\n<p style=\"text-align: justify;\">Cible les signes du vieillissement, la s\u00e9cheresse, le teint terne, la texture in\u00e9gale de la peau et les d\u00e9colorations.<\/p>\n<p style=\"text-align: justify;\">Convient \u00e0 tous les types de peau.<\/p>\n<p dir=\"ltr\" style=\"text-align: center;\">L'ensemble ordinaire de nuit<\/p>","protected":false},"excerpt":{"rendered":"<p>\u0631\u0648\u062a\u064a\u0646 \u0644\u064a\u0644\u064a \u064a\u062a\u0643\u0648\u0646 \u0645\u0646 3 \u0645\u0646\u062a\u062c\u0627\u062a \u0641\u0639\u0627\u0644\u0629 \u0644\u062a\u0631\u0637\u064a\u0628 \u0627\u0644\u0628\u0634\u0631\u0629 \u0648\u062a\u0641\u062a\u064a\u062d\u0647\u0627 \u0648\u0627\u0633\u062a\u0647\u062f\u0627\u0641 \u0639\u0644\u0627\u0645\u0627\u062a \u0627\u0644\u0634\u064a\u062e\u0648\u062e\u0629. \u062a\u062a\u0645\u064a\u0632 \u0627\u0644\u0645\u062c\u0645\u0648\u0639\u0629 \u0627\u0644\u0644\u064a\u0644\u064a\u0629 \u0628\u0645\u062c\u0645\u0648\u0639\u0629 \u0645\u0646 \u0627\u0644\u062a\u0631\u0643\u064a\u0628\u0627\u062a \u0644\u0627\u0633\u062a\u0639\u0627\u062f\u0629 \u0646\u0636\u0627\u0631\u0629 \u0627\u0644\u0628\u0634\u0631\u0629 \u0627\u0644\u062c\u0627\u0641\u0629 \u0648\u062a\u062c\u062f\u064a\u062f\u0647\u0627\u060c \u0645\u0639 \u0627\u0644\u062a\u0631\u0643\u064a\u0632 \u0639\u0644\u0649 \u0645\u0639\u0627\u0644\u062c\u0629 \u0627\u0644\u062e\u0637\u0648\u0637 \u0627\u0644\u062f\u0642\u064a\u0642\u0629 \u0648\u0627\u0644\u062a\u062c\u0627\u0639\u064a\u062f \u0648\u0627\u0644\u0628\u0634\u0631\u0629 \u0627\u0644\u0628\u0627\u0647\u062a\u0629 \u0623\u062b\u0646\u0627\u0621 \u0627\u0644\u0646\u0648\u0645. \u0633\u064a\u0631\u0648\u0645 \u0627\u0644\u062a\u0631\u0637\u064a\u0628 \u0627\u0644\u0645\u0641\u0636\u0644 \u0644\u062f\u064a\u0646\u0627\u060c \u062d\u0645\u0636 \u0627\u0644\u0647\u064a\u0627\u0644\u0648\u0631\u0648\u0646\u064a\u0643 2% + B5 (\u0645\u0639 \u0627\u0644\u0633\u064a\u0631\u0627\u0645\u064a\u062f\u0627\u062a) &#8211; 30 \u0645\u0644\u060c \u064a\u0648\u0641\u0631 \u062a\u0631\u0637\u064a\u0628\u064b\u0627 \u0641\u0648\u0631\u064a\u064b\u0627 \u0648\u062a\u0631\u0637\u064a\u0628\u064b\u0627 \u0645\u0643\u062b\u0641\u064b\u0627. \u062a\u062d\u062a\u0648\u064a [&hellip;]<\/p>\n","protected":false},"featured_media":27377,"template":"","meta":[],"pwb-brand":[241],"product_brand":[],"product_cat":[1231,1227,1121,1123],"product_tag":[672,697,685,680,1013],"class_list":{"0":"post-27372","1":"product","2":"type-product","3":"status-publish","4":"has-post-thumbnail","6":"pwb-brand-the_ordinary","7":"product_cat-daily-face-care","8":"product_cat-face-renew","9":"product_cat-face-moist","10":"product_cat-face-bright","11":"product_tag-wrinkles","12":"product_tag-moisturizing","13":"product_tag-brightening","14":"product_tag-dryness","15":"product_tag-1013","17":"first","18":"instock","19":"shipping-taxable","20":"purchasable","21":"product-type-variable","22":"has-default-attributes","23":"wvs-archive-product-wrapper"},"brands":[{"id":241,"name":"The Ordinary","slug":"lordinaire"}],"_links":{"self":[{"href":"https:\/\/gopinkish.com\/fr\/wp-json\/wp\/v2\/product\/27372","targetHints":{"allow":["GET"]}}],"collection":[{"href":"https:\/\/gopinkish.com\/fr\/wp-json\/wp\/v2\/product"}],"about":[{"href":"https:\/\/gopinkish.com\/fr\/wp-json\/wp\/v2\/types\/product"}],"wp:featuredmedia":[{"embeddable":true,"href":"https:\/\/gopinkish.com\/fr\/wp-json\/wp\/v2\/media\/27377"}],"wp:attachment":[{"href":"https:\/\/gopinkish.com\/fr\/wp-json\/wp\/v2\/media?parent=27372"}],"wp:term":[{"taxonomy":"pwb-brand","embeddable":true,"href":"https:\/\/gopinkish.com\/fr\/wp-json\/wp\/v2\/pwb-brand?post=27372"},{"taxonomy":"product_brand","embeddable":true,"href":"https:\/\/gopinkish.com\/fr\/wp-json\/wp\/v2\/product_brand?post=27372"},{"taxonomy":"product_cat","embeddable":true,"href":"https:\/\/gopinkish.com\/fr\/wp-json\/wp\/v2\/product_cat?post=27372"},{"taxonomy":"product_tag","embeddable":true,"href":"https:\/\/gopinkish.com\/fr\/wp-json\/wp\/v2\/product_tag?post=27372"}],"curies":[{"name":"wp","href":"https:\/\/api.w.org\/{rel}","templated":true}]}}