{"id":27352,"date":"2025-06-04T23:34:08","date_gmt":"2025-06-04T22:34:08","guid":{"rendered":"https:\/\/gopinkish.com\/?post_type=product&#038;p=27352"},"modified":"2025-08-02T12:36:21","modified_gmt":"2025-08-02T11:36:21","slug":"609332824515","status":"publish","type":"product","link":"https:\/\/gopinkish.com\/fr\/produit\/609332824515\/","title":{"rendered":"Gloss bouffant hydratant pour repousser les l\u00e8vres"},"content":{"rendered":"<p style=\"text-align: justify;\">Augmentez le volume de vos l\u00e8vres ! Le brillant \u00e0 l\u00e8vres repulpant d'Elf hydrate et am\u00e9liore instantan\u00e9ment l'apparence de vos l\u00e8vres pour une moue plus pulpeuse et plus confortable. Faites glisser le gloss sur vos l\u00e8vres et appliquez-le uniform\u00e9ment pour obtenir une touche de couleur transparente et une grande brillance, ainsi qu'une l\u00e9g\u00e8re sensation de picotement s\u00e9duisante qui apaise et repulpe vos l\u00e8vres. Obtenez jusqu'\u00e0 10 teintes \u00e9tonnamment naturelles.<\/p>\n<p>- Un brillant \u00e0 l\u00e8vres ultra-brillant qui procure un pouvoir repulpant instantan\u00e9 et une hydratation apaisante.<br \/>\n- Les l\u00e8vres sont instantan\u00e9ment plus pulpeuses.<br \/>\n- Une couleur transparente avec un fini brillant.<br \/>\n- Une formule hydratante, enrichie en vitamine E et en huile de coco.<br \/>\n- Procure une sensation apaisante et rafra\u00eechissante.<br \/>\n- Peut \u00eatre utilis\u00e9 seul ou par-dessus le rouge \u00e0 l\u00e8vres.<\/p>\n<p dir=\"ltr\" style=\"text-align: center;\">Gloss repulpant pour les l\u00e8vres elf<\/p>","protected":false},"excerpt":{"rendered":"<p>\u0639\u0632\u0632\u064a \u062d\u062c\u0645 \u0634\u0641\u062a\u064a\u0643\u0650! \u0645\u0644\u0645\u0639 \u0627\u0644\u0634\u0641\u0627\u0647 \u0627\u0644\u0645\u0645\u062a\u0644\u0626 \u0645\u0646 \u0625\u0644\u0641 \u064a\u0631\u0637\u0628 \u0634\u0641\u062a\u064a\u0643\u0650 \u0648\u064a\u0639\u0632\u0632 \u0645\u0638\u0647\u0631\u0647\u0645\u0627 \u0639\u0644\u0649 \u0627\u0644\u0641\u0648\u0631\u060c \u0644\u062a\u062d\u0635\u0644\u064a \u0639\u0644\u0649 \u0634\u0641\u0627\u0647 \u0623\u0643\u062b\u0631 \u0627\u0645\u062a\u0644\u0627\u0621\u064b \u0648\u0631\u0627\u062d\u0629. \u0645\u0631\u0631\u064a \u0627\u0644\u0645\u0644\u0645\u0639 \u0639\u0644\u0649 \u0634\u0641\u062a\u064a\u0643\u0650 \u0648\u0648\u0632\u0639\u064a\u0647 \u0628\u0627\u0644\u062a\u0633\u0627\u0648\u064a \u0628\u0644\u0645\u0633\u0629 \u0644\u0648\u0646\u064a\u0629 \u0634\u0641\u0627\u0641\u0629 \u0648\u0644\u0645\u0639\u0627\u0646 \u0641\u0627\u0626\u0642\u060c \u0643\u0645\u0627 \u064a\u0645\u0646\u062d\u0643\u0650 \u0625\u062d\u0633\u0627\u0633\u064b\u0627 \u062e\u0641\u064a\u0641\u064b\u0627 \u0648\u062c\u0630\u0627\u0628\u064b\u0627 \u0628\u0648\u062e\u0632 \u064a\u0647\u062f\u0626 \u0634\u0641\u062a\u064a\u0643\u0650 \u0648\u064a\u0645\u0646\u062d\u0643\u0650 \u0634\u0639\u0648\u0631\u064b\u0627 \u0628\u0627\u0644\u0627\u0645\u062a\u0644\u0627\u0621. \u0627\u062d\u0635\u0644\u064a \u0639\u0644\u0649 \u0645\u0627 \u064a\u0635\u0644 \u0625\u0644\u0649 10 \u062f\u0631\u062c\u0627\u062a \u0644\u0648\u0646\u064a\u0629 \u0637\u0628\u064a\u0639\u064a\u0629 \u062e\u0644\u0627\u0628\u0629. &#8211; \u0645\u0644\u0645\u0639 \u0634\u0641\u0627\u0647 [&hellip;]<\/p>\n","protected":false},"featured_media":27360,"template":"","meta":[],"pwb-brand":[1063],"product_brand":[],"product_cat":[1178,1177,1180],"product_tag":[],"class_list":{"0":"post-27352","1":"product","2":"type-product","3":"status-publish","4":"has-post-thumbnail","6":"pwb-brand-elf","7":"product_cat-lips-plump-makeup","8":"product_cat-lips-balm-makeup","9":"product_cat-lips-gloss-makeup","11":"first","12":"instock","13":"shipping-taxable","14":"purchasable","15":"product-type-variable","16":"has-default-attributes","17":"wvs-archive-product-wrapper"},"brands":[{"id":1063,"name":"e.l.f.","slug":"elfe"}],"_links":{"self":[{"href":"https:\/\/gopinkish.com\/fr\/wp-json\/wp\/v2\/product\/27352","targetHints":{"allow":["GET"]}}],"collection":[{"href":"https:\/\/gopinkish.com\/fr\/wp-json\/wp\/v2\/product"}],"about":[{"href":"https:\/\/gopinkish.com\/fr\/wp-json\/wp\/v2\/types\/product"}],"wp:featuredmedia":[{"embeddable":true,"href":"https:\/\/gopinkish.com\/fr\/wp-json\/wp\/v2\/media\/27360"}],"wp:attachment":[{"href":"https:\/\/gopinkish.com\/fr\/wp-json\/wp\/v2\/media?parent=27352"}],"wp:term":[{"taxonomy":"pwb-brand","embeddable":true,"href":"https:\/\/gopinkish.com\/fr\/wp-json\/wp\/v2\/pwb-brand?post=27352"},{"taxonomy":"product_brand","embeddable":true,"href":"https:\/\/gopinkish.com\/fr\/wp-json\/wp\/v2\/product_brand?post=27352"},{"taxonomy":"product_cat","embeddable":true,"href":"https:\/\/gopinkish.com\/fr\/wp-json\/wp\/v2\/product_cat?post=27352"},{"taxonomy":"product_tag","embeddable":true,"href":"https:\/\/gopinkish.com\/fr\/wp-json\/wp\/v2\/product_tag?post=27352"}],"curies":[{"name":"wp","href":"https:\/\/api.w.org\/{rel}","templated":true}]}}