{"id":27335,"date":"2025-06-04T21:18:35","date_gmt":"2025-06-04T20:18:35","guid":{"rendered":"https:\/\/gopinkish.com\/?post_type=product&#038;p=27335"},"modified":"2025-09-18T19:33:11","modified_gmt":"2025-09-18T18:33:11","slug":"5057566569064","status":"publish","type":"product","link":"https:\/\/gopinkish.com\/fr\/produit\/5057566569064\/","title":{"rendered":"Poudre \u00e0 lever en vrac - Plusieurs types"},"content":{"rendered":"<p style=\"text-align: justify;\">Faites-le cuire \u00e0 la perfection ! L'ingr\u00e9dient secret dont vous avez besoin pour \u00e9claircir, dissimuler et fixer votre maquillage.<\/p>\n<p style=\"text-align: justify;\">La poudre \u00e0 p\u00e2te en vrac est l'un des produits les plus populaires de Revolution, offrant des r\u00e9sultats in\u00e9gal\u00e9s en mati\u00e8re de fixation, de tenue longue dur\u00e9e, de matification et d'\u00e9quilibre du teint !<\/p>\n<p style=\"text-align: justify;\"><strong>Les principaux avantages :\u00a0<\/strong>C'est la derni\u00e8re \u00e9tape invisible de votre routine de maquillage qui donne de l'\u00e9clat \u00e0 votre look ! Ce coffret de poudres tr\u00e8s recherch\u00e9 et qui se vend le mieux offre d'innombrables avantages. Choisissez votre poudre pr\u00e9f\u00e9r\u00e9e et saupoudrez la formule douce sur votre visage pour \u00e9claircir, fixer et illuminer votre peau. Votre peau n'a jamais \u00e9t\u00e9 aussi fra\u00eeche et soyeuse tout en \u00e9vitant les paquets et les rides. Avec un fini sans brillance, cette collection laisse un doux fini mat sur le visage.<\/p>\n<p style=\"text-align: justify;\"><strong>Comment l'utiliser ? <\/strong>Comment ouvrir la poudre \u00e0 lever en vrac de Revolution ?<br \/>\nLa poudre \u00e0 p\u00e2te en vrac Revolution est super facile \u00e0 utiliser et compacte, ce qui vous permet de la r\u00e9appliquer o\u00f9 que vous alliez. Ouvrez le couvercle pour d\u00e9couvrir un couvercle perfor\u00e9 qui permet une distribution facile et contr\u00f4l\u00e9e. Conseil important : Tamponnez une petite quantit\u00e9 dans le bouchon de poudre avant de l'appliquer sur une \u00e9ponge, un pinceau ou une \u00e9ponge et appliquez-la sur votre visage !<\/p>\n<p style=\"text-align: justify;\"><strong>Utilisation : <\/strong>Utilisez n'importe quelle poudre libre en derni\u00e8re \u00e9tape de votre routine, apr\u00e8s avoir appliqu\u00e9 tous vos produits en cr\u00e8me. L'application de cr\u00e8mes par-dessus des poudres peut donner un aspect grumeleux et in\u00e9gal. Commencez par les produits cr\u00e9meux tels que le fond de teint et l'anticerne, puis appliquez une l\u00e9g\u00e8re couche de poudre pour les fixer ! Les poudres ultrafines peuvent \u00eatre utilis\u00e9es pour cuire et \u00e9claircir, ou pour fixer et contr\u00f4ler la brillance.<\/p>\n<p style=\"text-align: justify;\"><strong>Quelle est la couleur de poudre qui me convient le mieux ?<\/strong><\/p>\n<p style=\"text-align: justify;\">Si toutes les poudres aident \u00e0 dissimuler l'apparence des pores et \u00e0 fixer le fond de teint tout au long de la journ\u00e9e, un type particulier de poudre \u00e0 cuire peut convenir davantage \u00e0 votre peau que d'autres. Nous avons des nuances qui conviennent \u00e0 toutes les carnations :<\/p>\n<p style=\"text-align: justify;\">Id\u00e9al pour toutes les carnations, ce fond de teint diaphane se fixe en douceur et offre un fini mat et soyeux, invisible.<br \/>\nLa dentelle convient aux teints moyens.<br \/>\nBanana Light convient aux peaux claires, avec des propri\u00e9t\u00e9s \u00e9claircissantes suppl\u00e9mentaires.<br \/>\nLa banane convient aux teints moyens et \u00e9claircit le teint.<br \/>\nLe Banana Dip est id\u00e9al pour \u00e9claircir les peaux moyennes \u00e0 fonc\u00e9es.<br \/>\nBanana Brighten est notre poudre de banane la plus vendue avec des accents dor\u00e9s.<br \/>\nLes teintes fonc\u00e9es conviennent mieux aux peaux de plus en plus fonc\u00e9es.<\/p>\n<p dir=\"ltr\" style=\"text-align: center;\">Makeup Revolution Banana Brighten Poudre \u00e0 lever en vrac<\/p>","protected":false},"excerpt":{"rendered":"<p>\u0627\u062e\u0628\u0632\u064a\u0647\u0627 \u062d\u062a\u0649 \u062a\u062a\u0642\u0646\u064a\u0647\u0627!\u00a0\u0627\u0644\u0645\u0643\u0648\u0646 \u0627\u0644\u0633\u0631\u064a \u0627\u0644\u0630\u064a \u062a\u062d\u062a\u0627\u062c\u064a\u0646\u0647 \u0644\u062a\u0641\u062a\u064a\u062d \u0648\u0625\u062e\u0641\u0627\u0621 \u0648\u062a\u062b\u0628\u064a\u062a \u0627\u0644\u0645\u0643\u064a\u0627\u062c. \u062a\u064f\u0639\u062f\u0651 \u0628\u0648\u062f\u0631\u0629 \u0627\u0644\u062e\u0628\u0632 \u0627\u0644\u0633\u0627\u0626\u0628\u0629 \u0645\u0646 \u0623\u0643\u062b\u0631 \u0645\u0646\u062a\u062c\u0627\u062a \u0631\u064a\u0641\u0648\u0644\u064a\u0648\u0634\u0646 \u0631\u0648\u0627\u062c\u064b\u0627 \u0648\u0627\u0646\u062a\u0634\u0627\u0631\u064b\u0627\u060c \u062d\u064a\u062b \u062a\u064f\u0642\u062f\u0651\u0645 \u0646\u062a\u0627\u0626\u062c \u0644\u0627 \u062a\u064f\u0636\u0627\u0647\u0649 \u0641\u064a \u062a\u062b\u0628\u064a\u062a \u0627\u0644\u0645\u0643\u064a\u0627\u062c\u060c \u0648\u062b\u0628\u0627\u062a\u0647 \u0637\u0648\u064a\u0644 \u0627\u0644\u0623\u0645\u062f\u060c \u0648\u0625\u0632\u0627\u0644\u0629 \u0627\u0644\u0644\u0645\u0639\u0627\u0646\u060c \u0648\u0645\u0648\u0627\u0632\u0646\u0629 \u0644\u0648\u0646 \u0627\u0644\u0628\u0634\u0631\u0629! \u0627\u0644\u0641\u0648\u0627\u0626\u062f \u0627\u0644\u0631\u0626\u064a\u0633\u064a\u0629 :\u00a0\u0625\u0646\u0647\u0627 \u0627\u0644\u062e\u0637\u0648\u0629 \u0627\u0644\u0623\u062e\u064a\u0631\u0629 \u063a\u064a\u0631 \u0627\u0644\u0645\u0631\u0626\u064a\u0629 \u0641\u064a \u0631\u0648\u062a\u064a\u0646 \u0645\u0643\u064a\u0627\u062c\u0643\u0650\u060c \u0648\u0627\u0644\u062a\u064a \u062a\u064f\u0636\u0641\u064a \u0639\u0644\u0649 \u0625\u0637\u0644\u0627\u0644\u062a\u0643\u0650 \u0631\u0648\u0646\u0642\u064b\u0627 \u062e\u0627\u0635\u064b\u0627! \u062a\u062a\u0645\u064a\u0632 \u0647\u0630\u0647 \u0627\u0644\u0645\u062c\u0645\u0648\u0639\u0629 [&hellip;]<\/p>\n","protected":false},"featured_media":27341,"template":"","meta":[],"pwb-brand":[754],"product_brand":[],"product_cat":[1172],"product_tag":[],"class_list":{"0":"post-27335","1":"product","2":"type-product","3":"status-publish","4":"has-post-thumbnail","6":"pwb-brand-revolution","7":"product_cat-powder-makeup","9":"first","10":"instock","11":"shipping-taxable","12":"purchasable","13":"product-type-variable","14":"has-default-attributes","15":"wvs-archive-product-wrapper"},"brands":[{"id":754,"name":"Revolution","slug":"revolution"}],"_links":{"self":[{"href":"https:\/\/gopinkish.com\/fr\/wp-json\/wp\/v2\/product\/27335","targetHints":{"allow":["GET"]}}],"collection":[{"href":"https:\/\/gopinkish.com\/fr\/wp-json\/wp\/v2\/product"}],"about":[{"href":"https:\/\/gopinkish.com\/fr\/wp-json\/wp\/v2\/types\/product"}],"wp:featuredmedia":[{"embeddable":true,"href":"https:\/\/gopinkish.com\/fr\/wp-json\/wp\/v2\/media\/27341"}],"wp:attachment":[{"href":"https:\/\/gopinkish.com\/fr\/wp-json\/wp\/v2\/media?parent=27335"}],"wp:term":[{"taxonomy":"pwb-brand","embeddable":true,"href":"https:\/\/gopinkish.com\/fr\/wp-json\/wp\/v2\/pwb-brand?post=27335"},{"taxonomy":"product_brand","embeddable":true,"href":"https:\/\/gopinkish.com\/fr\/wp-json\/wp\/v2\/product_brand?post=27335"},{"taxonomy":"product_cat","embeddable":true,"href":"https:\/\/gopinkish.com\/fr\/wp-json\/wp\/v2\/product_cat?post=27335"},{"taxonomy":"product_tag","embeddable":true,"href":"https:\/\/gopinkish.com\/fr\/wp-json\/wp\/v2\/product_tag?post=27335"}],"curies":[{"name":"wp","href":"https:\/\/api.w.org\/{rel}","templated":true}]}}