{"id":27303,"date":"2025-06-04T20:37:09","date_gmt":"2025-06-04T19:37:09","guid":{"rendered":"https:\/\/gopinkish.com\/?post_type=product&#038;p=27303"},"modified":"2025-08-12T15:03:40","modified_gmt":"2025-08-12T14:03:40","slug":"3600531694180","status":"publish","type":"product","link":"https:\/\/gopinkish.com\/fr\/produit\/3600531694180\/","title":{"rendered":"Fard \u00e0 joues ensoleill\u00e9 pour un \u00e9clat naturel de 12 heures"},"content":{"rendered":"<p style=\"text-align: justify;\">\u0623\u062d\u0645\u0631 \u062e\u062f\u0648\u062f \u0633\u0646\u0643\u064a\u0633\u0631 \u064a\u0645\u0646\u062d\u0643\u0650 \u062e\u062f\u0648\u062f\u064b\u0627 \u0645\u0634\u0645\u0633\u0629 \u062a\u062f\u0648\u0645 \u0637\u0648\u064a\u0644\u064b\u0627\u060c \u0627\u0644\u0622\u0646 \u0628\u0644\u0645\u0633\u0629 \u0646\u0647\u0627\u0626\u064a\u0629 \u0645\u0637\u0641\u064a\u0629 \u062c\u062f\u064a\u062f\u0629. \u062a\u0631\u0643\u064a\u0628\u062a\u0647 \u0633\u0647\u0644\u0629 \u0627\u0644\u062f\u0645\u062c \u0648\u0627\u0644\u0628\u0646\u0627\u0621\u060c \u062a\u0630\u0648\u0628 \u0639\u0644\u0649 \u0627\u0644\u0628\u0634\u0631\u0629 \u0644\u0625\u0634\u0631\u0627\u0642\u0629 \u0637\u0628\u064a\u0639\u064a\u0629 \u062a\u062f\u0648\u0645 \u062d\u062a\u0649 12 \u0633\u0627\u0639\u0629. \u0645\u062a\u0648\u0641\u0631 \u0628\u0640 16 \u0644\u0648\u0646\u064b\u0627 \u0645\u062a\u0639\u062f\u062f \u0627\u0644\u0627\u0633\u062a\u062e\u062f\u0627\u0645\u0627\u062a \u0645\u0646 \u0623\u062d\u0645\u0631 \u0627\u0644\u062e\u062f\u0648\u062f \u0648\u0627\u0644\u0628\u0631\u0648\u0646\u0632\u064a\u061b \u0627\u0645\u0632\u062c\u064a \u0648\u0646\u0633\u0642\u064a \u0644\u062a\u062d\u0635\u0644\u064a \u0639\u0644\u0649 \u0623\u064a \u0625\u0637\u0644\u0627\u0644\u0629\u060c \u0645\u0646 \u0627\u062d\u0645\u0631\u0627\u0631 \u0637\u0628\u064a\u0639\u064a \u0625\u0644\u0649 \u062a\u0648\u0647\u062c \u062f\u0627\u062e\u0644\u064a \u0639\u0645\u064a\u0642.<\/p>\n<p><strong>Caract\u00e9ristiques<\/strong>: \u0642\u0627\u0628\u0644\u0629 \u0644\u0644\u0628\u0646\u0627\u0621\u060c \u0642\u0627\u0628\u0644\u0629 \u0644\u0644\u0645\u0632\u062c\u060c \u063a\u064a\u0631 \u0643\u0648\u0645\u064a\u062f\u0648\u063a\u064a\u0646\u064a\u0643\u060c \u0639\u0627\u0644\u064a\u0629 \u0627\u0644\u062a\u0635\u0628\u063a\u060c \u063a\u064a\u0631 \u0644\u0632\u062c\u0629.<\/p>\n<p dir=\"ltr\" style=\"text-align: center;\">Maybelline Sunkisser Matte Liquid Blush<\/p>\n<p>&nbsp;<\/p>","protected":false},"excerpt":{"rendered":"<p>\u0623\u062d\u0645\u0631 \u062e\u062f\u0648\u062f \u0633\u0646\u0643\u064a\u0633\u0631 \u064a\u0645\u0646\u062d\u0643\u0650 \u062e\u062f\u0648\u062f\u064b\u0627 \u0645\u0634\u0645\u0633\u0629 \u062a\u062f\u0648\u0645 \u0637\u0648\u064a\u0644\u064b\u0627\u060c \u0627\u0644\u0622\u0646 \u0628\u0644\u0645\u0633\u0629 \u0646\u0647\u0627\u0626\u064a\u0629 \u0645\u0637\u0641\u064a\u0629 \u062c\u062f\u064a\u062f\u0629. \u062a\u0631\u0643\u064a\u0628\u062a\u0647 \u0633\u0647\u0644\u0629 \u0627\u0644\u062f\u0645\u062c \u0648\u0627\u0644\u0628\u0646\u0627\u0621\u060c \u062a\u0630\u0648\u0628 \u0639\u0644\u0649 \u0627\u0644\u0628\u0634\u0631\u0629 \u0644\u0625\u0634\u0631\u0627\u0642\u0629 \u0637\u0628\u064a\u0639\u064a\u0629 \u062a\u062f\u0648\u0645 \u062d\u062a\u0649 12 \u0633\u0627\u0639\u0629. \u0645\u062a\u0648\u0641\u0631 \u0628\u0640 16 \u0644\u0648\u0646\u064b\u0627 \u0645\u062a\u0639\u062f\u062f \u0627\u0644\u0627\u0633\u062a\u062e\u062f\u0627\u0645\u0627\u062a \u0645\u0646 \u0623\u062d\u0645\u0631 \u0627\u0644\u062e\u062f\u0648\u062f \u0648\u0627\u0644\u0628\u0631\u0648\u0646\u0632\u064a\u061b \u0627\u0645\u0632\u062c\u064a \u0648\u0646\u0633\u0642\u064a \u0644\u062a\u062d\u0635\u0644\u064a \u0639\u0644\u0649 \u0623\u064a \u0625\u0637\u0644\u0627\u0644\u0629\u060c \u0645\u0646 \u0627\u062d\u0645\u0631\u0627\u0631 \u0637\u0628\u064a\u0639\u064a \u0625\u0644\u0649 \u062a\u0648\u0647\u062c \u062f\u0627\u062e\u0644\u064a \u0639\u0645\u064a\u0642. \u0627\u0644\u0645\u0645\u064a\u0632\u0627\u062a: \u0642\u0627\u0628\u0644\u0629 \u0644\u0644\u0628\u0646\u0627\u0621\u060c \u0642\u0627\u0628\u0644\u0629 \u0644\u0644\u0645\u0632\u062c\u060c \u063a\u064a\u0631 [&hellip;]<\/p>\n","protected":false},"featured_media":27304,"template":"","meta":[],"pwb-brand":[238],"product_brand":[],"product_cat":[1169],"product_tag":[],"class_list":{"0":"post-27303","1":"product","2":"type-product","3":"status-publish","4":"has-post-thumbnail","6":"pwb-brand-maybelline-new-york","7":"product_cat-blush-makeup","9":"first","10":"outofstock","11":"shipping-taxable","12":"product-type-variable","13":"has-default-attributes","14":"wvs-archive-product-wrapper"},"brands":[{"id":238,"name":"Maybelline New York","slug":"maybelline-new-york"}],"_links":{"self":[{"href":"https:\/\/gopinkish.com\/fr\/wp-json\/wp\/v2\/product\/27303","targetHints":{"allow":["GET"]}}],"collection":[{"href":"https:\/\/gopinkish.com\/fr\/wp-json\/wp\/v2\/product"}],"about":[{"href":"https:\/\/gopinkish.com\/fr\/wp-json\/wp\/v2\/types\/product"}],"wp:featuredmedia":[{"embeddable":true,"href":"https:\/\/gopinkish.com\/fr\/wp-json\/wp\/v2\/media\/27304"}],"wp:attachment":[{"href":"https:\/\/gopinkish.com\/fr\/wp-json\/wp\/v2\/media?parent=27303"}],"wp:term":[{"taxonomy":"pwb-brand","embeddable":true,"href":"https:\/\/gopinkish.com\/fr\/wp-json\/wp\/v2\/pwb-brand?post=27303"},{"taxonomy":"product_brand","embeddable":true,"href":"https:\/\/gopinkish.com\/fr\/wp-json\/wp\/v2\/product_brand?post=27303"},{"taxonomy":"product_cat","embeddable":true,"href":"https:\/\/gopinkish.com\/fr\/wp-json\/wp\/v2\/product_cat?post=27303"},{"taxonomy":"product_tag","embeddable":true,"href":"https:\/\/gopinkish.com\/fr\/wp-json\/wp\/v2\/product_tag?post=27303"}],"curies":[{"name":"wp","href":"https:\/\/api.w.org\/{rel}","templated":true}]}}