{"id":27210,"date":"2025-06-04T13:50:53","date_gmt":"2025-06-04T12:50:53","guid":{"rendered":"https:\/\/gopinkish.com\/?post_type=product&#038;p=27210"},"modified":"2026-03-10T10:38:45","modified_gmt":"2026-03-10T09:38:45","slug":"3337871330286","status":"publish","type":"product","link":"https:\/\/gopinkish.com\/fr\/produit\/3337871330286\/","title":{"rendered":"Shampooing th\u00e9rapeutique antipelliculaire et anti-d\u00e9mangeaisons pour cheveux gras"},"content":{"rendered":"<p style=\"text-align: justify;\"><!--StartFragment --><\/p>\n<p style=\"text-align: justify;\">\u0634\u0627\u0645\u0628\u0648 \u0639\u0644\u0627\u062c\u064a \u0645\u062e\u0635\u0635 \u0644\u0644\u0634\u0639\u0631 \u0627\u0644\u0639\u0627\u062f\u064a \u0625\u0644\u0649 \u0627\u0644\u062f\u0647\u0646\u064a \u0648\u0641\u0631\u0648\u0629 \u0627\u0644\u0631\u0623\u0633 \u0627\u0644\u0645\u0639\u0631\u0636\u0629 \u0644\u0644\u0642\u0634\u0631\u0629. \u064a\u062d\u062a\u0648\u064a \u0639\u0644\u0649 Selenium Disulfide \u0643\u0645\u0643\u0648\u0651\u0646 \u0641\u0639\u0651\u0627\u0644 \u0645\u0636\u0627\u062f \u0644\u0644\u0641\u0637\u0631\u064a\u0627\u062a\u060c \u0625\u0644\u0649 \u062c\u0627\u0646\u0628 \u062d\u0645\u0636 \u0627\u0644\u0633\u0627\u0644\u064a\u0633\u064a\u0644\u064a\u0643 \u0648\u0627\u0644\u062c\u0644\u0633\u0631\u064a\u0646 \u0644\u062a\u0631\u0637\u064a\u0628 \u0627\u0644\u0634\u0639\u0631 \u0648\u062a\u0646\u0638\u064a\u0641 \u0641\u0631\u0648\u0629 \u0627\u0644\u0631\u0623\u0633 \u0628\u0639\u0645\u0642. \u0627\u0644\u062a\u0631\u0643\u064a\u0628\u0629 \u062a\u0639\u0645\u0644 \u0639\u0644\u0649 \u0627\u0644\u0642\u0636\u0627\u0621 \u0639\u0644\u0649 \u0627\u0644\u0642\u0634\u0631\u0629 \u0627\u0644\u0645\u0631\u0626\u064a\u0629 \u0645\u0646 \u0623\u0648\u0644 \u0627\u0633\u062a\u062e\u062f\u0627\u0645\u060c \u0648\u062a\u0648\u0641\u0631 \u062d\u0645\u0627\u064a\u0629 \u0645\u0636\u0627\u062f\u0629 \u0644\u0639\u0648\u062f\u062a\u0647\u0627 \u0644\u0645\u062f\u0629 \u062a\u0635\u0644 \u0625\u0644\u0649 6 \u0623\u0633\u0627\u0628\u064a\u0639.<\/p>\n<p style=\"text-align: justify;\"><strong>Principaux ingr\u00e9dients et caract\u00e9ristiques :<\/strong><br \/>\n- Disulfure de s\u00e9l\u00e9nium : \u00c9limine les pellicules et inhibe la croissance du champignon qui en est la cause.<br \/>\n- Acide salicylique : Aide \u00e0 exfolier en douceur et \u00e0 \u00e9liminer les cellules mortes.<br \/>\n\u2022 \u0627\u0644\u062c\u0644\u0633\u0631\u064a\u0646: \u064a\u0645\u0646\u062d \u062a\u0631\u0637\u064a\u0628\u064b\u0627 \u0644\u0644\u0634\u0639\u0631 \u0648\u0641\u0631\u0648\u0629 \u0627\u0644\u0631\u0623\u0633.<br \/>\n\u2022 \u062a\u0631\u0643\u064a\u0628\u0629 \u062a\u0646\u0638\u064a\u0641 \u0639\u0645\u064a\u0642 \u062a\u0646\u0627\u0633\u0628 \u0627\u0644\u0634\u0639\u0631 \u0627\u0644\u0639\u0627\u062f\u064a \u0625\u0644\u0649 \u0627\u0644\u062f\u0647\u0646\u064a.<br \/>\n\u2022 \u062e\u0627\u0644 \u0645\u0646 \u0627\u0644\u0628\u0627\u0631\u0627\u0628\u064a\u0646.<\/p>\n<p style=\"text-align: justify;\"><strong>Principales caract\u00e9ristiques et avantages :<\/strong><br \/>\n- Enl\u00e8ve jusqu'\u00e0 100% de placage visible d\u00e8s la premi\u00e8re utilisation.<br \/>\n- L'efficacit\u00e9 antipelliculaire dure jusqu'\u00e0 6 semaines.<br \/>\n- Soulage les d\u00e9mangeaisons et les irritations associ\u00e9es aux pellicules.<br \/>\n\u2022 \u064a\u0645\u0646\u062d \u0631\u0627\u062d\u0629 \u0644\u0641\u0631\u0648\u0629 \u0627\u0644\u0631\u0623\u0633 \u0627\u0644\u062f\u0647\u0646\u064a\u0629 \u0623\u0648 \u0627\u0644\u0639\u0627\u062f\u064a\u0629.<br \/>\n- Laboratoire sous contr\u00f4le dermatologique et efficacit\u00e9 cliniquement prouv\u00e9e.<\/p>\n<p dir=\"ltr\" style=\"text-align: center;\">\u200e\ud83c\uddec\ud83c\udde7 Dercos Anti\u2011Dandruff Shampoo (Normal to Oily Hair) \u2013 Eliminates Flakes, Soothes Itchy Scalp, 6\u2011Week Anti\u2011Relapse<br \/>\n\u200e\ud83c\uddeb\ud83c\uddf7 Dercos Shampooing Dermatologique Antipelliculaire (Cheveux Normaux \u00e0 Gras) \u2013 \u00c9limine les Pellicules, Apaise le Cuir Chevelu, Action Anti\u2011Rechute 6 Semaines<!--EndFragment --><\/p>","protected":false},"excerpt":{"rendered":"<p>\u0634\u0627\u0645\u0628\u0648 \u0639\u0644\u0627\u062c\u064a \u0645\u062e\u0635\u0635 \u0644\u0644\u0634\u0639\u0631 \u0627\u0644\u0639\u0627\u062f\u064a \u0625\u0644\u0649 \u0627\u0644\u062f\u0647\u0646\u064a \u0648\u0641\u0631\u0648\u0629 \u0627\u0644\u0631\u0623\u0633 \u0627\u0644\u0645\u0639\u0631\u0636\u0629 \u0644\u0644\u0642\u0634\u0631\u0629. \u064a\u062d\u062a\u0648\u064a \u0639\u0644\u0649 Selenium Disulfide \u0643\u0645\u0643\u0648\u0651\u0646 \u0641\u0639\u0651\u0627\u0644 \u0645\u0636\u0627\u062f \u0644\u0644\u0641\u0637\u0631\u064a\u0627\u062a\u060c \u0625\u0644\u0649 \u062c\u0627\u0646\u0628 \u062d\u0645\u0636 \u0627\u0644\u0633\u0627\u0644\u064a\u0633\u064a\u0644\u064a\u0643 \u0648\u0627\u0644\u062c\u0644\u0633\u0631\u064a\u0646 \u0644\u062a\u0631\u0637\u064a\u0628 \u0627\u0644\u0634\u0639\u0631 \u0648\u062a\u0646\u0638\u064a\u0641 \u0641\u0631\u0648\u0629 \u0627\u0644\u0631\u0623\u0633 \u0628\u0639\u0645\u0642. \u0627\u0644\u062a\u0631\u0643\u064a\u0628\u0629 \u062a\u0639\u0645\u0644 \u0639\u0644\u0649 \u0627\u0644\u0642\u0636\u0627\u0621 \u0639\u0644\u0649 \u0627\u0644\u0642\u0634\u0631\u0629 \u0627\u0644\u0645\u0631\u0626\u064a\u0629 \u0645\u0646 \u0623\u0648\u0644 \u0627\u0633\u062a\u062e\u062f\u0627\u0645\u060c \u0648\u062a\u0648\u0641\u0631 \u062d\u0645\u0627\u064a\u0629 \u0645\u0636\u0627\u062f\u0629 \u0644\u0639\u0648\u062f\u062a\u0647\u0627 \u0644\u0645\u062f\u0629 \u062a\u0635\u0644 \u0625\u0644\u0649 6 \u0623\u0633\u0627\u0628\u064a\u0639. \u0627\u0644\u0645\u0643\u0648\u0646\u0627\u062a \u0648\u0627\u0644\u062e\u0635\u0627\u0626\u0635 \u0627\u0644\u0631\u0626\u064a\u0633\u064a\u0629: \u2022 Selenium Disulfide: [&hellip;]<\/p>\n","protected":false},"featured_media":27212,"template":"","meta":[],"pwb-brand":[243],"product_brand":[],"product_cat":[1148,1229],"product_tag":[1436,691],"class_list":{"0":"post-27210","1":"product","2":"type-product","3":"status-publish","4":"has-post-thumbnail","6":"pwb-brand-vichy","7":"product_cat-hair-shampoo","8":"product_cat-hair-treatment","9":"product_tag-1436","10":"product_tag-dandruff","12":"first","13":"outofstock","14":"shipping-taxable","15":"product-type-variable","16":"has-default-attributes","17":"wvs-archive-product-wrapper"},"brands":[{"id":243,"name":"Vichy","slug":"vichy"}],"_links":{"self":[{"href":"https:\/\/gopinkish.com\/fr\/wp-json\/wp\/v2\/product\/27210","targetHints":{"allow":["GET"]}}],"collection":[{"href":"https:\/\/gopinkish.com\/fr\/wp-json\/wp\/v2\/product"}],"about":[{"href":"https:\/\/gopinkish.com\/fr\/wp-json\/wp\/v2\/types\/product"}],"wp:featuredmedia":[{"embeddable":true,"href":"https:\/\/gopinkish.com\/fr\/wp-json\/wp\/v2\/media\/27212"}],"wp:attachment":[{"href":"https:\/\/gopinkish.com\/fr\/wp-json\/wp\/v2\/media?parent=27210"}],"wp:term":[{"taxonomy":"pwb-brand","embeddable":true,"href":"https:\/\/gopinkish.com\/fr\/wp-json\/wp\/v2\/pwb-brand?post=27210"},{"taxonomy":"product_brand","embeddable":true,"href":"https:\/\/gopinkish.com\/fr\/wp-json\/wp\/v2\/product_brand?post=27210"},{"taxonomy":"product_cat","embeddable":true,"href":"https:\/\/gopinkish.com\/fr\/wp-json\/wp\/v2\/product_cat?post=27210"},{"taxonomy":"product_tag","embeddable":true,"href":"https:\/\/gopinkish.com\/fr\/wp-json\/wp\/v2\/product_tag?post=27210"}],"curies":[{"name":"wp","href":"https:\/\/api.w.org\/{rel}","templated":true}]}}