{"id":27190,"date":"2025-06-04T01:52:23","date_gmt":"2025-06-04T00:52:23","guid":{"rendered":"https:\/\/gopinkish.com\/?post_type=product&#038;p=27190"},"modified":"2026-02-24T17:36:41","modified_gmt":"2026-02-24T16:36:41","slug":"8809647391609","status":"publish","type":"product","link":"https:\/\/gopinkish.com\/fr\/produit\/8809647391609\/","title":{"rendered":"\u00c9cran solaire min\u00e9ral apaisant, hydratant et adoucissant pour une protection maximale"},"content":{"rendered":"<p style=\"text-align: justify;\">La cr\u00e8me min\u00e9rale apaisante et lissante Trosica de Som by Me est un \u00e9cran solaire apaisant contre les rayons UVA et UVB.<\/p>\n<p style=\"text-align: justify;\">Cette cr\u00e8me solaire \u00e0 large spectre (SPF50+ PA+++) contient 85% d'essence hydratante et est l\u00e9g\u00e8re et douce pour la peau gr\u00e2ce au complexe Trosica (10 000 ppm) contenant des extraits de Centella Asiatica, d'arbre \u00e0 th\u00e9, d'huile de lavande, d'armoise et d'absinthe, qui contr\u00f4lent la production de s\u00e9bum et maintiennent la peau nette.<\/p>\n<p style=\"text-align: justify;\">La cr\u00e8me contribue \u00e9galement \u00e0 att\u00e9nuer les rides et \u00e0 \u00e9claircir la peau. Ne laisse pas de cercles blancs.<\/p>\n<p style=\"text-align: justify;\">Con\u00e7u pour les peaux \u00e0 probl\u00e8mes, en particulier les peaux grasses et les peaux grasses, impures\/acn\u00e9iques.<\/p>\n<p dir=\"ltr\" style=\"text-align: center;\">\ud83c\uddec\ud83c\udde7 Some By Mi Truecica Mineral Calming Tone-Up Suncream SPF50+ PA++++<br \/>\n\ud83c\uddeb\ud83c\uddf7 Cr\u00e8me Solaire Min\u00e9rale Apaisante \u00c9claircissante Some By Mi Truecica SPF50+ PA++++<\/p>","protected":false},"excerpt":{"rendered":"<p><span style=\"color: #ff0000;\"><strong>Date d'expiration du produit mai 2026<\/strong><\/span><\/p>","protected":false},"featured_media":27193,"template":"","meta":[],"pwb-brand":[735],"product_brand":[],"product_cat":[1121,1225,1144],"product_tag":[763,717],"class_list":{"0":"post-27190","1":"product","2":"type-product","3":"status-publish","4":"has-post-thumbnail","6":"pwb-brand-somebymi","7":"product_cat-face-moist","8":"product_cat-sale","9":"product_cat-face-sunscreen","10":"product_tag-korean-product-2","11":"product_tag-717","13":"first","14":"instock","15":"sale","16":"shipping-taxable","17":"purchasable","18":"product-type-variable","19":"has-default-attributes","20":"wvs-archive-product-wrapper"},"brands":[{"id":735,"name":"Some By Mi","slug":"somebymi"}],"_links":{"self":[{"href":"https:\/\/gopinkish.com\/fr\/wp-json\/wp\/v2\/product\/27190","targetHints":{"allow":["GET"]}}],"collection":[{"href":"https:\/\/gopinkish.com\/fr\/wp-json\/wp\/v2\/product"}],"about":[{"href":"https:\/\/gopinkish.com\/fr\/wp-json\/wp\/v2\/types\/product"}],"wp:featuredmedia":[{"embeddable":true,"href":"https:\/\/gopinkish.com\/fr\/wp-json\/wp\/v2\/media\/27193"}],"wp:attachment":[{"href":"https:\/\/gopinkish.com\/fr\/wp-json\/wp\/v2\/media?parent=27190"}],"wp:term":[{"taxonomy":"pwb-brand","embeddable":true,"href":"https:\/\/gopinkish.com\/fr\/wp-json\/wp\/v2\/pwb-brand?post=27190"},{"taxonomy":"product_brand","embeddable":true,"href":"https:\/\/gopinkish.com\/fr\/wp-json\/wp\/v2\/product_brand?post=27190"},{"taxonomy":"product_cat","embeddable":true,"href":"https:\/\/gopinkish.com\/fr\/wp-json\/wp\/v2\/product_cat?post=27190"},{"taxonomy":"product_tag","embeddable":true,"href":"https:\/\/gopinkish.com\/fr\/wp-json\/wp\/v2\/product_tag?post=27190"}],"curies":[{"name":"wp","href":"https:\/\/api.w.org\/{rel}","templated":true}]}}