{"id":27165,"date":"2025-06-04T01:22:21","date_gmt":"2025-06-04T00:22:21","guid":{"rendered":"https:\/\/gopinkish.com\/?post_type=product&#038;p=27165"},"modified":"2026-04-28T09:59:32","modified_gmt":"2026-04-28T08:59:32","slug":"840122905780","status":"publish","type":"product","link":"https:\/\/gopinkish.com\/fr\/produit\/840122905780\/","title":{"rendered":"Huile \u00e0 l\u00e8vres teint\u00e9e, hydratante et nourrissante \u00e0 l'huile de jojoba et aux graines de tournesol"},"content":{"rendered":"<p style=\"text-align: justify;\">Un gel \u00e0 l\u00e8vres innovant qui se transforme en une huile l\u00e9g\u00e8re. Il est d'abord brillant, puis laisse vos l\u00e8vres avec une couleur uniforme, leur donnant un volume agr\u00e9able et confortable tout au long de la journ\u00e9e.<\/p>\n<p style=\"text-align: justify;\">Chouchoutez vos l\u00e8vres avec plus d'amour - cette formule gel unique se transforme au contact en une huile teint\u00e9e pour une touche de couleur et de brillance que vous n'avez jamais ressentie auparavant.<\/p>\n<p style=\"text-align: justify;\">Il ne colle jamais et adore \u00eatre superpos\u00e9 ! Appliquez-le une fois pour une touche de couleur douce, ou appliquez plusieurs couches pour un look audacieux et spectaculaire.<\/p>\n<p style=\"text-align: justify;\">Compos\u00e9 d'huile de jojoba et de graines de tournesol, il hydrate et nourrit instantan\u00e9ment les l\u00e8vres pour les rendre douces et lisses et leur donner une sensation d'hydratation tout au long de la journ\u00e9e.<\/p>\n<p style=\"text-align: justify;\">Repulpe d\u00e9licatement les l\u00e8vres pour leur donner un aspect plus pulpeux et plus sain en quelques secondes.<\/p>\n<p style=\"text-align: justify;\">Applicateur plat et angulaire en forme de cerf pour une utilisation et un d\u00e9filement faciles.<\/p>\n<p dir=\"ltr\" style=\"text-align: center;\">Rare Beauty by Selena Gomez Huile \u00e0 l\u00e8vres teint\u00e9e Soft Pinch<\/p>","protected":false},"excerpt":{"rendered":"<p>\u062c\u064a\u0644\u064a \u0634\u0641\u0627\u0647 \u0645\u0628\u062a\u0643\u0631 \u064a\u062a\u062d\u0648\u0644 \u0625\u0644\u0649 \u0632\u064a\u062a \u062e\u0641\u064a\u0641. \u064a\u0628\u062f\u0623 \u0644\u0627\u0645\u0639\u064b\u0627\u060c \u062b\u0645 \u064a\u062a\u0631\u0643 \u0634\u0641\u062a\u064a\u0643 \u0628\u0644\u0648\u0646 \u0645\u0648\u062d\u062f\u060c \u0648\u064a\u0645\u0646\u062d\u0647\u0645\u0627 \u0627\u0645\u062a\u0644\u0627\u0621\u064b \u0644\u0637\u064a\u0641\u064b\u0627 \u0648\u0645\u0631\u064a\u062d\u064b\u0627 \u0637\u0648\u0627\u0644 \u0627\u0644\u064a\u0648\u0645. \u062f\u0644\u0644\u064a \u0634\u0641\u062a\u064a\u0643\u0650 \u0628\u0645\u0632\u064a\u062f \u0645\u0646 \u0627\u0644\u062d\u0628 &#8211; \u062a\u0631\u0643\u064a\u0628\u0629 \u0627\u0644\u062c\u0644 \u0627\u0644\u0641\u0631\u064a\u062f\u0629 \u0647\u0630\u0647 \u062a\u062a\u062d\u0648\u0644 \u0639\u0646\u062f \u0645\u0644\u0627\u0645\u0633\u062a\u0647\u0627 \u0625\u0644\u0649 \u0632\u064a\u062a \u0645\u0644\u0648\u0646 \u0644\u062a\u0645\u0646\u062d\u0643\u0650 \u0644\u0645\u0633\u0629 \u0644\u0648\u0646 \u0648\u0644\u0645\u0639\u0627\u0646 \u0644\u0645 \u062a\u0634\u0639\u0631\u064a \u0628\u0647\u0645\u0627 \u0645\u0646 \u0642\u0628\u0644. \u0644\u0627 \u064a\u0644\u062a\u0635\u0642 \u0623\u0628\u062f\u064b\u0627 \u0648\u064a\u062d\u0628 \u0648\u0636\u0639\u0647 \u0639\u0644\u0649 \u0637\u0628\u0642\u0627\u062a! \u0645\u0631\u0631\u064a\u0647 \u0645\u0631\u0629 \u0648\u0627\u062d\u062f\u0629 [&hellip;]<\/p>\n","protected":false},"featured_media":27170,"template":"","meta":[],"pwb-brand":[1443],"product_brand":[],"product_cat":[1181,1177,1180],"product_tag":[],"class_list":{"0":"post-27165","1":"product","2":"type-product","3":"status-publish","4":"has-post-thumbnail","6":"pwb-brand-rare-beauty","7":"product_cat-liquid-lipstick-makeup","8":"product_cat-lips-balm-makeup","9":"product_cat-lips-gloss-makeup","11":"first","12":"instock","13":"shipping-taxable","14":"purchasable","15":"product-type-variable","16":"has-default-attributes","17":"wvs-archive-product-wrapper"},"brands":[{"id":1443,"name":"Rare Beauty","slug":"une-beaute-rare"}],"_links":{"self":[{"href":"https:\/\/gopinkish.com\/fr\/wp-json\/wp\/v2\/product\/27165","targetHints":{"allow":["GET"]}}],"collection":[{"href":"https:\/\/gopinkish.com\/fr\/wp-json\/wp\/v2\/product"}],"about":[{"href":"https:\/\/gopinkish.com\/fr\/wp-json\/wp\/v2\/types\/product"}],"wp:featuredmedia":[{"embeddable":true,"href":"https:\/\/gopinkish.com\/fr\/wp-json\/wp\/v2\/media\/27170"}],"wp:attachment":[{"href":"https:\/\/gopinkish.com\/fr\/wp-json\/wp\/v2\/media?parent=27165"}],"wp:term":[{"taxonomy":"pwb-brand","embeddable":true,"href":"https:\/\/gopinkish.com\/fr\/wp-json\/wp\/v2\/pwb-brand?post=27165"},{"taxonomy":"product_brand","embeddable":true,"href":"https:\/\/gopinkish.com\/fr\/wp-json\/wp\/v2\/product_brand?post=27165"},{"taxonomy":"product_cat","embeddable":true,"href":"https:\/\/gopinkish.com\/fr\/wp-json\/wp\/v2\/product_cat?post=27165"},{"taxonomy":"product_tag","embeddable":true,"href":"https:\/\/gopinkish.com\/fr\/wp-json\/wp\/v2\/product_tag?post=27165"}],"curies":[{"name":"wp","href":"https:\/\/api.w.org\/{rel}","templated":true}]}}