{"id":27156,"date":"2025-06-04T01:06:34","date_gmt":"2025-06-04T00:06:34","guid":{"rendered":"https:\/\/gopinkish.com\/?post_type=product&#038;p=27156"},"modified":"2025-08-02T13:53:41","modified_gmt":"2025-08-02T12:53:41","slug":"5060150185304","status":"publish","type":"product","link":"https:\/\/gopinkish.com\/fr\/produit\/5060150185304\/","title":{"rendered":"Spray hydratant, lissant et polissant pour cheveux boucl\u00e9s"},"content":{"rendered":"<p style=\"text-align: justify;\">Le spray hydratant Dream Coat Miracle de Colour Wow vous permet d'obtenir des boucles parfaites et sans frisottis.<\/p>\n<p style=\"text-align: justify;\">Cette brume hydratante laisse vos cheveux soyeux, brillants et bien d\u00e9finis. Une formule ultra-l\u00e9g\u00e8re, sans alcool, qui combine tous les avantages des gels, des s\u00e9rums et des cr\u00e8mes en un seul produit. Enrichie de la technologie exclusive Elasta-Flex, un triple m\u00e9lange de polym\u00e8res puissants. Le polym\u00e8re 1 hydrate, adoucit et d\u00e9frise les cheveux.<\/p>\n<p style=\"text-align: justify;\">Le polym\u00e8re 2 restaure l'\u00e9lasticit\u00e9 et la vitalit\u00e9 des cheveux. Le polym\u00e8re 3 maintient les boucles souples et incassables et apporte une brillance sup\u00e9rieure. Tout cela sans aucun poids, de sorte que les boucles restent l\u00e9g\u00e8res et rebondies.<\/p>\n<p style=\"text-align: justify;\">Id\u00e9al pour les cheveux boucl\u00e9s, ondul\u00e9s ou r\u00eaches. Sans silicone, sans parab\u00e8ne, sans sulfate, sans gluten et sans cruaut\u00e9.<\/p>\n<p dir=\"ltr\" style=\"text-align: center;\">Color Wow Dream Coat pour cheveux boucl\u00e9s<\/p>","protected":false},"excerpt":{"rendered":"<p>\u0631\u0630\u0627\u0630 \u062a\u0631\u0637\u064a\u0628 \u0627\u0644\u0634\u0639\u0631 \u0627\u0644\u0645\u0639\u062c\u0632\u0629 &#8220;\u062f\u0631\u064a\u0645 \u0643\u0648\u062a&#8221; \u0645\u0646 &#8220;\u0643\u0648\u0644\u0648\u0631 \u0648\u0627\u0648&#8221; \u064a\u0645\u0646\u062d\u0643\u0650 \u062a\u062c\u0639\u064a\u062f\u0627\u062a \u0634\u0639\u0631 \u0645\u062b\u0627\u0644\u064a\u0629 \u062e\u0627\u0644\u064a\u0629 \u0645\u0646 \u0627\u0644\u062a\u062c\u0639\u062f. \u064a\u062a\u0631\u0643 \u0647\u0630\u0627 \u0627\u0644\u0631\u0630\u0627\u0630 \u0627\u0644\u0645\u0631\u0637\u0628 \u0634\u0639\u0631\u0643\u0650 \u0646\u0627\u0639\u0645\u064b\u0627 \u0643\u0627\u0644\u062d\u0631\u064a\u0631\u060c \u0644\u0627\u0645\u0639\u064b\u0627\u060c \u0648\u0645\u064f\u062d\u062f\u062f\u064b\u0627 \u0628\u062f\u0642\u0629. \u062a\u0631\u0643\u064a\u0628\u0629 \u062e\u0641\u064a\u0641\u0629 \u0644\u0644\u063a\u0627\u064a\u0629 \u0648\u062e\u0627\u0644\u064a\u0629 \u0645\u0646 \u0627\u0644\u0643\u062d\u0648\u0644\u060c \u062a\u062c\u0645\u0639 \u0628\u064a\u0646 \u062c\u0645\u064a\u0639 \u0641\u0648\u0627\u0626\u062f \u0627\u0644\u062c\u0644 \u0648\u0627\u0644\u0633\u064a\u0631\u0648\u0645 \u0648\u0627\u0644\u0643\u0631\u064a\u0645\u0627\u062a \u0641\u064a \u0645\u0646\u062a\u062c \u0648\u0627\u062d\u062f. \u0645\u064f\u0639\u0632\u0632 \u0628\u062a\u0642\u0646\u064a\u0629 &#8220;\u0625\u064a\u0644\u0627\u0633\u062a\u0627-\u0641\u0644\u064a\u0643\u0633&#8221; \u0627\u0644\u062d\u0635\u0631\u064a\u0629\u060c \u0648\u0647\u064a \u0645\u0632\u064a\u062c \u062b\u0644\u0627\u062b\u064a \u0645\u0646 \u0627\u0644\u0628\u0648\u0644\u064a\u0645\u0631\u0627\u062a \u0627\u0644\u0642\u0648\u064a\u0629. \u064a\u064f\u0631\u0637\u0628 \u0627\u0644\u0628\u0648\u0644\u064a\u0645\u0631 1 [&hellip;]<\/p>\n","protected":false},"featured_media":27159,"template":"","meta":[],"pwb-brand":[1442],"product_brand":[],"product_cat":[1157,1149],"product_tag":[1020,1040],"class_list":{"0":"post-27156","1":"product","2":"type-product","3":"status-publish","4":"has-post-thumbnail","6":"pwb-brand-color-wow","7":"product_cat-curly-hair-care","8":"product_cat-hair-cond","9":"product_tag-1020","10":"product_tag-1040","12":"first","13":"instock","14":"shipping-taxable","15":"purchasable","16":"product-type-variable","17":"has-default-attributes","18":"wvs-archive-product-wrapper"},"brands":[{"id":1442,"name":"Color WOW","slug":"couleur-wow"}],"_links":{"self":[{"href":"https:\/\/gopinkish.com\/fr\/wp-json\/wp\/v2\/product\/27156","targetHints":{"allow":["GET"]}}],"collection":[{"href":"https:\/\/gopinkish.com\/fr\/wp-json\/wp\/v2\/product"}],"about":[{"href":"https:\/\/gopinkish.com\/fr\/wp-json\/wp\/v2\/types\/product"}],"wp:featuredmedia":[{"embeddable":true,"href":"https:\/\/gopinkish.com\/fr\/wp-json\/wp\/v2\/media\/27159"}],"wp:attachment":[{"href":"https:\/\/gopinkish.com\/fr\/wp-json\/wp\/v2\/media?parent=27156"}],"wp:term":[{"taxonomy":"pwb-brand","embeddable":true,"href":"https:\/\/gopinkish.com\/fr\/wp-json\/wp\/v2\/pwb-brand?post=27156"},{"taxonomy":"product_brand","embeddable":true,"href":"https:\/\/gopinkish.com\/fr\/wp-json\/wp\/v2\/product_brand?post=27156"},{"taxonomy":"product_cat","embeddable":true,"href":"https:\/\/gopinkish.com\/fr\/wp-json\/wp\/v2\/product_cat?post=27156"},{"taxonomy":"product_tag","embeddable":true,"href":"https:\/\/gopinkish.com\/fr\/wp-json\/wp\/v2\/product_tag?post=27156"}],"curies":[{"name":"wp","href":"https:\/\/api.w.org\/{rel}","templated":true}]}}