{"id":27121,"date":"2025-06-04T00:56:23","date_gmt":"2025-06-03T23:56:23","guid":{"rendered":"https:\/\/gopinkish.com\/?post_type=product&#038;p=27121"},"modified":"2025-08-02T13:48:41","modified_gmt":"2025-08-02T12:48:41","slug":"healthymixs-o-slipoil","status":"publish","type":"product","link":"https:\/\/gopinkish.com\/fr\/produit\/healthymixs-o-slipoil\/","title":{"rendered":"Un baume \u00e0 l\u00e8vres et un gloss non collants \u00e0 la texture soyeuse"},"content":{"rendered":"<p style=\"text-align: justify;\">Si vous souffrez de l\u00e8vres s\u00e8ches, Healthy Mix SOS Lip Oil est la solution parfaite pour vous, hydratante et non collante. Formule v\u00e9g\u00e9talienne, compos\u00e9e de 94% ingr\u00e9dients naturels, enrichie d'huiles nourrissantes d'avocat et de framboise.<\/p>\n<p>- Huile v\u00e9g\u00e9tale non collante \u00e0 la texture soyeuse, elle hydrate et fait briller les l\u00e8vres.<\/p>\n<p>- Enrichi d'huiles nourrissantes d'avocat et de baies, et formul\u00e9 avec du collag\u00e8ne v\u00e9g\u00e9tal et de l'extrait de raisin antioxydant. Formule purement v\u00e9g\u00e9talienne, compos\u00e9e de 94% d'ingr\u00e9dients naturels.<\/p>\n<p>- Il apporte une touche de confort et de douceur \u00e0 vos l\u00e8vres tout en am\u00e9liorant leur aspect naturel.<\/p>\n<p>- R\u00e9sultats visibles apr\u00e8s 7 jours d'utilisation.<\/p>\n<p>- Disponible en cinq couleurs naturelles avec un d\u00e9licieux parfum fruit\u00e9.<\/p>\n<p dir=\"ltr\" style=\"text-align: center;\">Bourjois HEALTHY MIX S.O.S LIP OIL<\/p>","protected":false},"excerpt":{"rendered":"<p>Gu\u00e9rison<\/p>","protected":false},"featured_media":27135,"template":"","meta":[],"pwb-brand":[261],"product_brand":[],"product_cat":[1177,1180],"product_tag":[],"class_list":{"0":"post-27121","1":"product","2":"type-product","3":"status-publish","4":"has-post-thumbnail","6":"pwb-brand-bourjois","7":"product_cat-lips-balm-makeup","8":"product_cat-lips-gloss-makeup","10":"first","11":"instock","12":"shipping-taxable","13":"purchasable","14":"product-type-variable","15":"has-default-attributes","16":"wvs-archive-product-wrapper"},"brands":[{"id":261,"name":"Bourgeois","slug":"bourjois"}],"_links":{"self":[{"href":"https:\/\/gopinkish.com\/fr\/wp-json\/wp\/v2\/product\/27121","targetHints":{"allow":["GET"]}}],"collection":[{"href":"https:\/\/gopinkish.com\/fr\/wp-json\/wp\/v2\/product"}],"about":[{"href":"https:\/\/gopinkish.com\/fr\/wp-json\/wp\/v2\/types\/product"}],"wp:featuredmedia":[{"embeddable":true,"href":"https:\/\/gopinkish.com\/fr\/wp-json\/wp\/v2\/media\/27135"}],"wp:attachment":[{"href":"https:\/\/gopinkish.com\/fr\/wp-json\/wp\/v2\/media?parent=27121"}],"wp:term":[{"taxonomy":"pwb-brand","embeddable":true,"href":"https:\/\/gopinkish.com\/fr\/wp-json\/wp\/v2\/pwb-brand?post=27121"},{"taxonomy":"product_brand","embeddable":true,"href":"https:\/\/gopinkish.com\/fr\/wp-json\/wp\/v2\/product_brand?post=27121"},{"taxonomy":"product_cat","embeddable":true,"href":"https:\/\/gopinkish.com\/fr\/wp-json\/wp\/v2\/product_cat?post=27121"},{"taxonomy":"product_tag","embeddable":true,"href":"https:\/\/gopinkish.com\/fr\/wp-json\/wp\/v2\/product_tag?post=27121"}],"curies":[{"name":"wp","href":"https:\/\/api.w.org\/{rel}","templated":true}]}}