{"id":27007,"date":"2025-05-29T00:02:59","date_gmt":"2025-05-28T23:02:59","guid":{"rendered":"https:\/\/gopinkish.com\/?post_type=product&#038;p=27007"},"modified":"2025-07-16T20:42:33","modified_gmt":"2025-07-16T19:42:33","slug":"071249684993","status":"publish","type":"product","link":"https:\/\/gopinkish.com\/fr\/produit\/071249684993\/","title":{"rendered":"S\u00e9rum anti-cernes \u00e9clatant \u00e0 l'acide hyaluronique"},"content":{"rendered":"<p style=\"text-align: justify;\">\u0639\u0646\u0627\u064a\u0629 \u0628\u0627\u0644\u0628\u0634\u0631\u0629 + \u0645\u0643\u064a\u0627\u062c \u0628\u0644\u0645\u0633\u0629 \u0648\u0627\u062d\u062f\u0629: \u064a\u064f\u0635\u062d\u0651\u062d \u0627\u0644\u0647\u0627\u0644\u0627\u062a \u0627\u0644\u0633\u0648\u062f\u0627\u0621 \u0643\u062e\u0627\u0641\u064a \u0627\u0644\u0639\u064a\u0648\u0628\u060c \u0648\u064a\u064f\u0631\u0637\u0651\u0628\u0647\u0627 \u0643\u0633\u064a\u0631\u0648\u0645 \u0627\u0644\u0639\u064a\u0648\u0646. \u064a\u064f\u0648\u0641\u0651\u0631 \u0643\u0648\u0646\u0633\u064a\u0644\u0631 &#8220;\u062a\u0631\u0648 \u0645\u0627\u062a\u0634 \u0631\u0627\u062f\u064a\u0627\u0646\u062a \u0633\u064a\u0631\u0648\u0645&#8221; \u062a\u063a\u0637\u064a\u0629 \u0641\u0648\u0631\u064a\u0629 \u0644\u0644\u0647\u0627\u0644\u0627\u062a \u0627\u0644\u0633\u0648\u062f\u0627\u0621\u060c \u0648\u064a\u064f\u062e\u0641\u0651\u0641 \u0627\u0646\u062a\u0641\u0627\u062e\u0627\u062a \u0627\u0644\u0639\u064a\u0646 \u0628\u0634\u0643\u0644 \u0648\u0627\u0636\u062d\u060c \u0648\u064a\u064f\u0633\u0627\u0639\u062f \u0639\u0644\u0649 \u0625\u062e\u0641\u0627\u0621 \u0627\u0644\u062e\u0637\u0648\u0637 \u0627\u0644\u062f\u0642\u064a\u0642\u0629. \u062a\u0631\u0643\u064a\u0628\u0629 \u062e\u0641\u064a\u0641\u0629 \u0627\u0644\u0648\u0632\u0646 \u0648\u0645\u0642\u0627\u0648\u0645\u0629 \u0644\u0644\u062a\u062c\u0627\u0639\u064a\u062f\u060c \u063a\u0646\u064a\u0629 \u0628\u0646\u0633\u0628\u0629 1.5% \u0645\u0646 [\u062d\u0645\u0636 \u0627\u0644\u0647\u064a\u0627\u0644\u0648\u0631\u0648\u0646\u064a\u0643 + \u0627\u0644\u0643\u0627\u0641\u064a\u064a\u0646]\u060c \u062a\u064f\u0648\u0641\u0651\u0631 \u062a\u0631\u0637\u064a\u0628\u064b\u0627 \u064a\u062f\u0648\u0645 24 \u0633\u0627\u0639\u0629 \u0648\u062b\u0628\u0627\u062a\u064b\u0627 \u064a\u062f\u0648\u0645 \u0637\u0648\u0627\u0644 \u0627\u0644\u064a\u0648\u0645. \u0623\u062f\u0627\u0629 \u062a\u0648\u0632\u064a\u0639 \u0627\u0644\u0645\u0643\u064a\u0627\u062c \u0633\u0647\u0644\u0629 \u0627\u0644\u0627\u0633\u062a\u062e\u062f\u0627\u0645 \u0630\u0627\u062a \u0627\u0644\u0637\u0631\u0641 \u0627\u0644\u0645\u0633\u0637\u062d \u062a\u064f\u0648\u0641\u0651\u0631 \u062a\u063a\u0637\u064a\u0629 \u0628\u0644\u0645\u0633\u0629 \u0648\u0627\u062d\u062f\u0629 \u0641\u0642\u0637. \u0644\u0628\u0634\u0631\u0629 \u0645\u064f\u0634\u0631\u0642\u0629 \u0648\u0645\u064f\u062a\u0633\u0627\u0648\u064a\u0629 \u062a\u062d\u062a \u0627\u0644\u0639\u064a\u0646 \u0639\u0644\u0649 \u0627\u0644\u0641\u0648\u0631. \u064a\u064f\u0645\u0643\u0646 \u0627\u0633\u062a\u062e\u062f\u0627\u0645 \u0647\u0630\u0627 \u0627\u0644\u0643\u0648\u0646\u0633\u064a\u0644\u0631 \u0645\u064f\u062a\u0639\u062f\u062f \u0627\u0644\u0627\u0633\u062a\u062e\u062f\u0627\u0645\u0627\u062a \u0623\u064a\u0636\u064b\u0627 \u0644\u0625\u0628\u0631\u0627\u0632 \u0648\u062a\u062d\u062f\u064a\u062f \u0627\u0644\u0648\u062c\u0647. \u0645\u064f\u0635\u062d\u0651\u062d \u0644\u0648\u0646 \u0643\u0648\u0646\u0633\u064a\u0644\u0631 &#8220;\u062a\u0631\u0648 \u0645\u0627\u062a\u0634&#8221; \u0644\u0644\u0647\u0627\u0644\u0627\u062a \u0627\u0644\u0633\u0648\u062f\u0627\u0621 \u0645\u064f\u062a\u0648\u0641\u0651\u0631 \u0628\u0640 24 \u062f\u0631\u062c\u0629 \u0644\u0648\u0646 \u062a\u064f\u0634\u0628\u0647 \u0644\u0648\u0646 \u0627\u0644\u0628\u0634\u0631\u0629. \u0645\u064f\u062e\u062a\u064e\u0628\u064e\u0631 \u0645\u0646 \u0642\u0650\u0628\u064e\u0644 \u0623\u0637\u0628\u0627\u0621 \u0627\u0644\u062c\u0644\u062f\u064a\u0629\u060c \u0645\u064f\u0646\u0627\u0633\u0628 \u0644\u0644\u0628\u0634\u0631\u0629 \u0627\u0644\u062d\u0633\u0627\u0633\u0629. \u062a\u0631\u0643\u064a\u0628\u062a\u0647 \u062e\u0627\u0644\u064a\u0629 \u0645\u0646 \u0627\u0644\u0639\u0637\u0648\u0631 \u0648\u0627\u0644\u0628\u0627\u0631\u0627\u0628\u064a\u0646\u060c \u0648\u0644\u0627 \u062a\u064f\u0633\u0628\u0651\u0628 \u0627\u0646\u0633\u062f\u0627\u062f \u0627\u0644\u0645\u0633\u0627\u0645\u060c \u0648\u0646\u0628\u0627\u062a\u064a\u0629.<\/p>\n<p style=\"text-align: justify;\">\u0636\u0639\u064a \u0643\u0648\u0646\u0633\u064a\u0644\u0631 &#8220;\u0631\u0627\u062f\u064a\u0627\u0646\u062a \u0633\u064a\u0631\u0648\u0645&#8221; \u0645\u064f\u0628\u0627\u0634\u0631\u0629\u064b \u0639\u0644\u0649 \u0627\u0644\u0634\u0648\u0627\u0626\u0628\u060c \u0648\u0627\u0645\u0632\u062c\u064a\u0647 \u0628\u0625\u0635\u0628\u0639\u0643 \u0623\u0648 \u0641\u0631\u0634\u0627\u0629 \u0623\u0648 \u0623\u062f\u0627\u0629 \u0627\u0644\u0645\u0632\u062c. \u0646\u0635\u064a\u062d\u0629 \u0627\u062d\u062a\u0631\u0627\u0641\u064a\u0629: \u0644\u0625\u062e\u0641\u0627\u0621 \u0627\u0644\u0647\u0627\u0644\u0627\u062a \u0627\u0644\u0633\u0648\u062f\u0627\u0621 \u0628\u0634\u0643\u0644 \u0645\u062b\u0627\u0644\u064a\u060c \u0636\u0639\u064a\u0647 \u0639\u0644\u0649 \u0634\u0643\u0644 \u0645\u062b\u0644\u062b \u062a\u062d\u062a \u0643\u0644 \u0639\u064a\u0646 \u0648\u0627\u0645\u0632\u062c\u064a\u0647.<\/p>\n<p style=\"text-align: justify;\">\u0645\u064f\u0635\u0645\u0645 \u0628\u062d\u0645\u0636 \u0627\u0644\u0647\u064a\u0627\u0644\u0648\u0631\u0648\u0646\u064a\u0643 \u0648\u0627\u0644\u0643\u0627\u0641\u064a\u064a\u0646<\/p>\n<p style=\"text-align: justify;\">\u0644\u0644\u0627\u0633\u062a\u062e\u062f\u0627\u0645 \u0627\u0644\u062e\u0627\u0631\u062c\u064a \u0641\u0642\u0637. \u062a\u062c\u0646\u0628\u064a \u0645\u0644\u0627\u0645\u0633\u0629 \u0627\u0644\u0639\u064a\u0646\u064a\u0646. \u062a\u0648\u0642\u0641\u064a \u0639\u0646 \u0627\u0644\u0627\u0633\u062a\u062e\u062f\u0627\u0645 \u0641\u064a \u062d\u0627\u0644 \u0638\u0647\u0648\u0631 \u0623\u064a \u0639\u0644\u0627\u0645\u0627\u062a \u062a\u0647\u064a\u062c \u0623\u0648 \u0637\u0641\u062d \u062c\u0644\u062f\u064a. \u064a\u064f\u062d\u0641\u0638 \u0628\u0639\u064a\u062f\u064b\u0627 \u0639\u0646 \u0645\u062a\u0646\u0627\u0648\u0644 \u0627\u0644\u0623\u0637\u0641\u0627\u0644.<\/p>\n","protected":false},"excerpt":{"rendered":"<p>\u0639\u0646\u0627\u064a\u0629 \u0628\u0627\u0644\u0628\u0634\u0631\u0629 + \u0645\u0643\u064a\u0627\u062c \u0628\u0644\u0645\u0633\u0629 \u0648\u0627\u062d\u062f\u0629: \u064a\u064f\u0635\u062d\u0651\u062d \u0627\u0644\u0647\u0627\u0644\u0627\u062a \u0627\u0644\u0633\u0648\u062f\u0627\u0621 \u0643\u062e\u0627\u0641\u064a \u0627\u0644\u0639\u064a\u0648\u0628\u060c \u0648\u064a\u064f\u0631\u0637\u0651\u0628\u0647\u0627 \u0643\u0633\u064a\u0631\u0648\u0645 \u0627\u0644\u0639\u064a\u0648\u0646. \u064a\u064f\u0648\u0641\u0651\u0631 \u0643\u0648\u0646\u0633\u064a\u0644\u0631 &#8220;\u062a\u0631\u0648 \u0645\u0627\u062a\u0634 \u0631\u0627\u062f\u064a\u0627\u0646\u062a \u0633\u064a\u0631\u0648\u0645&#8221; \u062a\u063a\u0637\u064a\u0629 \u0641\u0648\u0631\u064a\u0629 \u0644\u0644\u0647\u0627\u0644\u0627\u062a \u0627\u0644\u0633\u0648\u062f\u0627\u0621\u060c \u0648\u064a\u064f\u062e\u0641\u0651\u0641 \u0627\u0646\u062a\u0641\u0627\u062e\u0627\u062a \u0627\u0644\u0639\u064a\u0646 \u0628\u0634\u0643\u0644 \u0648\u0627\u0636\u062d\u060c \u0648\u064a\u064f\u0633\u0627\u0639\u062f \u0639\u0644\u0649 \u0625\u062e\u0641\u0627\u0621 \u0627\u0644\u062e\u0637\u0648\u0637 \u0627\u0644\u062f\u0642\u064a\u0642\u0629. \u062a\u0631\u0643\u064a\u0628\u0629 \u062e\u0641\u064a\u0641\u0629 \u0627\u0644\u0648\u0632\u0646 \u0648\u0645\u0642\u0627\u0648\u0645\u0629 \u0644\u0644\u062a\u062c\u0627\u0639\u064a\u062f\u060c \u063a\u0646\u064a\u0629 \u0628\u0646\u0633\u0628\u0629 1.5% \u0645\u0646 [\u062d\u0645\u0636 \u0627\u0644\u0647\u064a\u0627\u0644\u0648\u0631\u0648\u0646\u064a\u0643 + \u0627\u0644\u0643\u0627\u0641\u064a\u064a\u0646]\u060c \u062a\u064f\u0648\u0641\u0651\u0631 \u062a\u0631\u0637\u064a\u0628\u064b\u0627 \u064a\u062f\u0648\u0645 24 \u0633\u0627\u0639\u0629 \u0648\u062b\u0628\u0627\u062a\u064b\u0627 \u064a\u062f\u0648\u0645 \u0637\u0648\u0627\u0644 [&hellip;]<\/p>\n","protected":false},"featured_media":27014,"template":"","meta":[],"pwb-brand":[239],"product_brand":[],"product_cat":[1173],"product_tag":[],"class_list":{"0":"post-27007","1":"product","2":"type-product","3":"status-publish","4":"has-post-thumbnail","6":"pwb-brand-loreal","7":"product_cat-concealer-makeup","9":"first","10":"outofstock","11":"shipping-taxable","12":"product-type-variable","13":"has-default-attributes","14":"wvs-archive-product-wrapper"},"brands":[{"id":239,"name":"L'Or\u00e9al Paris","slug":"loreal"}],"_links":{"self":[{"href":"https:\/\/gopinkish.com\/fr\/wp-json\/wp\/v2\/product\/27007","targetHints":{"allow":["GET"]}}],"collection":[{"href":"https:\/\/gopinkish.com\/fr\/wp-json\/wp\/v2\/product"}],"about":[{"href":"https:\/\/gopinkish.com\/fr\/wp-json\/wp\/v2\/types\/product"}],"wp:featuredmedia":[{"embeddable":true,"href":"https:\/\/gopinkish.com\/fr\/wp-json\/wp\/v2\/media\/27014"}],"wp:attachment":[{"href":"https:\/\/gopinkish.com\/fr\/wp-json\/wp\/v2\/media?parent=27007"}],"wp:term":[{"taxonomy":"pwb-brand","embeddable":true,"href":"https:\/\/gopinkish.com\/fr\/wp-json\/wp\/v2\/pwb-brand?post=27007"},{"taxonomy":"product_brand","embeddable":true,"href":"https:\/\/gopinkish.com\/fr\/wp-json\/wp\/v2\/product_brand?post=27007"},{"taxonomy":"product_cat","embeddable":true,"href":"https:\/\/gopinkish.com\/fr\/wp-json\/wp\/v2\/product_cat?post=27007"},{"taxonomy":"product_tag","embeddable":true,"href":"https:\/\/gopinkish.com\/fr\/wp-json\/wp\/v2\/product_tag?post=27007"}],"curies":[{"name":"wp","href":"https:\/\/api.w.org\/{rel}","templated":true}]}}