{"id":26993,"date":"2025-05-28T23:29:45","date_gmt":"2025-05-28T22:29:45","guid":{"rendered":"https:\/\/gopinkish.com\/?post_type=product&#038;p=26993"},"modified":"2026-03-31T22:55:38","modified_gmt":"2026-03-31T21:55:38","slug":"7702018587230","status":"publish","type":"product","link":"https:\/\/gopinkish.com\/fr\/produit\/7702018587230\/","title":{"rendered":"Lames de rasoir souples avec manche en m\u00e9tal (1+2)"},"content":{"rendered":"<p style=\"text-align: justify;\">Les rasoirs f\u00e9minins Venus sont con\u00e7us pour s'adapter au corps de la femme. Les rasoirs f\u00e9minins Venus Comfort Glide Plus Olay sont dot\u00e9s de 5 lames pour un rasage doux, de pr\u00e8s et durable. Ces lames de rechange sont dot\u00e9es de bandes hydratantes Olay qui s\u00e9cr\u00e8tent un l\u00e9ger beurre corporel parfum\u00e9 \u00e0 la noix de coco pour une glisse en douceur et un confort sup\u00e9rieur. Elles sont dot\u00e9es d'un design pivotant qui s'adapte aux contours de votre corps. Toutes les lames de rechange Venus conviennent \u00e0 tous les manches de rasoir Venus (sauf Simply Venus et le rasoir pour poils pubiens Venus).<\/p>\n<p dir=\"ltr\" style=\"text-align: center;\">Gillette Venus Olay Poign\u00e9e en noix de coco + 2 lames<\/p>","protected":false},"excerpt":{"rendered":"<p>\u0635\u064f\u0645\u0645\u062a \u0634\u0641\u0631\u0627\u062a \u062d\u0644\u0627\u0642\u0629 \u0641\u064a\u0646\u0648\u0633 \u0627\u0644\u0646\u0633\u0627\u0626\u064a\u0629 \u0644\u062a\u0646\u0627\u0633\u0628 \u062c\u0633\u062f \u0627\u0644\u0645\u0631\u0623\u0629. \u062a\u062d\u062a\u0648\u064a \u0634\u0641\u0631\u0627\u062a \u0641\u064a\u0646\u0648\u0633 \u0643\u0648\u0645\u0641\u0648\u0631\u062a \u063a\u0644\u0627\u064a\u062f \u0628\u0644\u0633 \u0623\u0648\u0644\u0627\u064a \u0627\u0644\u0646\u0633\u0627\u0626\u064a\u0629 \u0639\u0644\u0649 5 \u0634\u0641\u0631\u0627\u062a \u0644\u062d\u0644\u0627\u0642\u0629 \u0646\u0627\u0639\u0645\u0629 \u0648\u062f\u0642\u064a\u0642\u0629 \u062a\u062f\u0648\u0645 \u0637\u0648\u064a\u0644\u0627\u064b. \u062a\u0623\u062a\u064a \u0647\u0630\u0647 \u0627\u0644\u0634\u0641\u0631\u0627\u062a \u0627\u0644\u0628\u062f\u064a\u0644\u0629 \u0645\u0632\u0648\u062f\u0629 \u0628\u0623\u0634\u0631\u0637\u0629 \u0623\u0648\u0644\u0627\u064a \u0627\u0644\u0645\u0631\u0637\u0628\u0629 \u0627\u0644\u062a\u064a \u062a\u064f\u0641\u0631\u0632 \u0632\u0628\u062f\u0629 \u0627\u0644\u062c\u0633\u0645 \u0628\u0631\u0627\u0626\u062d\u0629 \u062c\u0648\u0632 \u0627\u0644\u0647\u0646\u062f \u0627\u0644\u062e\u0641\u064a\u0641\u0629\u060c \u0644\u0627\u0646\u0632\u0644\u0627\u0642 \u0633\u0644\u0633 \u0648\u0631\u0627\u062d\u0629 \u0641\u0627\u0626\u0642\u0629. \u062a\u062a\u0645\u064a\u0632 \u0628\u062a\u0635\u0645\u064a\u0645 \u062f\u0648\u0627\u0631 \u064a\u062a\u0643\u064a\u0641 \u0645\u0639 \u0645\u0646\u062d\u0646\u064a\u0627\u062a \u062c\u0633\u0645\u0643. \u062a\u0646\u0627\u0633\u0628 \u0623\u064a \u0634\u0641\u0631\u0629 \u0628\u062f\u064a\u0644\u0629 [&hellip;]<\/p>\n","protected":false},"featured_media":27002,"template":"","meta":[],"pwb-brand":[457],"product_brand":[],"product_cat":[1232],"product_tag":[],"class_list":{"0":"post-26993","1":"product","2":"type-product","3":"status-publish","4":"has-post-thumbnail","6":"pwb-brand-gillette","7":"product_cat-epilation","9":"first","10":"instock","11":"shipping-taxable","12":"purchasable","13":"product-type-variable","14":"has-default-attributes","15":"wvs-archive-product-wrapper"},"brands":[{"id":457,"name":"Gillette","slug":"gillette"}],"_links":{"self":[{"href":"https:\/\/gopinkish.com\/fr\/wp-json\/wp\/v2\/product\/26993","targetHints":{"allow":["GET"]}}],"collection":[{"href":"https:\/\/gopinkish.com\/fr\/wp-json\/wp\/v2\/product"}],"about":[{"href":"https:\/\/gopinkish.com\/fr\/wp-json\/wp\/v2\/types\/product"}],"wp:featuredmedia":[{"embeddable":true,"href":"https:\/\/gopinkish.com\/fr\/wp-json\/wp\/v2\/media\/27002"}],"wp:attachment":[{"href":"https:\/\/gopinkish.com\/fr\/wp-json\/wp\/v2\/media?parent=26993"}],"wp:term":[{"taxonomy":"pwb-brand","embeddable":true,"href":"https:\/\/gopinkish.com\/fr\/wp-json\/wp\/v2\/pwb-brand?post=26993"},{"taxonomy":"product_brand","embeddable":true,"href":"https:\/\/gopinkish.com\/fr\/wp-json\/wp\/v2\/product_brand?post=26993"},{"taxonomy":"product_cat","embeddable":true,"href":"https:\/\/gopinkish.com\/fr\/wp-json\/wp\/v2\/product_cat?post=26993"},{"taxonomy":"product_tag","embeddable":true,"href":"https:\/\/gopinkish.com\/fr\/wp-json\/wp\/v2\/product_tag?post=26993"}],"curies":[{"name":"wp","href":"https:\/\/api.w.org\/{rel}","templated":true}]}}