{"id":26862,"date":"2025-05-27T22:15:17","date_gmt":"2025-05-27T21:15:17","guid":{"rendered":"https:\/\/gopinkish.com\/?post_type=product&#038;p=26862"},"modified":"2025-08-02T15:16:59","modified_gmt":"2025-08-02T14:16:59","slug":"3282770155020","status":"publish","type":"product","link":"https:\/\/gopinkish.com\/fr\/produit\/3282770155020\/","title":{"rendered":"Gel nettoyant quotidien pour peaux sensibles et s\u00e8ches - Format familial"},"content":{"rendered":"<p style=\"text-align: justify;\">Ce gel quotidien tr\u00e8s r\u00e9sistant, au parfum l\u00e9ger, nettoie la peau en douceur et la r\u00e9conforte. Un gel nettoyant pour le visage et le corps, con\u00e7u pour les peaux sensibles et s\u00e8ches, pour toute la famille.<\/p>\n<p style=\"text-align: justify;\">Compos\u00e9 de 99% ingr\u00e9dients naturels, il prend soin des peaux les plus sensibles. Sa texture gel sans savon, au pH neutre, mousse \u00e0 l'application et ne br\u00fble pas les yeux ou les zones sensibles externes.<\/p>\n<p dir=\"ltr\" style=\"text-align: center;\">Av\u00e8ne XeraCalm Nutrition Gel Nettoyant<\/p>\n<p>&nbsp;<\/p>","protected":false},"excerpt":{"rendered":"<p>\u0647\u0630\u0627 \u0627\u0644\u062c\u0644 \u0627\u0644\u064a\u0648\u0645\u064a \u0639\u0627\u0644\u064a \u0627\u0644\u062a\u062d\u0645\u0644\u060c \u0630\u0648 \u0631\u0627\u0626\u062d\u0629 \u0639\u0637\u0631\u064a\u0629 \u062e\u0641\u064a\u0641\u0629\u060c \u064a\u0646\u0638\u0641 \u0627\u0644\u0628\u0634\u0631\u0629 \u0628\u0644\u0637\u0641 \u0648\u064a\u0645\u0646\u062d\u0647\u0627 \u0631\u0627\u062d\u0629. \u062c\u0644 \u0645\u0646\u0638\u0641 \u0644\u0644\u0648\u062c\u0647 \u0648\u0627\u0644\u062c\u0633\u0645\u060c \u0645\u0635\u0645\u0645 \u0644\u0644\u0628\u0634\u0631\u0629 \u0627\u0644\u062d\u0633\u0627\u0633\u0629 \u0648\u0627\u0644\u062c\u0627\u0641\u0629\u060c \u0644\u062c\u0645\u064a\u0639 \u0623\u0641\u0631\u0627\u062f \u0627\u0644\u0623\u0633\u0631\u0629. \u0645\u0635\u0646\u0648\u0639 \u0645\u0646 99% \u0645\u0643\u0648\u0646\u0627\u062a \u0637\u0628\u064a\u0639\u064a\u0629\u060c \u064a\u0631\u0627\u0639\u064a \u062d\u062a\u0649 \u0623\u0643\u062b\u0631 \u0623\u0646\u0648\u0627\u0639 \u0627\u0644\u0628\u0634\u0631\u0629 \u062d\u0633\u0627\u0633\u064a\u0629. \u0642\u0648\u0627\u0645\u0647 \u0627\u0644\u062c\u0644 \u0627\u0644\u062e\u0627\u0644\u064a \u0645\u0646 \u0627\u0644\u0635\u0627\u0628\u0648\u0646\u060c \u0630\u0648 \u062f\u0631\u062c\u0629 \u062d\u0645\u0648\u0636\u0629 \u0645\u062d\u0627\u064a\u062f\u0629\u060c \u064a\u064f\u0631\u063a\u0649 \u0639\u0646\u062f \u0627\u0644\u0627\u0633\u062a\u062e\u062f\u0627\u0645\u060c \u0648\u0644\u0627 \u064a\u064f\u0633\u0628\u0628 \u062d\u0631\u0642\u0629 \u0644\u0644\u0639\u064a\u0646\u064a\u0646 \u0623\u0648 \u0627\u0644\u0645\u0646\u0627\u0637\u0642 \u0627\u0644\u062d\u0633\u0627\u0633\u0629 [&hellip;]<\/p>\n","protected":false},"featured_media":26865,"template":"","meta":[],"pwb-brand":[253],"product_brand":[],"product_cat":[1119,1138],"product_tag":[688],"class_list":{"0":"post-26862","1":"product","2":"type-product","3":"status-publish","4":"has-post-thumbnail","6":"pwb-brand-avene","7":"product_cat-face-wash","8":"product_cat-bath-and-shower","9":"product_tag-sensitive","11":"first","12":"outofstock","13":"shipping-taxable","14":"product-type-variable","15":"has-default-attributes","16":"wvs-archive-product-wrapper"},"brands":[{"id":253,"name":"Av\u00e8ne","slug":"avene"}],"_links":{"self":[{"href":"https:\/\/gopinkish.com\/fr\/wp-json\/wp\/v2\/product\/26862","targetHints":{"allow":["GET"]}}],"collection":[{"href":"https:\/\/gopinkish.com\/fr\/wp-json\/wp\/v2\/product"}],"about":[{"href":"https:\/\/gopinkish.com\/fr\/wp-json\/wp\/v2\/types\/product"}],"wp:featuredmedia":[{"embeddable":true,"href":"https:\/\/gopinkish.com\/fr\/wp-json\/wp\/v2\/media\/26865"}],"wp:attachment":[{"href":"https:\/\/gopinkish.com\/fr\/wp-json\/wp\/v2\/media?parent=26862"}],"wp:term":[{"taxonomy":"pwb-brand","embeddable":true,"href":"https:\/\/gopinkish.com\/fr\/wp-json\/wp\/v2\/pwb-brand?post=26862"},{"taxonomy":"product_brand","embeddable":true,"href":"https:\/\/gopinkish.com\/fr\/wp-json\/wp\/v2\/product_brand?post=26862"},{"taxonomy":"product_cat","embeddable":true,"href":"https:\/\/gopinkish.com\/fr\/wp-json\/wp\/v2\/product_cat?post=26862"},{"taxonomy":"product_tag","embeddable":true,"href":"https:\/\/gopinkish.com\/fr\/wp-json\/wp\/v2\/product_tag?post=26862"}],"curies":[{"name":"wp","href":"https:\/\/api.w.org\/{rel}","templated":true}]}}