{"id":26831,"date":"2025-05-27T21:32:11","date_gmt":"2025-05-27T20:32:11","guid":{"rendered":"https:\/\/gopinkish.com\/?post_type=product&#038;p=26831"},"modified":"2025-10-03T15:43:51","modified_gmt":"2025-10-03T14:43:51","slug":"8809447253480","status":"publish","type":"product","link":"https:\/\/gopinkish.com\/fr\/produit\/8809447253480\/","title":{"rendered":"S\u00e9rum d'\u00e9clat naturel pour les peaux ternes"},"content":{"rendered":"<p style=\"text-align: justify;\">Natural Radiance Extract est un extrait qui \u00e9claircit et normalise les peaux ternes.<\/p>\n<p style=\"text-align: justify;\">Efficace pour \u00e9claircir les taches brunes de la peau avec un fini lumineux. Contient 85% d'extrait de prune de jacquier et des ingr\u00e9dients apaisants, ce qui permet de l'utiliser en toute s\u00e9curit\u00e9 sur les peaux sensibles.<\/p>\n<p style=\"text-align: justify;\"><strong>Avantages :<\/strong><br \/>\n- Eclaircissant (85% d'extrait de prunier de Kakadu)<br \/>\n- Un teint lumineux et uniforme<br \/>\n- D\u00e9tente de la peau<\/p>\n<p style=\"text-align: justify;\"><strong>Effets :<\/strong><br \/>\nLe produit aide \u00e0 revitaliser les peaux ternes et fatigu\u00e9es.<\/p>\n<p dir=\"ltr\" style=\"text-align: center;\">\ud83c\uddec\ud83c\udde7 Dr Althea Natural Radiance Essence<br \/>\n\ud83c\uddeb\ud83c\uddf7 Essence \u00c9clat Naturel Dr Althea<\/p>","protected":false},"excerpt":{"rendered":"<p>\u062e\u0644\u0627\u0635\u0629 \u0627\u0644\u0625\u0634\u0631\u0627\u0642\u0629 \u0627\u0644\u0637\u0628\u064a\u0639\u064a\u0629 \u0647\u064a \u062e\u0644\u0627\u0635\u0629 \u062a\u064f\u0641\u062a\u0651\u062d \u0627\u0644\u0628\u0634\u0631\u0629 \u0627\u0644\u0628\u0627\u0647\u062a\u0629 \u0648\u062a\u064f\u0639\u064a\u062f \u062e\u0644\u0627\u064a\u0627\u0647\u0627 \u0625\u0644\u0649 \u062d\u0627\u0644\u062a\u0647\u0627 \u0627\u0644\u0637\u0628\u064a\u0639\u064a\u0629. \u0641\u0639\u0651\u0627\u0644\u0629 \u0641\u064a \u062a\u0641\u062a\u064a\u062d \u0627\u0644\u0628\u0642\u0639 \u0627\u0644\u062f\u0627\u0643\u0646\u0629 \u0639\u0644\u0649 \u0627\u0644\u0628\u0634\u0631\u0629 \u0628\u0644\u0645\u0633\u0629 \u0645\u064f\u0634\u0631\u0642\u0629. \u062a\u062d\u062a\u0648\u064a \u0639\u0644\u0649 85% \u0645\u0646 \u062e\u0644\u0627\u0635\u0629 \u0628\u0631\u0642\u0648\u0642 \u0627\u0644\u0643\u0627\u0643\u0627\u062f\u0648\u060c \u0628\u0627\u0644\u0625\u0636\u0627\u0641\u0629 \u0625\u0644\u0649 \u0645\u064f\u0643\u0648\u0651\u0646\u0627\u062a \u0645\u064f\u0647\u062f\u0626\u0629\u060c \u0645\u0627 \u064a\u062c\u0639\u0644\u0647\u0627 \u0622\u0645\u0646\u0629 \u0644\u0644\u0627\u0633\u062a\u062e\u062f\u0627\u0645 \u0639\u0644\u0649 \u0627\u0644\u0628\u0634\u0631\u0629 \u0627\u0644\u062d\u0633\u0627\u0633\u0629 \u0623\u064a\u0636\u064b\u0627. \u0627\u0644\u0641\u0648\u0627\u0626\u062f: &#8211; \u062a\u0641\u062a\u064a\u062d (85% \u0645\u0646 \u062e\u0644\u0627\u0635\u0629 \u0628\u0631\u0642\u0648\u0642 \u0627\u0644\u0643\u0627\u0643\u0627\u062f\u0648) &#8211; \u0644\u0648\u0646 \u0628\u0634\u0631\u0629 \u0645\u064f\u0634\u0631\u0642 \u0648\u0645\u064f\u0648\u062d\u0651\u062f &#8211; [&hellip;]<\/p>\n","protected":false},"featured_media":26842,"template":"","meta":[],"pwb-brand":[1375],"product_brand":[],"product_cat":[1123],"product_tag":[688,685,763],"class_list":{"0":"post-26831","1":"product","2":"type-product","3":"status-publish","4":"has-post-thumbnail","6":"pwb-brand-doctor-althea","7":"product_cat-face-bright","8":"product_tag-sensitive","9":"product_tag-brightening","10":"product_tag-763","12":"first","13":"instock","14":"shipping-taxable","15":"purchasable","16":"product-type-variable","17":"has-default-attributes","18":"wvs-archive-product-wrapper"},"brands":[{"id":1375,"name":"Dr. Althea","slug":"docteur-althea"}],"_links":{"self":[{"href":"https:\/\/gopinkish.com\/fr\/wp-json\/wp\/v2\/product\/26831","targetHints":{"allow":["GET"]}}],"collection":[{"href":"https:\/\/gopinkish.com\/fr\/wp-json\/wp\/v2\/product"}],"about":[{"href":"https:\/\/gopinkish.com\/fr\/wp-json\/wp\/v2\/types\/product"}],"wp:featuredmedia":[{"embeddable":true,"href":"https:\/\/gopinkish.com\/fr\/wp-json\/wp\/v2\/media\/26842"}],"wp:attachment":[{"href":"https:\/\/gopinkish.com\/fr\/wp-json\/wp\/v2\/media?parent=26831"}],"wp:term":[{"taxonomy":"pwb-brand","embeddable":true,"href":"https:\/\/gopinkish.com\/fr\/wp-json\/wp\/v2\/pwb-brand?post=26831"},{"taxonomy":"product_brand","embeddable":true,"href":"https:\/\/gopinkish.com\/fr\/wp-json\/wp\/v2\/product_brand?post=26831"},{"taxonomy":"product_cat","embeddable":true,"href":"https:\/\/gopinkish.com\/fr\/wp-json\/wp\/v2\/product_cat?post=26831"},{"taxonomy":"product_tag","embeddable":true,"href":"https:\/\/gopinkish.com\/fr\/wp-json\/wp\/v2\/product_tag?post=26831"}],"curies":[{"name":"wp","href":"https:\/\/api.w.org\/{rel}","templated":true}]}}