{"id":26808,"date":"2025-05-27T18:37:38","date_gmt":"2025-05-27T17:37:38","guid":{"rendered":"https:\/\/gopinkish.com\/?post_type=product&#038;p=26808"},"modified":"2026-01-14T23:42:17","modified_gmt":"2026-01-14T22:42:17","slug":"8809640735462","status":"publish","type":"product","link":"https:\/\/gopinkish.com\/fr\/produit\/8809640735462\/","title":{"rendered":"Poudre nettoyante et \u00e9claircissante \u00e0 l'enzyme de riz"},"content":{"rendered":"<p style=\"text-align: justify;\">Un nettoyant en poudre polyvalent \u00e0 la texture unique. Formul\u00e9 avec de l'eau d'extrait de riz, de l'arbutine et des c\u00e9ramides pour donner \u00e0 votre peau un aspect plus lumineux et plus \u00e9quilibr\u00e9.<\/p>\n<p><strong>Type de peau : <\/strong>Normal<\/p>\n<p><strong>Avantages : <\/strong>Exfolie en douceur la surface de la peau, am\u00e9liore la clart\u00e9 et l'\u00e9quilibre, apaise et hydrate.<\/p>\n<p><strong>Texture : <\/strong>Poudre<\/p>\n<p><strong>R\u00e9sultats des tests :<\/strong><br \/>\n- La texture de la peau est am\u00e9lior\u00e9e de 20.27% apr\u00e8s une utilisation<br \/>\n- 98,1 % d'\u00e9limination des impuret\u00e9s apr\u00e8s une seule utilisation<\/p>\n<p dir=\"ltr\" style=\"text-align: center;\">\ud83c\uddec\ud83c\udde7 Anua Rice Enzyme Brightening Cleansing Powder (poudre nettoyante \u00e9claircissante \u00e0 base d'enzymes de riz)<br \/>\n\ud83c\uddeb\ud83c\uddf7 Poudre Nettoyante \u00c9claircissante Anua aux Enzymes de Riz<\/p>","protected":false},"excerpt":{"rendered":"<p>\u0645\u0646\u0638\u0641 \u200b\u200b\u0628\u0648\u062f\u0631\u0629 \u0645\u062a\u0639\u062f\u062f \u0627\u0644\u0627\u0633\u062a\u062e\u062f\u0627\u0645\u0627\u062a \u0628\u0642\u0648\u0627\u0645 \u0641\u0631\u064a\u062f. \u0645\u064f\u0631\u0643\u0651\u0628 \u0645\u0646 \u0645\u0627\u0621 \u0645\u0633\u062a\u062e\u0644\u0635 \u0627\u0644\u0623\u0631\u0632 \u0648\u0627\u0644\u0623\u0631\u0628\u0648\u062a\u064a\u0646 \u0648\u0627\u0644\u0633\u064a\u0631\u0627\u0645\u064a\u062f \u0644\u064a\u0645\u0646\u062d \u0628\u0634\u0631\u062a\u0643\u0650 \u0645\u0638\u0647\u0631\u064b\u0627 \u0623\u0643\u062b\u0631 \u0625\u0634\u0631\u0627\u0642\u064b\u0627 \u0648\u062a\u0648\u0627\u0632\u0646\u064b\u0627. \u0646\u0648\u0639 \u0627\u0644\u0628\u0634\u0631\u0629 : \u0639\u0627\u062f\u064a\u0629 \u0627\u0644\u0641\u0648\u0627\u0626\u062f : \u064a\u064f\u0642\u0634\u0651\u0631 \u0633\u0637\u062d \u0627\u0644\u0628\u0634\u0631\u0629 \u0628\u0644\u0637\u0641\u060c \u064a\u064f\u062d\u0633\u0651\u0646 \u0635\u0641\u0627\u0621\u0647\u0627 \u0648\u062a\u0648\u0627\u0632\u0646\u0647\u0627\u060c \u064a\u064f\u0647\u062f\u0626\u0647\u0627 \u0648\u064a\u064f\u0631\u0637\u0628\u0647\u0627 \u0627\u0644\u0645\u0644\u0645\u0633 : \u0628\u0648\u062f\u0631\u0629 \u0646\u062a\u0627\u0626\u062c \u0627\u0644\u0627\u062e\u062a\u0628\u0627\u0631 : &#8211; \u062a\u062d\u0633\u0651\u0646 \u0645\u0644\u0645\u0633 \u0627\u0644\u0628\u0634\u0631\u0629 \u0628\u0646\u0633\u0628\u0629 20.27% \u0628\u0639\u062f \u0627\u0633\u062a\u062e\u062f\u0627\u0645 \u0648\u0627\u062d\u062f &#8211; \u0625\u0632\u0627\u0644\u0629 \u0627\u0644\u0634\u0648\u0627\u0626\u0628 \u0628\u0646\u0633\u0628\u0629 98.1\u066a \u0628\u0639\u062f [&hellip;]<\/p>\n","protected":false},"featured_media":26816,"template":"","meta":[],"pwb-brand":[1244],"product_brand":[],"product_cat":[1123,1231,1120],"product_tag":[685,763],"class_list":{"0":"post-26808","1":"product","2":"type-product","3":"status-publish","4":"has-post-thumbnail","6":"pwb-brand-anua","7":"product_cat-face-bright","8":"product_cat-daily-face-care","9":"product_cat-face-exfo","10":"product_tag-brightening","11":"product_tag-korean-product-2","13":"first","14":"instock","15":"shipping-taxable","16":"purchasable","17":"product-type-variable","18":"has-default-attributes","19":"wvs-archive-product-wrapper"},"brands":[{"id":1244,"name":"Anua","slug":"anua"}],"_links":{"self":[{"href":"https:\/\/gopinkish.com\/fr\/wp-json\/wp\/v2\/product\/26808","targetHints":{"allow":["GET"]}}],"collection":[{"href":"https:\/\/gopinkish.com\/fr\/wp-json\/wp\/v2\/product"}],"about":[{"href":"https:\/\/gopinkish.com\/fr\/wp-json\/wp\/v2\/types\/product"}],"wp:featuredmedia":[{"embeddable":true,"href":"https:\/\/gopinkish.com\/fr\/wp-json\/wp\/v2\/media\/26816"}],"wp:attachment":[{"href":"https:\/\/gopinkish.com\/fr\/wp-json\/wp\/v2\/media?parent=26808"}],"wp:term":[{"taxonomy":"pwb-brand","embeddable":true,"href":"https:\/\/gopinkish.com\/fr\/wp-json\/wp\/v2\/pwb-brand?post=26808"},{"taxonomy":"product_brand","embeddable":true,"href":"https:\/\/gopinkish.com\/fr\/wp-json\/wp\/v2\/product_brand?post=26808"},{"taxonomy":"product_cat","embeddable":true,"href":"https:\/\/gopinkish.com\/fr\/wp-json\/wp\/v2\/product_cat?post=26808"},{"taxonomy":"product_tag","embeddable":true,"href":"https:\/\/gopinkish.com\/fr\/wp-json\/wp\/v2\/product_tag?post=26808"}],"curies":[{"name":"wp","href":"https:\/\/api.w.org\/{rel}","templated":true}]}}