{"id":26794,"date":"2025-05-27T00:36:31","date_gmt":"2025-05-26T23:36:31","guid":{"rendered":"https:\/\/gopinkish.com\/?post_type=product&#038;p=26794"},"modified":"2026-02-10T13:11:31","modified_gmt":"2026-02-10T12:11:31","slug":"8800256115174","status":"publish","type":"product","link":"https:\/\/gopinkish.com\/fr\/produit\/8800256115174\/","title":{"rendered":"S\u00e9rum pour \u00e9claircir la peau, am\u00e9liorer l'\u00e9lasticit\u00e9 et renforcer la barri\u00e8re cutan\u00e9e"},"content":{"rendered":"<p style=\"text-align: justify;\">\u0645\u064f\u0639\u0632\u0632 \u0644\u0644\u0628\u0634\u0631\u0629 \u0639\u0627\u0644\u064a \u0627\u0644\u062c\u0648\u062f\u0629\u060c \u0645\u064f\u0631\u0643\u0651\u0628 \u0628\u0645\u062d\u062a\u0648\u0649 \u0639\u0627\u0644\u064d \u0645\u0646 \u0627\u0644\u062c\u0644\u0648\u062a\u0627\u062b\u064a\u0648\u0646. \u0627\u0633\u062a\u0645\u062a\u0639\u064a \u0628\u0625\u0634\u0631\u0627\u0642\u0629 \u0641\u0627\u0626\u0642\u0629 \u0648\u062a\u0623\u062b\u064a\u0631\u0627\u062a \u0645\u064f\u0634\u0631\u0642\u0629 \u0645\u0639 \u0645\u064f\u0639\u0632\u0632 \u0627\u0644\u0628\u0634\u0631\u0629-H\u060c \u0627\u0644\u0630\u064a \u064a\u064f\u0635\u0628\u062d \u0623\u0643\u062b\u0631 \u0641\u0639\u0627\u0644\u064a\u0629 \u0628\u062b\u0644\u0627\u062b \u0645\u0631\u0627\u062a \u0639\u0646\u062f \u0627\u0633\u062a\u062e\u062f\u0627\u0645\u0647 \u0645\u0639 \u0645\u064f\u0639\u0632\u0632 \u0627\u0644\u0628\u0634\u0631\u0629-H.<\/p>\n<p style=\"text-align: justify;\">\u0647\u0630\u0627 \u0627\u0644\u0645\u0635\u0644 \u0645\u064f\u0631\u0643\u0651\u0628 \u0628\u062a\u0631\u0643\u064a\u0632 50,000 \u062c\u0632\u0621 \u0641\u064a \u0627\u0644\u0645\u0644\u064a\u0648\u0646 \u0645\u0646 \u0627\u0644\u062c\u0644\u0648\u062a\u0627\u062b\u064a\u0648\u0646\u060c \u0625\u0644\u0649 \u062c\u0627\u0646\u0628 \u0627\u0644\u0646\u064a\u0627\u0633\u064a\u0646\u0627\u0645\u064a\u062f \u0648\u0627\u0644\u0623\u062f\u064a\u0646\u0648\u0632\u064a\u0646 \u0648\u0627\u0644\u0643\u0648\u0644\u0627\u062c\u064a\u0646 \u0648\u0645\u064f\u062d\u0644\u0644 \u062a\u062e\u0645\u064a\u0631 \u0627\u0644\u0628\u064a\u0641\u064a\u062f\u0627\u060c \u0644\u062a\u0641\u062a\u064a\u062d \u0627\u0644\u0628\u0634\u0631\u0629 \u0648\u062a\u062d\u0633\u064a\u0646 \u0645\u0631\u0648\u0646\u062a\u0647\u0627 \u0648\u062a\u0642\u0648\u064a\u0629 \u062d\u0627\u062c\u0632\u0647\u0627 \u0627\u0644\u0648\u0627\u0642\u064a. \u0644\u0644\u062d\u0635\u0648\u0644 \u0639\u0644\u0649 \u0623\u0641\u0636\u0644 \u0627\u0644\u0646\u062a\u0627\u0626\u062c\u060c \u0627\u0633\u062a\u062e\u062f\u0645\u064a \u0627\u0644\u0645\u0635\u0644 \u0645\u0639 \u0645\u064f\u0639\u0632\u0632 AGE-R Booster-H \u0645\u0646 \u0645\u064a\u062f\u064a\u0643\u064a\u0648\u0628\u060c \u0648\u0647\u0648 \u062c\u0647\u0627\u0632 \u062a\u062c\u0645\u064a\u0644 \u064a\u064f\u062a\u064a\u062d \u0627\u0645\u062a\u0635\u0627\u0635\u064b\u0627 \u0623\u0639\u0645\u0642 \u0644\u0644\u0645\u0643\u0648\u0646\u0627\u062a \u0627\u0644\u0646\u0634\u0637\u0629 \u0641\u064a \u0627\u0644\u0645\u0646\u062a\u062c.<\/p>\n<p style=\"text-align: justify;\"><strong>Pourquoi est-elle sp\u00e9ciale ?<\/strong><br \/>\n<em>1. \u0633\u064a\u0631\u0648\u0645 AGE-R \u0627\u0644\u062d\u0635\u0631\u064a \u0644\u062a\u0635\u0628\u063a \u0627\u0644\u0628\u0634\u0631\u0629 \u0648\u0645\u0631\u0648\u0646\u062a\u0647\u0627<\/em><br \/>\n\u0644\u0632\u0648\u062c\u0629 \u0645\u062b\u0627\u0644\u064a\u0629 \u0645\u0635\u0645\u0645\u0629 \u062e\u0635\u064a\u0635\u064b\u0627 \u0644\u0640 Booster-H<br \/>\n\u0645\u0639\u0632\u0632 \u0644\u0625\u0634\u0631\u0627\u0642\u0629 \u0627\u0644\u0628\u0634\u0631\u0629 \u0644\u0627 \u064a\u0633\u0628\u0628 \u0627\u0644\u062c\u0641\u0627\u0641<br \/>\n\u0628\u0634\u0631\u0629 \u0645\u064f\u063a\u0637\u0627\u0629 \u0628\u0637\u0628\u0642\u0629 \u0645\u0631\u0637\u0628\u0629\u060c \u0625\u0634\u0631\u0627\u0642\u0629 \u0646\u0642\u064a\u0629 \u062a\u062f\u0648\u0645 24 \u0633\u0627\u0639\u0629<br \/>\n<em>2. \u0645\u0643\u0648\u0646 \u0631\u0626\u064a\u0633\u064a \u0644\u062a\u0641\u062a\u064a\u062d \u0627\u0644\u062a\u0635\u0628\u063a<\/em><br \/>\n\u064a\u0645\u0646\u062d \u0627\u0644\u0628\u0634\u0631\u0629 \u0625\u0634\u0631\u0627\u0642\u0629 \u0628\u0641\u0636\u0644 \u062a\u0642\u0646\u064a\u0629 Active Glow-zom<br \/>\n\u0627\u0644\u062c\u0644\u0648\u062a\u0627\u062b\u064a\u0648\u0646 (500 \u062c\u0632\u0621 \u0641\u064a \u0627\u0644\u0645\u0644\u064a\u0648\u0646)\u060c \u0646\u064a\u0627\u0633\u064a\u0646\u0627\u0645\u064a\u062f\u060c \u0623\u062f\u064a\u0646\u0648\u0633\u064a\u0646\u060c \u0643\u0648\u0644\u0627\u062c\u064a\u0646 \u0634\u0628\u064a\u0647 \u0628\u0627\u0644\u0628\u0634\u0631\u0629 \u062d\u0627\u0635\u0644 \u0639\u0644\u0649 \u0628\u0631\u0627\u0621\u0629 \u0627\u062e\u062a\u0631\u0627\u0639\u060c<br \/>\n\u0645\u0633\u062a\u062e\u0644\u0635 \u062a\u062e\u0645\u064a\u0631 \u0628\u064a\u0641\u064a\u062f\u0627<br \/>\n<em>3. \u0639\u0646\u0627\u064a\u0629 \u0645\u064f\u0639\u0632\u0632\u0629 \u0644\u0625\u0634\u0631\u0627\u0642\u0629 \u0627\u0644\u0628\u0634\u0631\u0629<\/em><br \/>\n\u064a\u0633\u0627\u0639\u062f \u0639\u0644\u0649 \u0625\u062e\u0641\u0627\u0621 \u0627\u0644\u0639\u064a\u0648\u0628\/\u0627\u0644\u0628\u0642\u0639\/\u0627\u0644\u062a\u0635\u0628\u063a\u0627\u062a \u0648\u064a\u0645\u0646\u062d \u0627\u0644\u0628\u0634\u0631\u0629 \u0625\u0634\u0631\u0627\u0642\u0629 \u0625\u0636\u0627\u0641\u064a\u0629<br \/>\n\u0644\u0631\u0641\u0639 \u0627\u0644\u062a\u062c\u0627\u0639\u064a\u062f \u062d\u0648\u0644 \u0627\u0644\u0639\u064a\u0646\u064a\u0646\u060c \u0648\u062e\u0637\u0648\u0637 \u0627\u0644\u0627\u0628\u062a\u0633\u0627\u0645\u0629\u060c \u0648\u062a\u062c\u0627\u0639\u064a\u062f \u0627\u0644\u062c\u0628\u0647\u0629 \u0628\u0634\u0643\u0644 \u0648\u0627\u0636\u062d<br \/>\n<em>4. \u0642\u0648\u064a \u0648\u0644\u0637\u064a\u0641 \u0644\u0644\u0627\u0633\u062a\u062e\u062f\u0627\u0645 \u0627\u0644\u064a\u0648\u0645\u064a<\/em><br \/>\n\u062a\u0645 \u0627\u062e\u062a\u0628\u0627\u0631 \u0623\u0645\u0628\u0648\u0644\u0629 AGE-R Glutathione Glow \u0644\u062a\u0643\u0648\u0646 \u0642\u0644\u064a\u0644\u0629 \u0627\u0644\u062a\u0647\u064a\u062c \u0645\u0646 \u062e\u0644\u0627\u0644 \u0627\u062e\u062a\u0628\u0627\u0631 \u0627\u0644\u0631\u0642\u0639\u0629 \u0627\u0644\u0623\u0648\u0644\u064a.<\/p>\n<p dir=\"ltr\" style=\"text-align: center;\">\ud83c\uddec\ud83c\udde7 Medicube Glutathione Glow Serum<br \/>\n\ud83c\uddeb\ud83c\uddf7 S\u00e9rum \u00c9clat au Glutathione Medicube<\/p>","protected":false},"excerpt":{"rendered":"<p>\u0645\u064f\u0639\u0632\u0632 \u0644\u0644\u0628\u0634\u0631\u0629 \u0639\u0627\u0644\u064a \u0627\u0644\u062c\u0648\u062f\u0629\u060c \u0645\u064f\u0631\u0643\u0651\u0628 \u0628\u0645\u062d\u062a\u0648\u0649 \u0639\u0627\u0644\u064d \u0645\u0646 \u0627\u0644\u062c\u0644\u0648\u062a\u0627\u062b\u064a\u0648\u0646. \u0627\u0633\u062a\u0645\u062a\u0639\u064a \u0628\u0625\u0634\u0631\u0627\u0642\u0629 \u0641\u0627\u0626\u0642\u0629 \u0648\u062a\u0623\u062b\u064a\u0631\u0627\u062a \u0645\u064f\u0634\u0631\u0642\u0629 \u0645\u0639 \u0645\u064f\u0639\u0632\u0632 \u0627\u0644\u0628\u0634\u0631\u0629-H\u060c \u0627\u0644\u0630\u064a \u064a\u064f\u0635\u0628\u062d \u0623\u0643\u062b\u0631 \u0641\u0639\u0627\u0644\u064a\u0629 \u0628\u062b\u0644\u0627\u062b \u0645\u0631\u0627\u062a \u0639\u0646\u062f \u0627\u0633\u062a\u062e\u062f\u0627\u0645\u0647 \u0645\u0639 \u0645\u064f\u0639\u0632\u0632 \u0627\u0644\u0628\u0634\u0631\u0629-H. \u0647\u0630\u0627 \u0627\u0644\u0645\u0635\u0644 \u0645\u064f\u0631\u0643\u0651\u0628 \u0628\u062a\u0631\u0643\u064a\u0632 50,000 \u062c\u0632\u0621 \u0641\u064a \u0627\u0644\u0645\u0644\u064a\u0648\u0646 \u0645\u0646 \u0627\u0644\u062c\u0644\u0648\u062a\u0627\u062b\u064a\u0648\u0646\u060c \u0625\u0644\u0649 \u062c\u0627\u0646\u0628 \u0627\u0644\u0646\u064a\u0627\u0633\u064a\u0646\u0627\u0645\u064a\u062f \u0648\u0627\u0644\u0623\u062f\u064a\u0646\u0648\u0632\u064a\u0646 \u0648\u0627\u0644\u0643\u0648\u0644\u0627\u062c\u064a\u0646 \u0648\u0645\u064f\u062d\u0644\u0644 \u062a\u062e\u0645\u064a\u0631 \u0627\u0644\u0628\u064a\u0641\u064a\u062f\u0627\u060c \u0644\u062a\u0641\u062a\u064a\u062d \u0627\u0644\u0628\u0634\u0631\u0629 \u0648\u062a\u062d\u0633\u064a\u0646 \u0645\u0631\u0648\u0646\u062a\u0647\u0627 \u0648\u062a\u0642\u0648\u064a\u0629 \u062d\u0627\u062c\u0632\u0647\u0627 \u0627\u0644\u0648\u0627\u0642\u064a. \u0644\u0644\u062d\u0635\u0648\u0644 \u0639\u0644\u0649 [&hellip;]<\/p>\n","protected":false},"featured_media":26795,"template":"","meta":[],"pwb-brand":[1393],"product_brand":[],"product_cat":[1123,1230],"product_tag":[675,685,671,763],"class_list":{"0":"post-26794","1":"product","2":"type-product","3":"status-publish","4":"has-post-thumbnail","6":"pwb-brand-medicube","7":"product_cat-face-bright","8":"product_cat-face-serum","9":"product_tag-spots","10":"product_tag-brightening","11":"product_tag-pigmentation","12":"product_tag-korean-product-2","14":"first","15":"outofstock","16":"shipping-taxable","17":"product-type-variable","18":"has-default-attributes","19":"wvs-archive-product-wrapper"},"brands":[{"id":1393,"name":"MediCube","slug":"medicube"}],"_links":{"self":[{"href":"https:\/\/gopinkish.com\/fr\/wp-json\/wp\/v2\/product\/26794","targetHints":{"allow":["GET"]}}],"collection":[{"href":"https:\/\/gopinkish.com\/fr\/wp-json\/wp\/v2\/product"}],"about":[{"href":"https:\/\/gopinkish.com\/fr\/wp-json\/wp\/v2\/types\/product"}],"wp:featuredmedia":[{"embeddable":true,"href":"https:\/\/gopinkish.com\/fr\/wp-json\/wp\/v2\/media\/26795"}],"wp:attachment":[{"href":"https:\/\/gopinkish.com\/fr\/wp-json\/wp\/v2\/media?parent=26794"}],"wp:term":[{"taxonomy":"pwb-brand","embeddable":true,"href":"https:\/\/gopinkish.com\/fr\/wp-json\/wp\/v2\/pwb-brand?post=26794"},{"taxonomy":"product_brand","embeddable":true,"href":"https:\/\/gopinkish.com\/fr\/wp-json\/wp\/v2\/product_brand?post=26794"},{"taxonomy":"product_cat","embeddable":true,"href":"https:\/\/gopinkish.com\/fr\/wp-json\/wp\/v2\/product_cat?post=26794"},{"taxonomy":"product_tag","embeddable":true,"href":"https:\/\/gopinkish.com\/fr\/wp-json\/wp\/v2\/product_tag?post=26794"}],"curies":[{"name":"wp","href":"https:\/\/api.w.org\/{rel}","templated":true}]}}