{"id":26786,"date":"2025-05-27T00:22:45","date_gmt":"2025-05-26T23:22:45","guid":{"rendered":"https:\/\/gopinkish.com\/?post_type=product&#038;p=26786"},"modified":"2025-08-02T15:22:52","modified_gmt":"2025-08-02T14:22:52","slug":"8800256119134","status":"publish","type":"product","link":"https:\/\/gopinkish.com\/fr\/produit\/8800256119134\/","title":{"rendered":"S\u00e9rum pour traiter les taches brunes et les cicatrices d'acn\u00e9, hydrater et prot\u00e9ger"},"content":{"rendered":"<p style=\"text-align: justify;\">Un s\u00e9rum de 72 heures pour traiter les taches brunes, les cicatrices d'acn\u00e9, le teint in\u00e9gal et la texture de la peau avec de l'acide hyaluronique \u00e0 10 couches, du panth\u00e9nol et de la b\u00e9ta\u00efne. La formule l\u00e9g\u00e8re, sans parfum et peu irritante contient du panth\u00e9nol et un extrait d'algue corallienne pour apaiser et calmer la peau. 5% d'acide tranexamique, la plus forte concentration de TXA dans MediCube pour traiter les taches brunes et les cicatrices d'acn\u00e9, pour une barri\u00e8re cutan\u00e9e renforc\u00e9e et une peau d'apparence saine.<\/p>\n<p style=\"text-align: justify;\"><strong>Pour tous les types de peau<\/strong><br \/>\n\u25b8 Mixte<br \/>\n\u25b8 Secs<br \/>\n\u25b8 R\u00e9gulier<br \/>\n\u25b8 Grasse<br \/>\n\u25b8 Sensible<\/p>\n<p style=\"text-align: justify;\"><strong>Indications<\/strong><br \/>\n\u25b8 acn\u00e9\/taches<br \/>\n\u25b8 Couleur et texture in\u00e9gales de la peau<br \/>\n\u25b8 Taches sombres<br \/>\n\u25b8 Masam<\/p>\n<p dir=\"ltr\" style=\"text-align: center;\">MEDICUBE TXA Niacinamide 15% S\u00e9rum<\/p>","protected":false},"excerpt":{"rendered":"<p>\u0633\u064a\u0631\u0648\u0645 \u0645\u062a\u0643\u0627\u0645\u0644 \u064a\u062f\u0648\u0645 72 \u0633\u0627\u0639\u0629 \u0644\u0639\u0644\u0627\u062c \u0627\u0644\u0628\u0642\u0639 \u0627\u0644\u062f\u0627\u0643\u0646\u0629 \u0648\u0646\u062f\u0628\u0627\u062a \u062d\u0628 \u0627\u0644\u0634\u0628\u0627\u0628\u060c \u0648\u062a\u0641\u0627\u0648\u062a \u0644\u0648\u0646 \u0627\u0644\u0628\u0634\u0631\u0629\u060c \u0648\u0627\u0644\u0639\u0646\u0627\u064a\u0629 \u0628\u0645\u0644\u0645\u0633\u0647\u0627\u060c \u0645\u0639 \u062d\u0645\u0636 \u0627\u0644\u0647\u064a\u0627\u0644\u0648\u0631\u0648\u0646\u064a\u0643 \u0628\u0639\u0634\u0631 \u0637\u0628\u0642\u0627\u062a\u060c \u0648\u0627\u0644\u0628\u0627\u0646\u062b\u064a\u0646\u0648\u0644\u060c \u0648\u0627\u0644\u0628\u064a\u062a\u064a\u0646. \u062a\u0631\u0643\u064a\u0628\u0629 \u062e\u0641\u064a\u0641\u0629 \u0627\u0644\u0648\u0632\u0646\u060c \u062e\u0627\u0644\u064a\u0629 \u0645\u0646 \u0627\u0644\u0639\u0637\u0648\u0631\u060c \u0642\u0644\u064a\u0644\u0629 \u0627\u0644\u062a\u0647\u064a\u062c\u060c \u062a\u062d\u062a\u0648\u064a \u0639\u0644\u0649 \u0627\u0644\u0628\u0627\u0646\u062b\u064a\u0646\u0648\u0644 \u0648\u0645\u0633\u062a\u062e\u0644\u0635 \u0627\u0644\u0637\u062d\u0627\u0644\u0628 \u0627\u0644\u0645\u0631\u062c\u0627\u0646\u064a\u0629 \u0644\u062a\u0647\u062f\u0626\u0629 \u0627\u0644\u0628\u0634\u0631\u0629 \u0648\u062a\u0644\u0637\u064a\u0641\u0647\u0627. 5% \u0645\u0646 \u062d\u0645\u0636 \u0627\u0644\u062a\u0631\u0627\u0646\u064a\u0643\u0633\u0627\u0645\u064a\u0643\u060c \u0623\u0639\u0644\u0649 \u062a\u0631\u0643\u064a\u0632 \u0645\u0646 TXA \u0641\u064a \u0645\u064a\u062f\u064a\u0643\u064a\u0648\u0628 \u0644\u0644\u0639\u0646\u0627\u064a\u0629 \u0628\u0627\u0644\u0628\u0642\u0639 \u0627\u0644\u062f\u0627\u0643\u0646\u0629 \u0648\u0646\u062f\u0628\u0627\u062a \u062d\u0628 [&hellip;]<\/p>\n","protected":false},"featured_media":26789,"template":"","meta":[],"pwb-brand":[1393],"product_brand":[],"product_cat":[1230,1231,1121,1123],"product_tag":[675,680,683,671,763],"class_list":{"0":"post-26786","1":"product","2":"type-product","3":"status-publish","4":"has-post-thumbnail","6":"pwb-brand-medicube","7":"product_cat-face-serum","8":"product_cat-daily-face-care","9":"product_cat-face-moist","10":"product_cat-face-bright","11":"product_tag-spots","12":"product_tag-dryness","13":"product_tag-acne","14":"product_tag-pigmentation","15":"product_tag-korean-product-2","17":"first","18":"outofstock","19":"shipping-taxable","20":"product-type-variable","21":"has-default-attributes","22":"wvs-archive-product-wrapper"},"brands":[{"id":1393,"name":"MediCube","slug":"medicube"}],"_links":{"self":[{"href":"https:\/\/gopinkish.com\/fr\/wp-json\/wp\/v2\/product\/26786","targetHints":{"allow":["GET"]}}],"collection":[{"href":"https:\/\/gopinkish.com\/fr\/wp-json\/wp\/v2\/product"}],"about":[{"href":"https:\/\/gopinkish.com\/fr\/wp-json\/wp\/v2\/types\/product"}],"wp:featuredmedia":[{"embeddable":true,"href":"https:\/\/gopinkish.com\/fr\/wp-json\/wp\/v2\/media\/26789"}],"wp:attachment":[{"href":"https:\/\/gopinkish.com\/fr\/wp-json\/wp\/v2\/media?parent=26786"}],"wp:term":[{"taxonomy":"pwb-brand","embeddable":true,"href":"https:\/\/gopinkish.com\/fr\/wp-json\/wp\/v2\/pwb-brand?post=26786"},{"taxonomy":"product_brand","embeddable":true,"href":"https:\/\/gopinkish.com\/fr\/wp-json\/wp\/v2\/product_brand?post=26786"},{"taxonomy":"product_cat","embeddable":true,"href":"https:\/\/gopinkish.com\/fr\/wp-json\/wp\/v2\/product_cat?post=26786"},{"taxonomy":"product_tag","embeddable":true,"href":"https:\/\/gopinkish.com\/fr\/wp-json\/wp\/v2\/product_tag?post=26786"}],"curies":[{"name":"wp","href":"https:\/\/api.w.org\/{rel}","templated":true}]}}