{"id":26772,"date":"2025-05-27T00:11:40","date_gmt":"2025-05-26T23:11:40","guid":{"rendered":"https:\/\/gopinkish.com\/?post_type=product&#038;p=26772"},"modified":"2026-02-05T15:35:20","modified_gmt":"2026-02-05T14:35:20","slug":"773602411665","status":"publish","type":"product","link":"https:\/\/gopinkish.com\/fr\/produit\/773602411665\/","title":{"rendered":"Gloss pour les l\u00e8vres avec un fini brillant et vitreux"},"content":{"rendered":"<p style=\"text-align: justify;\">Un brillant \u00e0 l\u00e8vres disponible dans une large gamme de couleurs qui peut cr\u00e9er un fini semblable \u00e0 du verre ou une brillance subtile.<\/p>\n<p style=\"text-align: justify;\">Un brillant \u00e0 l\u00e8vres unique, disponible dans une vari\u00e9t\u00e9 de couleurs, qui vous donne un fini vitreux et brillant ou une brillance subtile. Con\u00e7u pour \u00eatre utilis\u00e9 seul ou par-dessus un crayon ou un rouge \u00e0 l\u00e8vres, c'est le produit id\u00e9al pour une brillance longue dur\u00e9e. Richement pigment\u00e9 et ultra-brillant, il permet d'obtenir une couleur l\u00e9g\u00e8re ou intense. Contient de l'huile de jojoba pour adoucir et hydrater les l\u00e8vres.<\/p>\n<p><strong>Brillant comme du verre, haute couvrance, MAC Heritage.<\/strong><\/p>\n<p dir=\"ltr\" style=\"text-align: center;\">M.A.C Lipglass Explicit<\/p>","protected":false},"excerpt":{"rendered":"<p>\u0645\u0644\u0645\u0639 \u0634\u0641\u0627\u0647 \u0645\u062a\u0648\u0641\u0631 \u0628\u0645\u062c\u0645\u0648\u0639\u0629 \u0648\u0627\u0633\u0639\u0629 \u0645\u0646 \u0627\u0644\u0623\u0644\u0648\u0627\u0646 \u064a\u0645\u0643\u0646\u0647 \u062e\u0644\u0642 \u0644\u0645\u0633\u0629 \u0646\u0647\u0627\u0626\u064a\u0629 \u062a\u0634\u0628\u0647 \u0627\u0644\u0632\u062c\u0627\u062c \u0623\u0648 \u0644\u0645\u0639\u0627\u0646\u064b\u0627 \u062e\u0641\u064a\u0641\u064b\u0627. \u0645\u0644\u0645\u0639 \u0634\u0641\u0627\u0647 \u0641\u0631\u064a\u062f \u0645\u062a\u0648\u0641\u0631 \u0628\u0645\u062c\u0645\u0648\u0639\u0629 \u0645\u062a\u0646\u0648\u0639\u0629 \u0645\u0646 \u0627\u0644\u0623\u0644\u0648\u0627\u0646\u060c \u064a\u0645\u0646\u062d\u0643\u0650 \u0644\u0645\u0633\u0629 \u0646\u0647\u0627\u0626\u064a\u0629 \u0644\u0627\u0645\u0639\u0629 \u0643\u0627\u0644\u0632\u062c\u0627\u062c \u0623\u0648 \u0644\u0645\u0639\u0627\u0646\u064b\u0627 \u062e\u0641\u064a\u0641\u064b\u0627. \u0645\u0635\u0645\u0645 \u0644\u0644\u0627\u0633\u062a\u062e\u062f\u0627\u0645 \u0628\u0645\u0641\u0631\u062f\u0647\u060c \u0623\u0648 \u0641\u0648\u0642 \u0642\u0644\u0645 \u062a\u062d\u062f\u064a\u062f \u0627\u0644\u0634\u0641\u0627\u0647 \u0623\u0648 \u0623\u062d\u0645\u0631 \u0627\u0644\u0634\u0641\u0627\u0647\u060c \u0648\u0647\u0648 \u0627\u0644\u0645\u0646\u062a\u062c \u0627\u0644\u0645\u062b\u0627\u0644\u064a \u0644\u0644\u062d\u0635\u0648\u0644 \u0639\u0644\u0649 \u0644\u0645\u0639\u0627\u0646 \u064a\u062f\u0648\u0645 \u0637\u0648\u064a\u0644\u064b\u0627. \u064a\u062a\u0645\u064a\u0632 \u0628\u0635\u0628\u063a\u0629 \u063a\u0646\u064a\u0629\u060c \u0648\u0644\u0645\u0639\u0627\u0646 [&hellip;]<\/p>\n","protected":false},"featured_media":26778,"template":"","meta":[],"pwb-brand":[488],"product_brand":[],"product_cat":[1180],"product_tag":[],"class_list":{"0":"post-26772","1":"product","2":"type-product","3":"status-publish","4":"has-post-thumbnail","6":"pwb-brand-mac","7":"product_cat-lips-gloss-makeup","9":"first","10":"instock","11":"shipping-taxable","12":"purchasable","13":"product-type-variable","14":"has-default-attributes","15":"wvs-archive-product-wrapper"},"brands":[{"id":488,"name":"MAC","slug":"mac"}],"_links":{"self":[{"href":"https:\/\/gopinkish.com\/fr\/wp-json\/wp\/v2\/product\/26772","targetHints":{"allow":["GET"]}}],"collection":[{"href":"https:\/\/gopinkish.com\/fr\/wp-json\/wp\/v2\/product"}],"about":[{"href":"https:\/\/gopinkish.com\/fr\/wp-json\/wp\/v2\/types\/product"}],"wp:featuredmedia":[{"embeddable":true,"href":"https:\/\/gopinkish.com\/fr\/wp-json\/wp\/v2\/media\/26778"}],"wp:attachment":[{"href":"https:\/\/gopinkish.com\/fr\/wp-json\/wp\/v2\/media?parent=26772"}],"wp:term":[{"taxonomy":"pwb-brand","embeddable":true,"href":"https:\/\/gopinkish.com\/fr\/wp-json\/wp\/v2\/pwb-brand?post=26772"},{"taxonomy":"product_brand","embeddable":true,"href":"https:\/\/gopinkish.com\/fr\/wp-json\/wp\/v2\/product_brand?post=26772"},{"taxonomy":"product_cat","embeddable":true,"href":"https:\/\/gopinkish.com\/fr\/wp-json\/wp\/v2\/product_cat?post=26772"},{"taxonomy":"product_tag","embeddable":true,"href":"https:\/\/gopinkish.com\/fr\/wp-json\/wp\/v2\/product_tag?post=26772"}],"curies":[{"name":"wp","href":"https:\/\/api.w.org\/{rel}","templated":true}]}}