{"id":26735,"date":"2025-05-25T23:55:39","date_gmt":"2025-05-25T22:55:39","guid":{"rendered":"https:\/\/gopinkish.com\/?post_type=product&#038;p=26735"},"modified":"2025-06-18T14:13:39","modified_gmt":"2025-06-18T13:13:39","slug":"3600550996586","status":"publish","type":"product","link":"https:\/\/gopinkish.com\/fr\/produit\/3600550996586\/","title":{"rendered":"D\u00e9odorant bio 24 heures au parfum de fleur d'oranger"},"content":{"rendered":"<p style=\"text-align: justify;\">Un d\u00e9odorant roller bio 48 heures au parfum de fleur d'oranger.<\/p>\n<p style=\"text-align: justify;\">Ushuaia, fid\u00e8le \u00e0 la nature depuis plus de 25 ans, vous offre un moment de d\u00e9tente et de plaisir avec ses d\u00e9odorants rollers 48 heures r\u00e9sistants \u00e0 l'humidit\u00e9 et aux odeurs. Parfumant d\u00e9licatement vos aisselles, il les prot\u00e8ge des odeurs et de la transpiration pendant 24 heures.<\/p>","protected":false},"excerpt":{"rendered":"<p>\u0645\u0632\u064a\u0644 \u0639\u0631\u0642 \u0639\u0636\u0648\u064a \u062f\u0648\u0627\u0631 \u064a\u062f\u0648\u0645 48 \u0633\u0627\u0639\u0629 \u0628\u0631\u0627\u0626\u062d\u0629 \u0632\u0647\u0631 \u0627\u0644\u0628\u0631\u062a\u0642\u0627\u0644. \u0623\u0648\u0634\u0648\u0627\u064a\u0627\u060c \u0645\u0644\u062a\u0632\u0645\u0629 \u0628\u0627\u0644\u0637\u0628\u064a\u0639\u0629 \u0645\u0646\u0630 \u0623\u0643\u062b\u0631 \u0645\u0646 25 \u0639\u0627\u0645\u064b\u0627\u060c \u062a\u0642\u062f\u0645 \u0644\u0643\u0645 \u0644\u062d\u0638\u0629 \u0645\u0646 \u0627\u0644\u0627\u0633\u062a\u0631\u062e\u0627\u0621 \u0648\u0627\u0644\u0645\u062a\u0639\u0629 \u0645\u0639 \u0645\u0632\u064a\u0644\u0627\u062a \u0627\u0644\u0639\u0631\u0642 \u0627\u0644\u062f\u0648\u0627\u0631\u0629 \u0627\u0644\u0645\u0642\u0627\u0648\u0645\u0629 \u0644\u0644\u0631\u0637\u0648\u0628\u0629 \u0648\u0627\u0644\u0631\u0648\u0627\u0626\u062d \u0627\u0644\u0643\u0631\u064a\u0647\u0629 \u0627\u0644\u062a\u064a \u062a\u062f\u0648\u0645 48 \u0633\u0627\u0639\u0629. \u062a\u064f\u0639\u0637\u0651\u0631 \u0645\u0646\u0637\u0642\u0629 \u0627\u0644\u0625\u0628\u0637\u064a\u0646 \u0628\u0631\u0627\u0626\u062d\u0629 \u0631\u0642\u064a\u0642\u0629\u060c \u0648\u062a\u062d\u0645\u064a\u0647\u0627 \u0645\u0646 \u0627\u0644\u0631\u0648\u0627\u0626\u062d \u0648\u0627\u0644\u062a\u0639\u0631\u0642 \u0644\u0645\u062f\u0629 24 \u0633\u0627\u0639\u0629.<\/p>","protected":false},"featured_media":26737,"template":"","meta":[],"pwb-brand":[1440],"product_brand":[],"product_cat":[1228],"product_tag":[686],"class_list":{"0":"post-26735","1":"product","2":"type-product","3":"status-publish","4":"has-post-thumbnail","6":"pwb-brand-ushuaia","7":"product_cat-deodorants","8":"product_tag-deodorant","10":"first","11":"outofstock","12":"shipping-taxable","13":"product-type-variable","14":"has-default-attributes","15":"wvs-archive-product-wrapper"},"brands":[{"id":1440,"name":"Ushuaia","slug":"ushuaia"}],"_links":{"self":[{"href":"https:\/\/gopinkish.com\/fr\/wp-json\/wp\/v2\/product\/26735","targetHints":{"allow":["GET"]}}],"collection":[{"href":"https:\/\/gopinkish.com\/fr\/wp-json\/wp\/v2\/product"}],"about":[{"href":"https:\/\/gopinkish.com\/fr\/wp-json\/wp\/v2\/types\/product"}],"wp:featuredmedia":[{"embeddable":true,"href":"https:\/\/gopinkish.com\/fr\/wp-json\/wp\/v2\/media\/26737"}],"wp:attachment":[{"href":"https:\/\/gopinkish.com\/fr\/wp-json\/wp\/v2\/media?parent=26735"}],"wp:term":[{"taxonomy":"pwb-brand","embeddable":true,"href":"https:\/\/gopinkish.com\/fr\/wp-json\/wp\/v2\/pwb-brand?post=26735"},{"taxonomy":"product_brand","embeddable":true,"href":"https:\/\/gopinkish.com\/fr\/wp-json\/wp\/v2\/product_brand?post=26735"},{"taxonomy":"product_cat","embeddable":true,"href":"https:\/\/gopinkish.com\/fr\/wp-json\/wp\/v2\/product_cat?post=26735"},{"taxonomy":"product_tag","embeddable":true,"href":"https:\/\/gopinkish.com\/fr\/wp-json\/wp\/v2\/product_tag?post=26735"}],"curies":[{"name":"wp","href":"https:\/\/api.w.org\/{rel}","templated":true}]}}