{"id":26728,"date":"2025-05-25T23:10:54","date_gmt":"2025-05-25T22:10:54","guid":{"rendered":"https:\/\/gopinkish.com\/?post_type=product&#038;p=26728"},"modified":"2025-09-16T08:57:53","modified_gmt":"2025-09-16T07:57:53","slug":"3600550260526","status":"publish","type":"product","link":"https:\/\/gopinkish.com\/fr\/produit\/3600550260526\/","title":{"rendered":"D\u00e9odorant \u00e0 bille 48 heures \u00e0 la pierre d'alun et \u00e0 la fleur de cerisier"},"content":{"rendered":"<p style=\"text-align: justify;\">D\u00e9odorant roll-on 48 heures \u00e0 la pierre d'alun et \u00e0 la fleur de cerisier.<\/p>\n<p style=\"text-align: justify;\">Ushuaia, fid\u00e8le \u00e0 la nature depuis plus de 25 ans, vous offre un moment de d\u00e9tente et de plaisir avec ses d\u00e9odorants rollers 48 heures r\u00e9sistants \u00e0 l'humidit\u00e9 et aux odeurs. Parfumant d\u00e9licatement vos aisselles, il les prot\u00e8ge des odeurs et de la transpiration pendant 48 heures.<\/p>\n<p dir=\"ltr\" style=\"text-align: center;\">USHUAIA D\u00e9odorant bille Anti-humidit\u00e9 Anti-odeur 48h Grenade<\/p>","protected":false},"excerpt":{"rendered":"<p>\u0645\u0632\u064a\u0644 \u0639\u0631\u0642 \u0631\u0648\u0644 \u0623\u0648\u0646 48 \u0633\u0627\u0639\u0629 \u0628\u062d\u062c\u0631 \u0627\u0644\u0634\u0628\u0629 \u0648\u0632\u0647\u0631 \u0627\u0644\u0643\u0631\u0632. \u0623\u0648\u0634\u0648\u0627\u064a\u0627\u060c \u0645\u0644\u062a\u0632\u0645\u0629 \u0628\u0627\u0644\u0637\u0628\u064a\u0639\u0629 \u0645\u0646\u0630 \u0623\u0643\u062b\u0631 \u0645\u0646 25 \u0639\u0627\u0645\u064b\u0627\u060c \u062a\u0642\u062f\u0645 \u0644\u0643\u0645 \u0644\u062d\u0638\u0629 \u0645\u0646 \u0627\u0644\u0627\u0633\u062a\u0631\u062e\u0627\u0621 \u0648\u0627\u0644\u0645\u062a\u0639\u0629 \u0645\u0639 \u0645\u0632\u064a\u0644\u0627\u062a \u0627\u0644\u0639\u0631\u0642 \u0627\u0644\u062f\u0648\u0627\u0631\u0629 \u0627\u0644\u0645\u0642\u0627\u0648\u0645\u0629 \u0644\u0644\u0631\u0637\u0648\u0628\u0629 \u0648\u0627\u0644\u0631\u0648\u0627\u0626\u062d \u0627\u0644\u0643\u0631\u064a\u0647\u0629 \u0627\u0644\u062a\u064a \u062a\u062f\u0648\u0645 48 \u0633\u0627\u0639\u0629. \u062a\u064f\u0639\u0637\u0651\u0631 \u0645\u0646\u0637\u0642\u0629 \u0627\u0644\u0625\u0628\u0637\u064a\u0646 \u0628\u0631\u0627\u0626\u062d\u0629 \u0631\u0642\u064a\u0642\u0629\u060c \u0648\u062a\u062d\u0645\u064a\u0647\u0627 \u0645\u0646 \u0627\u0644\u0631\u0648\u0627\u0626\u062d \u0648\u0627\u0644\u062a\u0639\u0631\u0642 \u0644\u0645\u062f\u0629 48 \u0633\u0627\u0639\u0629. USHUAIA D\u00e9odorant bille Anti-humidit\u00e9 Anti-odeur 48h Grenade<\/p>","protected":false},"featured_media":26730,"template":"","meta":[],"pwb-brand":[1440],"product_brand":[],"product_cat":[1228],"product_tag":[686],"class_list":{"0":"post-26728","1":"product","2":"type-product","3":"status-publish","4":"has-post-thumbnail","6":"pwb-brand-ushuaia","7":"product_cat-deodorants","8":"product_tag-deodorant","10":"first","11":"instock","12":"shipping-taxable","13":"purchasable","14":"product-type-variable","15":"has-default-attributes","16":"wvs-archive-product-wrapper"},"brands":[{"id":1440,"name":"Ushuaia","slug":"ushuaia"}],"_links":{"self":[{"href":"https:\/\/gopinkish.com\/fr\/wp-json\/wp\/v2\/product\/26728","targetHints":{"allow":["GET"]}}],"collection":[{"href":"https:\/\/gopinkish.com\/fr\/wp-json\/wp\/v2\/product"}],"about":[{"href":"https:\/\/gopinkish.com\/fr\/wp-json\/wp\/v2\/types\/product"}],"wp:featuredmedia":[{"embeddable":true,"href":"https:\/\/gopinkish.com\/fr\/wp-json\/wp\/v2\/media\/26730"}],"wp:attachment":[{"href":"https:\/\/gopinkish.com\/fr\/wp-json\/wp\/v2\/media?parent=26728"}],"wp:term":[{"taxonomy":"pwb-brand","embeddable":true,"href":"https:\/\/gopinkish.com\/fr\/wp-json\/wp\/v2\/pwb-brand?post=26728"},{"taxonomy":"product_brand","embeddable":true,"href":"https:\/\/gopinkish.com\/fr\/wp-json\/wp\/v2\/product_brand?post=26728"},{"taxonomy":"product_cat","embeddable":true,"href":"https:\/\/gopinkish.com\/fr\/wp-json\/wp\/v2\/product_cat?post=26728"},{"taxonomy":"product_tag","embeddable":true,"href":"https:\/\/gopinkish.com\/fr\/wp-json\/wp\/v2\/product_tag?post=26728"}],"curies":[{"name":"wp","href":"https:\/\/api.w.org\/{rel}","templated":true}]}}