{"id":26708,"date":"2025-03-25T20:52:16","date_gmt":"2025-03-25T19:52:16","guid":{"rendered":"https:\/\/gopinkish.com\/?post_type=product&#038;p=26708"},"modified":"2025-06-04T17:04:00","modified_gmt":"2025-06-04T16:04:00","slug":"3600542420181","status":"publish","type":"product","link":"https:\/\/gopinkish.com\/fr\/produit\/3600542420181\/","title":{"rendered":"Shampooing au pamplemousse et au th\u00e9 vert pour cheveux normaux \u00e0 gras"},"content":{"rendered":"<p style=\"text-align: justify;\">Extrait de pamplemousse et de th\u00e9 vert pour cheveux normaux. Le shampooing Garnier Ultra Duo, une formule revitalisante pour les cheveux normaux, combine les propri\u00e9t\u00e9s rafra\u00eechissantes du th\u00e9 vert et les propri\u00e9t\u00e9s revitalisantes du pamplemousse dans une formule pure et moussante qui nettoie parfaitement vos cheveux. R\u00e9sultat : des cheveux rafra\u00eechis et revitalis\u00e9s, avec une douceur et une vitalit\u00e9 durables.<\/p>","protected":false},"excerpt":{"rendered":"<p>Extrait de pamplemousse et de th\u00e9 vert pour cheveux normaux. Le shampooing Garnier Ultra Duo, une formule revitalisante pour les cheveux normaux, combine les propri\u00e9t\u00e9s rafra\u00eechissantes du th\u00e9 vert et les propri\u00e9t\u00e9s revitalisantes du pamplemousse dans une formule pure et moussante qui nettoie parfaitement vos cheveux. R\u00e9sultat : des cheveux rafra\u00eechis et revitalis\u00e9s, avec une douceur et une vitalit\u00e9 durables.<\/p>","protected":false},"featured_media":26709,"template":"","meta":[],"pwb-brand":[218],"product_brand":[],"product_cat":[1148],"product_tag":[1436,1060],"class_list":{"0":"post-26708","1":"product","2":"type-product","3":"status-publish","4":"has-post-thumbnail","6":"pwb-brand-garnier","7":"product_cat-hair-shampoo","8":"product_tag-1436","9":"product_tag-1060","11":"first","12":"outofstock","13":"shipping-taxable","14":"product-type-variable","15":"has-default-attributes","16":"wvs-archive-product-wrapper"},"brands":[{"id":218,"name":"Garnier","slug":"garnier"}],"_links":{"self":[{"href":"https:\/\/gopinkish.com\/fr\/wp-json\/wp\/v2\/product\/26708","targetHints":{"allow":["GET"]}}],"collection":[{"href":"https:\/\/gopinkish.com\/fr\/wp-json\/wp\/v2\/product"}],"about":[{"href":"https:\/\/gopinkish.com\/fr\/wp-json\/wp\/v2\/types\/product"}],"wp:featuredmedia":[{"embeddable":true,"href":"https:\/\/gopinkish.com\/fr\/wp-json\/wp\/v2\/media\/26709"}],"wp:attachment":[{"href":"https:\/\/gopinkish.com\/fr\/wp-json\/wp\/v2\/media?parent=26708"}],"wp:term":[{"taxonomy":"pwb-brand","embeddable":true,"href":"https:\/\/gopinkish.com\/fr\/wp-json\/wp\/v2\/pwb-brand?post=26708"},{"taxonomy":"product_brand","embeddable":true,"href":"https:\/\/gopinkish.com\/fr\/wp-json\/wp\/v2\/product_brand?post=26708"},{"taxonomy":"product_cat","embeddable":true,"href":"https:\/\/gopinkish.com\/fr\/wp-json\/wp\/v2\/product_cat?post=26708"},{"taxonomy":"product_tag","embeddable":true,"href":"https:\/\/gopinkish.com\/fr\/wp-json\/wp\/v2\/product_tag?post=26708"}],"curies":[{"name":"wp","href":"https:\/\/api.w.org\/{rel}","templated":true}]}}