{"id":26683,"date":"2025-05-24T02:17:13","date_gmt":"2025-05-24T01:17:13","guid":{"rendered":"https:\/\/gopinkish.com\/?post_type=product&#038;p=26683"},"modified":"2025-09-10T22:34:05","modified_gmt":"2025-09-10T21:34:05","slug":"3700944001404","status":"publish","type":"product","link":"https:\/\/gopinkish.com\/fr\/produit\/3700944001404\/","title":{"rendered":"Shampooing \u00e0 la k\u00e9ratine active pour r\u00e9parer et renforcer les cheveux ab\u00eem\u00e9s"},"content":{"rendered":"<p style=\"text-align: justify;\">Le shampooing \u00e0 la k\u00e9ratine active de Laura Beauty Paris est la solution parfaite pour des cheveux sains et revitalis\u00e9s. Sa formule avanc\u00e9e \u00e0 base de k\u00e9ratine active r\u00e9pare et renforce en profondeur les cheveux ab\u00eem\u00e9s. En formant une barri\u00e8re protectrice, ce shampooing pr\u00e9vient les dommages potentiels caus\u00e9s par les facteurs externes.<\/p>\n<p style=\"text-align: justify;\">Adapt\u00e9 \u00e0 tous les types de cheveux, il cr\u00e9e une exp\u00e9rience sensorielle pour vos cheveux, transformant votre routine de soins capillaires en un v\u00e9ritable moment de bien-\u00eatre. Choisissez le shampooing \u00e0 la k\u00e9ratine active de Laura Beauty Paris et redonnez vitalit\u00e9 et brillance \u00e0 vos cheveux.<\/p>\n<p dir=\"ltr\" style=\"text-align: center;\">LAURA BEAUT\u00c9 Shampoing Keratin Active Sans Sulfat<\/p>","protected":false},"excerpt":{"rendered":"<p>\u0634\u0627\u0645\u0628\u0648 \u0644\u0648\u0631\u0627 \u0628\u064a\u0648\u062a\u064a \u0628\u0627\u0631\u064a\u0633 \u0628\u0627\u0644\u0643\u064a\u0631\u0627\u062a\u064a\u0646 \u0627\u0644\u0646\u0634\u0637 \u0647\u0648 \u0627\u0644\u062d\u0644 \u0627\u0644\u0623\u0645\u062b\u0644 \u0644\u0634\u0639\u0631 \u0635\u062d\u064a \u0648\u0645\u0646\u062a\u0639\u0634. \u062a\u0631\u0643\u064a\u0628\u062a\u0647 \u0627\u0644\u0645\u062a\u0637\u0648\u0631\u0629 \u0628\u0627\u0644\u0643\u064a\u0631\u0627\u062a\u064a\u0646 \u0627\u0644\u0646\u0634\u0637 \u062a\u064f\u0635\u0644\u062d \u0627\u0644\u0634\u0639\u0631 \u0627\u0644\u062a\u0627\u0644\u0641 \u0628\u0639\u0645\u0642 \u0648\u062a\u064f\u0642\u0648\u064a\u0647. \u0628\u0641\u0636\u0644 \u062a\u0643\u0648\u064a\u0646\u0647 \u062d\u0627\u062c\u0632\u064b\u0627 \u0648\u0627\u0642\u064a\u064b\u0627\u060c \u064a\u0645\u0646\u0639 \u0647\u0630\u0627 \u0627\u0644\u0634\u0627\u0645\u0628\u0648 \u0627\u0644\u0636\u0631\u0631 \u0627\u0644\u0645\u064f\u062d\u062a\u0645\u0644 \u0627\u0644\u0646\u0627\u062a\u062c \u0639\u0646 \u0627\u0644\u0639\u0648\u0627\u0645\u0644 \u0627\u0644\u062e\u0627\u0631\u062c\u064a\u0629. \u0645\u0646\u0627\u0633\u0628 \u0644\u062c\u0645\u064a\u0639 \u0623\u0646\u0648\u0627\u0639 \u0627\u0644\u0634\u0639\u0631\u060c \u064a\u064f\u0636\u0641\u064a \u0639\u0644\u0649 \u0634\u0639\u0631\u0643\u0650 \u062a\u062c\u0631\u0628\u0629\u064b \u062d\u0633\u064a\u0629\u064b \u0645\u064f\u0645\u062a\u0639\u0629\u060c \u0648\u064a\u064f\u062d\u0648\u0651\u0644 \u0631\u0648\u062a\u064a\u0646 \u0627\u0644\u0639\u0646\u0627\u064a\u0629 \u0628\u0634\u0639\u0631\u0643\u0650 \u0625\u0644\u0649 \u0644\u062d\u0638\u0629\u064d \u062d\u0642\u064a\u0642\u064a\u0629 \u0645\u0646 \u0627\u0644\u0631\u0641\u0627\u0647\u064a\u0629. \u0627\u062e\u062a\u0627\u0631\u064a \u0634\u0627\u0645\u0628\u0648 [&hellip;]<\/p>\n","protected":false},"featured_media":26685,"template":"","meta":[],"pwb-brand":[],"product_brand":[],"product_cat":[1148],"product_tag":[1035],"class_list":{"0":"post-26683","1":"product","2":"type-product","3":"status-publish","4":"has-post-thumbnail","6":"product_cat-hair-shampoo","7":"product_tag-1035","9":"first","10":"instock","11":"shipping-taxable","12":"purchasable","13":"product-type-variable","14":"has-default-attributes","15":"wvs-archive-product-wrapper"},"brands":[],"_links":{"self":[{"href":"https:\/\/gopinkish.com\/fr\/wp-json\/wp\/v2\/product\/26683","targetHints":{"allow":["GET"]}}],"collection":[{"href":"https:\/\/gopinkish.com\/fr\/wp-json\/wp\/v2\/product"}],"about":[{"href":"https:\/\/gopinkish.com\/fr\/wp-json\/wp\/v2\/types\/product"}],"wp:featuredmedia":[{"embeddable":true,"href":"https:\/\/gopinkish.com\/fr\/wp-json\/wp\/v2\/media\/26685"}],"wp:attachment":[{"href":"https:\/\/gopinkish.com\/fr\/wp-json\/wp\/v2\/media?parent=26683"}],"wp:term":[{"taxonomy":"pwb-brand","embeddable":true,"href":"https:\/\/gopinkish.com\/fr\/wp-json\/wp\/v2\/pwb-brand?post=26683"},{"taxonomy":"product_brand","embeddable":true,"href":"https:\/\/gopinkish.com\/fr\/wp-json\/wp\/v2\/product_brand?post=26683"},{"taxonomy":"product_cat","embeddable":true,"href":"https:\/\/gopinkish.com\/fr\/wp-json\/wp\/v2\/product_cat?post=26683"},{"taxonomy":"product_tag","embeddable":true,"href":"https:\/\/gopinkish.com\/fr\/wp-json\/wp\/v2\/product_tag?post=26683"}],"curies":[{"name":"wp","href":"https:\/\/api.w.org\/{rel}","templated":true}]}}