{"id":26676,"date":"2025-10-01T02:10:08","date_gmt":"2025-10-01T01:10:08","guid":{"rendered":"https:\/\/gopinkish.com\/?post_type=product&#038;p=26676"},"modified":"2026-03-26T13:30:26","modified_gmt":"2026-03-26T12:30:26","slug":"8436097095353","status":"publish","type":"product","link":"https:\/\/gopinkish.com\/fr\/produit\/8436097095353\/","title":{"rendered":"Cr\u00e8me hydratante anti-taches au niacinamide et \u00e0 l'huile d'avocat"},"content":{"rendered":"<p>La cr\u00e8me anti-taches Bioface am\u00e9liore l'apparence et la texture de la peau en r\u00e9duisant l'apparence des taches brunes et en apportant une hydratation intense. Elle contient du niacinamide, une forme puissante de vitamine B3, et de l'huile d'avocat. Sa formule cible les imperfections de la peau pour unifier le teint et pr\u00e9venir l'apparition de nouvelles taches.<\/p>\n<p><strong>Avantages :<br \/>\n<\/strong>- Riche en acide hyaluronique<\/p>\n<p>- Pr\u00e9vient l'apparition de nouvelles taches<\/p>\n<p>- Am\u00e9liore l'aspect de la peau<\/p>\n<p>- Une peau \u00e9clatante et lumineuse<\/p>\n<p>- Utilisation non grasse<\/p>\n<p dir=\"ltr\" style=\"text-align: center;\">\ud83c\uddec\ud83c\udde7 Byphasse Cr\u00e8me anti-taches au niacinamide (unifiante et hydratante)<br \/>\n\ud83c\uddeb\ud83c\uddf7 Byphasse Cr\u00e8me Niacinamide Anti-Taches Unifiante &amp; Hydratante<\/p>","protected":false},"excerpt":{"rendered":"<p>\u0643\u0631\u064a\u0645 \u0628\u0627\u064a\u0641\u0627\u0633 \u0627\u0644\u0645\u0636\u0627\u062f \u0644\u0644\u0628\u0642\u0639 \u0627\u0644\u062f\u0627\u0643\u0646\u0629 \u064a\u064f\u062d\u0633\u0651\u0646 \u0645\u0638\u0647\u0631 \u0627\u0644\u0628\u0634\u0631\u0629 \u0648\u0645\u0644\u0645\u0633\u0647\u0627 \u0628\u062a\u0642\u0644\u064a\u0644 \u0638\u0647\u0648\u0631 \u0627\u0644\u0628\u0642\u0639 \u0627\u0644\u062f\u0627\u0643\u0646\u0629 \u0648\u062a\u0648\u0641\u064a\u0631 \u062a\u0631\u0637\u064a\u0628 \u0645\u0643\u062b\u0641. \u064a\u062d\u062a\u0648\u064a \u0639\u0644\u0649 \u0627\u0644\u0646\u064a\u0627\u0633\u064a\u0646\u0627\u0645\u064a\u062f\u060c \u0648\u0647\u0648 \u0634\u0643\u0644 \u0641\u0639\u0627\u0644 \u0645\u0646 \u0641\u064a\u062a\u0627\u0645\u064a\u0646 \u06283\u060c \u0648\u0632\u064a\u062a \u0627\u0644\u0623\u0641\u0648\u0643\u0627\u062f\u0648. \u062a\u0631\u0643\u064a\u0628\u062a\u0647 \u062a\u0633\u062a\u0647\u062f\u0641 \u0639\u064a\u0648\u0628 \u0627\u0644\u0628\u0634\u0631\u0629 \u0644\u062a\u0648\u062d\u064a\u062f \u0644\u0648\u0646\u0647\u0627 \u0648\u0645\u0646\u0639 \u0638\u0647\u0648\u0631 \u0628\u0642\u0639 \u062c\u062f\u064a\u062f\u0629. \u0627\u0644\u0641\u0648\u0627\u0626\u062f: \u2013 \u063a\u0646\u064a \u0628\u062d\u0645\u0636 \u0627\u0644\u0647\u064a\u0627\u0644\u0648\u0631\u0648\u0646\u064a\u0643 \u2013 \u064a\u0645\u0646\u0639 \u0638\u0647\u0648\u0631 \u0628\u0642\u0639 \u062c\u062f\u064a\u062f\u0629 \u2013 \u064a\u064f\u062d\u0633\u0651\u0646 \u0645\u0638\u0647\u0631 \u0627\u0644\u0628\u0634\u0631\u0629 \u2013 \u0628\u0634\u0631\u0629 \u0645\u0634\u0631\u0642\u0629 \u0648\u0645\u062a\u0623\u0644\u0642\u0629 [&hellip;]<\/p>\n","protected":false},"featured_media":26680,"template":"","meta":[],"pwb-brand":[428],"product_brand":[],"product_cat":[1123,1231,1121],"product_tag":[675,697,671],"class_list":{"0":"post-26676","1":"product","2":"type-product","3":"status-publish","4":"has-post-thumbnail","6":"pwb-brand-byphasse","7":"product_cat-face-bright","8":"product_cat-daily-face-care","9":"product_cat-face-moist","10":"product_tag-spots","11":"product_tag-moisturizing","12":"product_tag-pigmentation","14":"first","15":"outofstock","16":"shipping-taxable","17":"product-type-variable","18":"has-default-attributes","19":"wvs-archive-product-wrapper"},"brands":[{"id":428,"name":"Byphasse","slug":"byphasse"}],"_links":{"self":[{"href":"https:\/\/gopinkish.com\/fr\/wp-json\/wp\/v2\/product\/26676","targetHints":{"allow":["GET"]}}],"collection":[{"href":"https:\/\/gopinkish.com\/fr\/wp-json\/wp\/v2\/product"}],"about":[{"href":"https:\/\/gopinkish.com\/fr\/wp-json\/wp\/v2\/types\/product"}],"wp:featuredmedia":[{"embeddable":true,"href":"https:\/\/gopinkish.com\/fr\/wp-json\/wp\/v2\/media\/26680"}],"wp:attachment":[{"href":"https:\/\/gopinkish.com\/fr\/wp-json\/wp\/v2\/media?parent=26676"}],"wp:term":[{"taxonomy":"pwb-brand","embeddable":true,"href":"https:\/\/gopinkish.com\/fr\/wp-json\/wp\/v2\/pwb-brand?post=26676"},{"taxonomy":"product_brand","embeddable":true,"href":"https:\/\/gopinkish.com\/fr\/wp-json\/wp\/v2\/product_brand?post=26676"},{"taxonomy":"product_cat","embeddable":true,"href":"https:\/\/gopinkish.com\/fr\/wp-json\/wp\/v2\/product_cat?post=26676"},{"taxonomy":"product_tag","embeddable":true,"href":"https:\/\/gopinkish.com\/fr\/wp-json\/wp\/v2\/product_tag?post=26676"}],"curies":[{"name":"wp","href":"https:\/\/api.w.org\/{rel}","templated":true}]}}