{"id":26665,"date":"2025-05-24T00:43:02","date_gmt":"2025-05-23T23:43:02","guid":{"rendered":"https:\/\/gopinkish.com\/?post_type=product&#038;p=26665"},"modified":"2026-03-31T12:18:51","modified_gmt":"2026-03-31T11:18:51","slug":"3549620011708","status":"publish","type":"product","link":"https:\/\/gopinkish.com\/fr\/produit\/3549620011708\/","title":{"rendered":"Cr\u00e8me hydratante \u00e0 l'huile d'olive"},"content":{"rendered":"<p style=\"text-align: justify;\">Sp\u00e9cialement formul\u00e9e pour les peaux normales \u00e0 s\u00e8ches, cette cr\u00e8me de jour aide \u00e0 apaiser et \u00e0 hydrater la peau tout au long de la journ\u00e9e. Sa texture l\u00e9g\u00e8re et onctueuse enveloppe la peau d'une fine couche de douceur. La peau est fra\u00eeche et \u00e9clatante.<\/p>\n<p dir=\"ltr\" style=\"text-align: center;\">Le Petit Olivier Soin de jour hydratant Huile d'olive<\/p>","protected":false},"excerpt":{"rendered":"<p>\u0643\u0631\u064a\u0645 \u0627\u0644\u0646\u0647\u0627\u0631 \u0647\u0630\u0627\u060c \u0627\u0644\u0645\u0635\u0645\u0645 \u062e\u0635\u064a\u0635\u064b\u0627 \u0644\u0644\u0628\u0634\u0631\u0629 \u0627\u0644\u0639\u0627\u062f\u064a\u0629 \u0625\u0644\u0649 \u0627\u0644\u062c\u0627\u0641\u0629\u060c \u064a\u0633\u0627\u0639\u062f \u0639\u0644\u0649 \u062a\u0647\u062f\u0626\u0629 \u0648\u062a\u0631\u0637\u064a\u0628 \u0627\u0644\u0628\u0634\u0631\u0629 \u0637\u0648\u0627\u0644 \u0627\u0644\u064a\u0648\u0645. \u0642\u0648\u0627\u0645\u0647 \u0627\u0644\u062e\u0641\u064a\u0641 \u0648\u0627\u0644\u0646\u0627\u0639\u0645 \u064a\u063a\u0644\u0641 \u0627\u0644\u0628\u0634\u0631\u0629 \u0628\u0637\u0628\u0642\u0629 \u0631\u0642\u064a\u0642\u0629 \u0645\u0646 \u0627\u0644\u0646\u0639\u0648\u0645\u0629. \u0628\u0634\u0631\u0629 \u0646\u0636\u0631\u0629 \u0648\u0645\u0634\u0631\u0642\u0629. Le Petit Olivier Moisturizing Day Care Olive Oil<\/p>","protected":false},"featured_media":26669,"template":"","meta":[],"pwb-brand":[260],"product_brand":[],"product_cat":[1121,1231],"product_tag":[696,694],"class_list":{"0":"post-26665","1":"product","2":"type-product","3":"status-publish","4":"has-post-thumbnail","6":"pwb-brand-le-petit-olivier","7":"product_cat-face-moist","8":"product_cat-daily-face-care","9":"product_tag-dryskin","10":"product_tag-normalskin","12":"first","13":"outofstock","14":"shipping-taxable","15":"product-type-variable","16":"has-default-attributes","17":"wvs-archive-product-wrapper"},"brands":[{"id":260,"name":"Le Petit Olivier","slug":"le-petit-olivier"}],"_links":{"self":[{"href":"https:\/\/gopinkish.com\/fr\/wp-json\/wp\/v2\/product\/26665","targetHints":{"allow":["GET"]}}],"collection":[{"href":"https:\/\/gopinkish.com\/fr\/wp-json\/wp\/v2\/product"}],"about":[{"href":"https:\/\/gopinkish.com\/fr\/wp-json\/wp\/v2\/types\/product"}],"wp:featuredmedia":[{"embeddable":true,"href":"https:\/\/gopinkish.com\/fr\/wp-json\/wp\/v2\/media\/26669"}],"wp:attachment":[{"href":"https:\/\/gopinkish.com\/fr\/wp-json\/wp\/v2\/media?parent=26665"}],"wp:term":[{"taxonomy":"pwb-brand","embeddable":true,"href":"https:\/\/gopinkish.com\/fr\/wp-json\/wp\/v2\/pwb-brand?post=26665"},{"taxonomy":"product_brand","embeddable":true,"href":"https:\/\/gopinkish.com\/fr\/wp-json\/wp\/v2\/product_brand?post=26665"},{"taxonomy":"product_cat","embeddable":true,"href":"https:\/\/gopinkish.com\/fr\/wp-json\/wp\/v2\/product_cat?post=26665"},{"taxonomy":"product_tag","embeddable":true,"href":"https:\/\/gopinkish.com\/fr\/wp-json\/wp\/v2\/product_tag?post=26665"}],"curies":[{"name":"wp","href":"https:\/\/api.w.org\/{rel}","templated":true}]}}