{"id":26651,"date":"2025-05-23T23:57:40","date_gmt":"2025-05-23T22:57:40","guid":{"rendered":"https:\/\/gopinkish.com\/?post_type=product&#038;p=26651"},"modified":"2026-01-14T23:36:14","modified_gmt":"2026-01-14T22:36:14","slug":"3549621070018","status":"publish","type":"product","link":"https:\/\/gopinkish.com\/fr\/produit\/3549621070018\/","title":{"rendered":"Nettoyant solide pour le visage au charbon de bois"},"content":{"rendered":"<p style=\"text-align: justify;\">Formul\u00e9 avec 99% ingr\u00e9dients naturels, ce nettoyant solide purifiant pour le visage est sp\u00e9cialement con\u00e7u pour les peaux mixtes \u00e0 grasses. Il purifie la peau et \u00e9limine l'exc\u00e8s de s\u00e9bum. Sa formule solide au charbon \u00e9limine les impuret\u00e9s et resserre les pores. Enrichi en huile de jojoba et en huile d'olive, il nettoie la peau en douceur au quotidien.<\/p>\n<p dir=\"ltr\" style=\"text-align: center;\">Le Petit Olivier Nettoyant Purifiant Solide Bar Savon Charbon V\u00e9g\u00e9tal<\/p>","protected":false},"excerpt":{"rendered":"<p>\u0647\u0630\u0627 \u0627\u0644\u0645\u0646\u0638\u0641 \u0627\u0644\u0635\u0644\u0628 \u0627\u0644\u0645\u064f\u0646\u0642\u0651\u064a \u0644\u0644\u0648\u062c\u0647\u060c \u0627\u0644\u0645\u064f\u0643\u0648\u0651\u0646 \u0645\u0646 99% \u0645\u0646 \u0645\u0643\u0648\u0646\u0627\u062a \u0637\u0628\u064a\u0639\u064a\u0629\u060c \u0645\u064f\u0635\u0645\u0651\u0645 \u062e\u0635\u064a\u0635\u0627\u064b \u0644\u0644\u0628\u0634\u0631\u0629 \u0627\u0644\u0645\u062e\u062a\u0644\u0637\u0629 \u0625\u0644\u0649 \u0627\u0644\u062f\u0647\u0646\u064a\u0629. \u064a\u064f\u0646\u0642\u0651\u064a \u0627\u0644\u0628\u0634\u0631\u0629 \u0648\u064a\u064f\u0632\u064a\u0644 \u0627\u0644\u062f\u0647\u0648\u0646 \u0627\u0644\u0632\u0627\u0626\u062f\u0629. \u062a\u0631\u0643\u064a\u0628\u062a\u0647 \u0627\u0644\u0635\u0644\u0628\u0629 \u0645\u0639 \u0627\u0644\u0641\u062d\u0645 \u0627\u0644\u0646\u0628\u0627\u062a\u064a \u062a\u064f\u0632\u064a\u0644 \u0627\u0644\u0634\u0648\u0627\u0626\u0628 \u0648\u062a\u064f\u0636\u064a\u0651\u0642 \u0627\u0644\u0645\u0633\u0627\u0645. \u0645\u064f\u0639\u0632\u0651\u0632 \u0628\u0632\u064a\u062a \u0627\u0644\u062c\u0648\u062c\u0648\u0628\u0627 \u0648\u0632\u064a\u062a \u0627\u0644\u0632\u064a\u062a\u0648\u0646\u060c \u064a\u064f\u0646\u0638\u0651\u0641 \u0627\u0644\u0628\u0634\u0631\u0629 \u0628\u0644\u0637\u0641 \u064a\u0648\u0645\u064a\u0627\u064b. Le Petit Olivier Nettoyant Purifiant Solide Bar Savon Charbon V\u00e9g\u00e9tal<\/p>","protected":false},"featured_media":26653,"template":"","meta":[],"pwb-brand":[260],"product_brand":[],"product_cat":[1119,1231],"product_tag":[689,695],"class_list":{"0":"post-26651","1":"product","2":"type-product","3":"status-publish","4":"has-post-thumbnail","6":"pwb-brand-le-petit-olivier","7":"product_cat-face-wash","8":"product_cat-daily-face-care","9":"product_tag-oily","10":"product_tag-mixedskin","12":"first","13":"instock","14":"shipping-taxable","15":"purchasable","16":"product-type-variable","17":"has-default-attributes","18":"wvs-archive-product-wrapper"},"brands":[{"id":260,"name":"Le Petit Olivier","slug":"le-petit-olivier"}],"_links":{"self":[{"href":"https:\/\/gopinkish.com\/fr\/wp-json\/wp\/v2\/product\/26651","targetHints":{"allow":["GET"]}}],"collection":[{"href":"https:\/\/gopinkish.com\/fr\/wp-json\/wp\/v2\/product"}],"about":[{"href":"https:\/\/gopinkish.com\/fr\/wp-json\/wp\/v2\/types\/product"}],"wp:featuredmedia":[{"embeddable":true,"href":"https:\/\/gopinkish.com\/fr\/wp-json\/wp\/v2\/media\/26653"}],"wp:attachment":[{"href":"https:\/\/gopinkish.com\/fr\/wp-json\/wp\/v2\/media?parent=26651"}],"wp:term":[{"taxonomy":"pwb-brand","embeddable":true,"href":"https:\/\/gopinkish.com\/fr\/wp-json\/wp\/v2\/pwb-brand?post=26651"},{"taxonomy":"product_brand","embeddable":true,"href":"https:\/\/gopinkish.com\/fr\/wp-json\/wp\/v2\/product_brand?post=26651"},{"taxonomy":"product_cat","embeddable":true,"href":"https:\/\/gopinkish.com\/fr\/wp-json\/wp\/v2\/product_cat?post=26651"},{"taxonomy":"product_tag","embeddable":true,"href":"https:\/\/gopinkish.com\/fr\/wp-json\/wp\/v2\/product_tag?post=26651"}],"curies":[{"name":"wp","href":"https:\/\/api.w.org\/{rel}","templated":true}]}}