{"id":26634,"date":"2025-05-23T23:01:31","date_gmt":"2025-05-23T22:01:31","guid":{"rendered":"https:\/\/gopinkish.com\/?post_type=product&#038;p=26634"},"modified":"2025-06-29T01:16:18","modified_gmt":"2025-06-29T00:16:18","slug":"3600551103044","status":"publish","type":"product","link":"https:\/\/gopinkish.com\/fr\/produit\/3600551103044\/","title":{"rendered":"Shampooing 2 en 1 \u00e0 l'huile d'argan pour nourrir et faire briller les cheveux secs et cr\u00e9pus"},"content":{"rendered":"<p style=\"text-align: justify;\">Un shampooing 2 en 1 ultra-doux \u00e0 l'huile d'argan qui nourrit, d\u00e9m\u00eale et fait briller les cheveux secs ou cr\u00e9pus. R\u00e9sultat : des cheveux plus lisses, plus faciles \u00e0 coiffer et qui retrouvent leur \u00e9clat jour apr\u00e8s jour.<\/p>","protected":false},"excerpt":{"rendered":"<p>Un shampooing 2 en 1 ultra-doux \u00e0 l'huile d'argan qui nourrit, d\u00e9m\u00eale et fait briller les cheveux secs ou cr\u00e9pus. R\u00e9sultat : des cheveux plus lisses, plus faciles \u00e0 coiffer et qui retrouvent leur \u00e9clat jour apr\u00e8s jour.<\/p>","protected":false},"featured_media":26635,"template":"","meta":[],"pwb-brand":[1397],"product_brand":[],"product_cat":[1148],"product_tag":[],"class_list":{"0":"post-26634","1":"product","2":"type-product","3":"status-publish","4":"has-post-thumbnail","6":"pwb-brand-dop","7":"product_cat-hair-shampoo","9":"first","10":"outofstock","11":"shipping-taxable","12":"product-type-variable","13":"has-default-attributes","14":"wvs-archive-product-wrapper"},"brands":[{"id":1397,"name":"DOP","slug":"dop"}],"_links":{"self":[{"href":"https:\/\/gopinkish.com\/fr\/wp-json\/wp\/v2\/product\/26634","targetHints":{"allow":["GET"]}}],"collection":[{"href":"https:\/\/gopinkish.com\/fr\/wp-json\/wp\/v2\/product"}],"about":[{"href":"https:\/\/gopinkish.com\/fr\/wp-json\/wp\/v2\/types\/product"}],"wp:featuredmedia":[{"embeddable":true,"href":"https:\/\/gopinkish.com\/fr\/wp-json\/wp\/v2\/media\/26635"}],"wp:attachment":[{"href":"https:\/\/gopinkish.com\/fr\/wp-json\/wp\/v2\/media?parent=26634"}],"wp:term":[{"taxonomy":"pwb-brand","embeddable":true,"href":"https:\/\/gopinkish.com\/fr\/wp-json\/wp\/v2\/pwb-brand?post=26634"},{"taxonomy":"product_brand","embeddable":true,"href":"https:\/\/gopinkish.com\/fr\/wp-json\/wp\/v2\/product_brand?post=26634"},{"taxonomy":"product_cat","embeddable":true,"href":"https:\/\/gopinkish.com\/fr\/wp-json\/wp\/v2\/product_cat?post=26634"},{"taxonomy":"product_tag","embeddable":true,"href":"https:\/\/gopinkish.com\/fr\/wp-json\/wp\/v2\/product_tag?post=26634"}],"curies":[{"name":"wp","href":"https:\/\/api.w.org\/{rel}","templated":true}]}}