{"id":26587,"date":"2025-05-22T23:27:26","date_gmt":"2025-05-22T22:27:26","guid":{"rendered":"https:\/\/gopinkish.com\/?post_type=product&#038;p=26587"},"modified":"2025-09-16T08:58:06","modified_gmt":"2025-09-16T07:58:06","slug":"4005900917867","status":"publish","type":"product","link":"https:\/\/gopinkish.com\/fr\/produit\/4005900917867\/","title":{"rendered":"Shampooing pour prot\u00e9ger et lustrer les cheveux color\u00e9s et teint\u00e9s"},"content":{"rendered":"<p style=\"text-align: justify;\">Le shampooing Nivea Colour Protect chouchoute les cheveux avant et apr\u00e8s le lavage. Il apporte un soin intensif et une protection sp\u00e9ciale aux cheveux color\u00e9s ou m\u00e9ch\u00e9s. Avec un parfum agr\u00e9able et des ingr\u00e9dients pr\u00e9cieux qui rendent le soin des cheveux vraiment sp\u00e9cial.<\/p>\n<p dir=\"ltr\" style=\"text-align: center;\">NIVEA Shampooing Colour Brilliance<\/p>","protected":false},"excerpt":{"rendered":"<p>\u0634\u0627\u0645\u0628\u0648 \u0646\u064a\u0641\u064a\u0627 \u0643\u0648\u0644\u0648\u0631 \u0628\u0631\u0648\u062a\u0643\u062a \u064a\u062f\u0644\u0644 \u0627\u0644\u0634\u0639\u0631 \u0642\u0628\u0644 \u0627\u0644\u063a\u0633\u064a\u0644 \u0648\u0628\u0639\u062f\u0647. \u064a\u0648\u0641\u0631 \u0639\u0646\u0627\u064a\u0629 \u0645\u0631\u0643\u0632\u0629 \u0648\u062d\u0645\u0627\u064a\u0629 \u062e\u0627\u0635\u0629 \u0644\u0644\u0634\u0639\u0631 \u0627\u0644\u0645\u0635\u0628\u0648\u063a \u0623\u0648 \u0627\u0644\u0645\u062d\u062a\u0648\u0649 \u0639\u0644\u0649 \u0647\u0627\u064a\u062a\u0644\u0627\u064a\u062a\u0633. \u0645\u0639 \u0631\u0627\u0626\u062d\u0629 \u0644\u0637\u064a\u0641\u0629 \u0648 \u0645\u0643\u0648\u0646\u0627\u062a \u0642\u064a\u0645\u0629 \u062a\u062c\u0639\u0644 \u0627\u0644\u0639\u0646\u0627\u064a\u0629 \u0628\u0627\u0644\u0634\u0639\u0631 \u062e\u0627\u0635\u0629 \u062d\u0642\u0627. NIVEA Shampoing Color Brilliance<\/p>","protected":false},"featured_media":26588,"template":"","meta":[],"pwb-brand":[236],"product_brand":[],"product_cat":[1148,1156],"product_tag":[1041],"class_list":{"0":"post-26587","1":"product","2":"type-product","3":"status-publish","4":"has-post-thumbnail","6":"pwb-brand-nivea","7":"product_cat-hair-shampoo","8":"product_cat-dyed-hair-care","9":"product_tag-1041","11":"first","12":"instock","13":"shipping-taxable","14":"purchasable","15":"product-type-variable","16":"has-default-attributes","17":"wvs-archive-product-wrapper"},"brands":[{"id":236,"name":"Nivea","slug":"nivea"}],"_links":{"self":[{"href":"https:\/\/gopinkish.com\/fr\/wp-json\/wp\/v2\/product\/26587","targetHints":{"allow":["GET"]}}],"collection":[{"href":"https:\/\/gopinkish.com\/fr\/wp-json\/wp\/v2\/product"}],"about":[{"href":"https:\/\/gopinkish.com\/fr\/wp-json\/wp\/v2\/types\/product"}],"wp:featuredmedia":[{"embeddable":true,"href":"https:\/\/gopinkish.com\/fr\/wp-json\/wp\/v2\/media\/26588"}],"wp:attachment":[{"href":"https:\/\/gopinkish.com\/fr\/wp-json\/wp\/v2\/media?parent=26587"}],"wp:term":[{"taxonomy":"pwb-brand","embeddable":true,"href":"https:\/\/gopinkish.com\/fr\/wp-json\/wp\/v2\/pwb-brand?post=26587"},{"taxonomy":"product_brand","embeddable":true,"href":"https:\/\/gopinkish.com\/fr\/wp-json\/wp\/v2\/product_brand?post=26587"},{"taxonomy":"product_cat","embeddable":true,"href":"https:\/\/gopinkish.com\/fr\/wp-json\/wp\/v2\/product_cat?post=26587"},{"taxonomy":"product_tag","embeddable":true,"href":"https:\/\/gopinkish.com\/fr\/wp-json\/wp\/v2\/product_tag?post=26587"}],"curies":[{"name":"wp","href":"https:\/\/api.w.org\/{rel}","templated":true}]}}