{"id":26570,"date":"2025-05-22T22:45:05","date_gmt":"2025-05-22T21:45:05","guid":{"rendered":"https:\/\/gopinkish.com\/?post_type=product&#038;p=26570"},"modified":"2025-08-02T15:43:36","modified_gmt":"2025-08-02T14:43:36","slug":"3600550283297","status":"publish","type":"product","link":"https:\/\/gopinkish.com\/fr\/produit\/3600550283297\/","title":{"rendered":"Shampooing \u00e0 la k\u00e9ratine pour prot\u00e9ger les cheveux sensibles de la chaleur et de la s\u00e9cheresse"},"content":{"rendered":"<p style=\"text-align: justify;\">Shampooing professionnel qui prot\u00e8ge contre la chaleur et la s\u00e9cheresse<\/p>\n<p style=\"text-align: justify;\"><span class=\"aNeGP0gI0B9AV8JaHPyH\" data-src-align=\"24:1\">Shampooing Expert Protection 230 C<\/span>\u00a0<span class=\"aNeGP0gI0B9AV8JaHPyH\" data-src-align=\"47:5\">Pour les femmes<\/span> <span class=\"aNeGP0gI0B9AV8JaHPyH\" data-src-align=\"53:4\">Th\u00e9saurus<\/span> <span class=\"aNeGP0gI0B9AV8JaHPyH\" data-src-align=\"63:10\">Cheveux sensibles<\/span> <span class=\"aNeGP0gI0B9AV8JaHPyH\" data-src-align=\"89:3\">En raison de l'utilisation<\/span> <span class=\"aNeGP0gI0B9AV8JaHPyH\" data-src-align=\"81:7\">R\u00e9guli\u00e8re<\/span> <span class=\"aNeGP0gI0B9AV8JaHPyH\" data-src-align=\"103:7\">Pour les appareils<\/span> <span class=\"aNeGP0gI0B9AV8JaHPyH\" data-src-align=\"96:6\">Chaud<\/span> <span class=\"aNeGP0gI0B9AV8JaHPyH\" data-src-align=\"112:42\">(s\u00e8che-cheveux, lisseur, brosse chauffante).<\/span><\/p>\n<p style=\"text-align: justify;\"><span class=\"aNeGP0gI0B9AV8JaHPyH\" data-src-align=\"173:7\">Sa composition<\/span> <span class=\"aNeGP0gI0B9AV8JaHPyH\" data-src-align=\"159:8\">Sans silicone<\/span> <span class=\"aNeGP0gI0B9AV8JaHPyH\" data-src-align=\"182:8\">Fertilis\u00e9.<\/span> <span class=\"aNeGP0gI0B9AV8JaHPyH\" data-src-align=\"196:13\">En renfor\u00e7ant<\/span> <span class=\"aNeGP0gI0B9AV8JaHPyH\" data-src-align=\"210:3\">Supporter<\/span> <span class=\"aNeGP0gI0B9AV8JaHPyH\" data-src-align=\"214:7\">Pour la k\u00e9ratine<\/span> <span class=\"aNeGP0gI0B9AV8JaHPyH\" data-src-align=\"242:6\">Et xylose<\/span> <span class=\"aNeGP0gI0B9AV8JaHPyH\" data-src-align=\"231:10\">Le protecteur<\/span> <span class=\"aNeGP0gI0B9AV8JaHPyH\" data-src-align=\"226:4\">De la chaleur<\/span> <span class=\"aNeGP0gI0B9AV8JaHPyH\" data-src-align=\"250:9\">maintient<\/span> <span class=\"aNeGP0gI0B9AV8JaHPyH\" data-src-align=\"265:4\">sur vos cheveux<\/span> <span class=\"aNeGP0gI0B9AV8JaHPyH\" data-src-align=\"270:4\">De<\/span> <span class=\"aNeGP0gI0B9AV8JaHPyH\" data-src-align=\"275:6\">D\u00e9shydratation<\/span> <span class=\"aNeGP0gI0B9AV8JaHPyH\" data-src-align=\"290:5\">et le rendre<\/span> <span class=\"aNeGP0gI0B9AV8JaHPyH\" data-src-align=\"301:8\">Merna<\/span> <span class=\"aNeGP0gI0B9AV8JaHPyH\" data-src-align=\"314:5\">Et brillant<\/span>. <span class=\"aNeGP0gI0B9AV8JaHPyH\" data-src-align=\"339:68\">Pour de meilleurs r\u00e9sultats.<\/span><\/p>\n<p style=\"text-align: justify;\"><span class=\"aNeGP0gI0B9AV8JaHPyH\" data-src-align=\"411:6\">R\u00e9sultat<\/span><span class=\"aNeGP0gI0B9AV8JaHPyH\" data-src-align=\"431:9\">: Les cheveux sont prot\u00e9g\u00e9s<\/span> <span class=\"aNeGP0gI0B9AV8JaHPyH\" data-src-align=\"450:36\">A partir d'appareils de chauffage jusqu'\u00e0 230 \u00b0.<\/span><\/p>\n<p dir=\"ltr\" style=\"text-align: center;\">FRANCK PROVOST EXPERT PROTECTION 230\u00b0C Shampooing Professionnel R\u00e9pare et Prot\u00e8ge du Dess\u00e9chement<\/p>","protected":false},"excerpt":{"rendered":"<p>\u0634\u0627\u0645\u0628\u0648 \u0625\u062d\u062a\u0631\u0627\u0641\u064a \u064a\u062d\u0645\u064a \u0645\u0646 \u0627\u0644\u062d\u0631\u0627\u0631\u0629 \u0648 \u0627\u0644\u062c\u0641\u0627\u0641 \u0625\u0643\u0633\u0628\u0631\u062a \u0628\u0631\u0648\u062a\u064a\u0643\u0634\u0646 230 C \u0634\u0627\u0645\u0628\u0648\u00a0\u0644\u0644\u0646\u0633\u0627\u0621 \u0630\u0648\u0627\u062a \u0627\u0644\u0634\u0639\u0631 \u0627\u0644\u062d\u0633\u0627\u0633 \u0628\u0633\u0628\u0628 \u0627\u0644\u0627\u0633\u062a\u062e\u062f\u0627\u0645 \u0627\u0644\u0645\u0646\u062a\u0638\u0645 \u0644\u0644\u0623\u062c\u0647\u0632\u0629 \u0627\u0644\u0633\u0627\u062e\u0646\u0629 (\u0645\u062c\u0641\u0641\u060c \u0645\u0643\u0648\u0627\u0629 \u0641\u0631\u062f \u0627\u0644\u0634\u0639\u0631\u060c \u0641\u0631\u0634\u0627\u0629 \u062a\u0633\u062e\u064a\u0646). \u062a\u0631\u0643\u064a\u0628\u062a\u0647 \u0627\u0644\u062e\u0627\u0644\u064a\u0629 \u0645\u0646 \u0627\u0644\u0633\u064a\u0644\u064a\u0643\u0648\u0646 \u060c \u0627\u0644\u0645\u062e\u0635\u0628\u0629 \u0628\u062a\u0642\u0648\u064a\u0629 \u0627\u0644\u0645\u0624\u064a\u062f \u0644\u0644\u0643\u064a\u0631\u0627\u062a\u064a\u0646 \u0648\u0627\u0644\u0632\u064a\u0644\u0648\u0632 \u0627\u0644\u0648\u0627\u0642\u064a \u0645\u0646 \u0627\u0644\u062d\u0631\u0627\u0631\u0629 \u060c \u062a\u062d\u0627\u0641\u0638 \u0639\u0644\u0649 \u0634\u0639\u0631\u0643 \u0645\u0646 \u0627\u0644\u062c\u0641\u0627\u0641 \u0648\u062a\u062c\u0639\u0644\u0647 \u0645\u0631\u0646\u0627 \u0648\u0644\u0627\u0645\u0639\u0627. \u0644\u0644\u062d\u0635\u0648\u0644 \u0639\u0644\u0649 \u0623\u0641\u0636\u0644 \u0646\u062a\u064a\u062c\u0629. \u0627\u0644\u0646\u062a\u064a\u062c\u0629: \u0627\u0644\u0634\u0639\u0631 \u0645\u062d\u0645\u064a [&hellip;]<\/p>\n","protected":false},"featured_media":26571,"template":"","meta":[],"pwb-brand":[1439],"product_brand":[],"product_cat":[1148],"product_tag":[],"class_list":{"0":"post-26570","1":"product","2":"type-product","3":"status-publish","4":"has-post-thumbnail","6":"pwb-brand-franck-provost","7":"product_cat-hair-shampoo","9":"first","10":"instock","11":"shipping-taxable","12":"purchasable","13":"product-type-variable","14":"has-default-attributes","15":"wvs-archive-product-wrapper"},"brands":[{"id":1439,"name":"Franck Provost Paris","slug":"franck-provost"}],"_links":{"self":[{"href":"https:\/\/gopinkish.com\/fr\/wp-json\/wp\/v2\/product\/26570","targetHints":{"allow":["GET"]}}],"collection":[{"href":"https:\/\/gopinkish.com\/fr\/wp-json\/wp\/v2\/product"}],"about":[{"href":"https:\/\/gopinkish.com\/fr\/wp-json\/wp\/v2\/types\/product"}],"wp:featuredmedia":[{"embeddable":true,"href":"https:\/\/gopinkish.com\/fr\/wp-json\/wp\/v2\/media\/26571"}],"wp:attachment":[{"href":"https:\/\/gopinkish.com\/fr\/wp-json\/wp\/v2\/media?parent=26570"}],"wp:term":[{"taxonomy":"pwb-brand","embeddable":true,"href":"https:\/\/gopinkish.com\/fr\/wp-json\/wp\/v2\/pwb-brand?post=26570"},{"taxonomy":"product_brand","embeddable":true,"href":"https:\/\/gopinkish.com\/fr\/wp-json\/wp\/v2\/product_brand?post=26570"},{"taxonomy":"product_cat","embeddable":true,"href":"https:\/\/gopinkish.com\/fr\/wp-json\/wp\/v2\/product_cat?post=26570"},{"taxonomy":"product_tag","embeddable":true,"href":"https:\/\/gopinkish.com\/fr\/wp-json\/wp\/v2\/product_tag?post=26570"}],"curies":[{"name":"wp","href":"https:\/\/api.w.org\/{rel}","templated":true}]}}