{"id":26516,"date":"2025-05-05T23:10:12","date_gmt":"2025-05-05T22:10:12","guid":{"rendered":"https:\/\/gopinkish.com\/?post_type=product&#038;p=26516"},"modified":"2026-01-12T01:31:39","modified_gmt":"2026-01-12T00:31:39","slug":"3600542510325","status":"publish","type":"product","link":"https:\/\/gopinkish.com\/fr\/produit\/3600542510325\/","title":{"rendered":"Masque capillaire sans silicone pour hydrater, lisser et d\u00e9m\u00ealer les cheveux"},"content":{"rendered":"<p style=\"text-align: justify;\">Le masque de traitement capillaire sans silicone Ultra Suave hydrate et d\u00e9m\u00eale les cheveux en profondeur pour un r\u00e9sultat parfait pendant 72 heures. Il agit en une minute et laisse les cheveux doux comme de la soie, sans r\u00e9sidu gras.<\/p>\n<p>Hydratation instantan\u00e9e en une minute. Formule naturelle 97%, adapt\u00e9e aux pointes s\u00e8ches.<\/p>\n<p dir=\"ltr\" style=\"text-align: center;\">\ud83c\uddec\ud83c\udde7 Garnier Ultra Doux Hair Remedy Masque au charbon de bois - 400ml<br \/>\n\ud83c\uddeb\ud83c\uddf7 Garnier Ultra Doux Masque Capillaire Charbon - 400ml<\/p>","protected":false},"excerpt":{"rendered":"<p>\u0642\u0646\u0627\u0639 \u0623\u0644\u062a\u0631\u0627 \u0633\u0648\u0627\u0641 \u0644\u0639\u0644\u0627\u062c \u0627\u0644\u0634\u0639\u0631 \u0627\u0644\u062e\u0627\u0644\u064a \u0645\u0646 \u0627\u0644\u0633\u064a\u0644\u064a\u0643\u0648\u0646 \u064a\u064f\u0631\u0637\u0628 \u0627\u0644\u0634\u0639\u0631 \u0628\u0639\u0645\u0642 \u0648\u064a\u064f\u0641\u0643 \u062a\u0634\u0627\u0628\u0643\u0647 \u0644\u064a\u0645\u0646\u062d\u0643\u0650 \u0644\u0645\u0633\u0629 \u0646\u0647\u0627\u0626\u064a\u0629 \u0645\u062b\u0627\u0644\u064a\u0629 \u062a\u062f\u0648\u0645 72 \u0633\u0627\u0639\u0629. \u064a\u0639\u0645\u0644 \u0641\u064a \u062f\u0642\u064a\u0642\u0629 \u0648\u0627\u062d\u062f\u0629\u060c \u0648\u064a\u062a\u0631\u0643 \u0627\u0644\u0634\u0639\u0631 \u0646\u0627\u0639\u0645\u064b\u0627 \u0643\u0627\u0644\u062d\u0631\u064a\u0631 \u062f\u0648\u0646 \u0623\u064a \u0622\u062b\u0627\u0631 \u062f\u0647\u0646\u064a\u0629. \u062a\u0631\u0637\u064a\u0628 \u0641\u0648\u0631\u064a \u0641\u064a \u062f\u0642\u064a\u0642\u0629 \u0648\u0627\u062d\u062f\u0629. \u062a\u0631\u0643\u064a\u0628\u0629 \u0637\u0628\u064a\u0639\u064a\u0629 97%\u060c \u0645\u0646\u0627\u0633\u0628 \u0644\u0644\u0623\u0637\u0631\u0627\u0641 \u0627\u0644\u062c\u0627\u0641\u0629. \ud83c\uddec\ud83c\udde7 Garnier Ultra Doux Hair Remedy Charcoal Mask \u2013 400ml \ud83c\uddeb\ud83c\uddf7 Garnier [&hellip;]<\/p>\n","protected":false},"featured_media":26527,"template":"","meta":[],"pwb-brand":[218],"product_brand":[],"product_cat":[1151],"product_tag":[],"class_list":{"0":"post-26516","1":"product","2":"type-product","3":"status-publish","4":"has-post-thumbnail","6":"pwb-brand-garnier","7":"product_cat-hair-mask","9":"first","10":"instock","11":"shipping-taxable","12":"purchasable","13":"product-type-variable","14":"has-default-attributes","15":"wvs-archive-product-wrapper"},"brands":[{"id":218,"name":"Garnier","slug":"garnier"}],"_links":{"self":[{"href":"https:\/\/gopinkish.com\/fr\/wp-json\/wp\/v2\/product\/26516","targetHints":{"allow":["GET"]}}],"collection":[{"href":"https:\/\/gopinkish.com\/fr\/wp-json\/wp\/v2\/product"}],"about":[{"href":"https:\/\/gopinkish.com\/fr\/wp-json\/wp\/v2\/types\/product"}],"wp:featuredmedia":[{"embeddable":true,"href":"https:\/\/gopinkish.com\/fr\/wp-json\/wp\/v2\/media\/26527"}],"wp:attachment":[{"href":"https:\/\/gopinkish.com\/fr\/wp-json\/wp\/v2\/media?parent=26516"}],"wp:term":[{"taxonomy":"pwb-brand","embeddable":true,"href":"https:\/\/gopinkish.com\/fr\/wp-json\/wp\/v2\/pwb-brand?post=26516"},{"taxonomy":"product_brand","embeddable":true,"href":"https:\/\/gopinkish.com\/fr\/wp-json\/wp\/v2\/product_brand?post=26516"},{"taxonomy":"product_cat","embeddable":true,"href":"https:\/\/gopinkish.com\/fr\/wp-json\/wp\/v2\/product_cat?post=26516"},{"taxonomy":"product_tag","embeddable":true,"href":"https:\/\/gopinkish.com\/fr\/wp-json\/wp\/v2\/product_tag?post=26516"}],"curies":[{"name":"wp","href":"https:\/\/api.w.org\/{rel}","templated":true}]}}