{"id":26508,"date":"2025-01-21T21:39:52","date_gmt":"2025-01-21T20:39:52","guid":{"rendered":"https:\/\/gopinkish.com\/?post_type=product&#038;p=26508"},"modified":"2026-05-13T13:24:13","modified_gmt":"2026-05-13T12:24:13","slug":"85935426","status":"publish","type":"product","link":"https:\/\/gopinkish.com\/fr\/produit\/85935426\/","title":{"rendered":"Eyeliner waterproof longue dur\u00e9e en noir"},"content":{"rendered":"<p style=\"text-align: justify;\">DERMACOL AUTOMATIC WATER LIQUID EYELINER SOFT SMOOTH BLACK WATERPROOF de Dermacol est un eyeliner liquide waterproof \u00e0 la formule soyeuse. Le crayon pinceau ultrafin et flexible trace des lignes fines ou larges avec un contr\u00f4le total. Couleur noire intense et profonde de longue dur\u00e9e. Formule r\u00e9sistante \u00e0 l'eau, \u00e0 la sueur et aux d\u00e9chirures. S\u00e8che rapidement et ne fait pas de bavures. Parfait pour les yeux de chat classiques et les lignes nettes. Produit tch\u00e8que fiable.<\/p>\n<p><strong>Principaux ingr\u00e9dients et caract\u00e9ristiques<\/strong><\/p>\n<ul>\n<li>Formule liquide soyeuse<\/li>\n<li>Brosse flexible ultra-pr\u00e9cise<\/li>\n<li>Couleur noire intense et profonde<\/li>\n<li>R\u00e9sistant \u00e0 l'eau, \u00e0 la sueur et aux d\u00e9chirures<\/li>\n<li>Producteur professionnel tch\u00e8que<\/li>\n<\/ul>\n<p><strong>Principales caract\u00e9ristiques et avantages<\/strong><\/p>\n<ul>\n<li>Des couleurs d'un noir profond \u00e9poustouflant<\/li>\n<li>Tracer des lignes fines ou larges avec pr\u00e9cision<\/li>\n<li>Dur\u00e9e de vie prolong\u00e9e<\/li>\n<li>R\u00e9sistant \u00e0 l'eau et \u00e0 la d\u00e9chirure<\/li>\n<li>S\u00e8che rapidement sans bavure<\/li>\n<li>Parfait pour les yeux de chat classiques<\/li>\n<\/ul>\n<p style=\"text-align: center;\">\ud83c\uddec\ud83c\udde7 DERMACOL AUTOMATIC WATER LIQUID EYELINER SOFT SMOOTH BLACK WATERPROOF<\/p>\n<p style=\"text-align: center;\">\ud83c\uddeb\ud83c\uddf7 DERMACOL EYE-LINER LIQUIDE AUTOMATIC WATER NOIR WATERPROOF<\/p>","protected":false},"excerpt":{"rendered":"<p>\u0645\u0646\u062a\u062c DERMACOL AUTOMATIC WATER LIQUID EYELINER SOFT SMOOTH BLACK WATERPROOF \u0645\u0646 \u062f\u064a\u0631\u0645\u0627\u0643\u0648\u0644 \u0647\u0648 \u0622\u064a\u0644\u0627\u064a\u0646\u0631 \u0633\u0627\u0626\u0644 \u0645\u0642\u0627\u0648\u0645 \u0644\u0644\u0645\u0627\u0621 \u0628\u062a\u0631\u0643\u064a\u0628\u0629 \u062d\u0631\u064a\u0631\u064a\u0629 \u0646\u0627\u0639\u0645\u0629. \u0642\u0644\u0645 \u0641\u0631\u0634\u0627\u0629 \u0645\u0631\u0646\u0629 \u0648\u0641\u0627\u0626\u0642\u0629 \u0627\u0644\u062f\u0642\u0629 \u062a\u0631\u0633\u0645 \u062e\u0637\u0648\u0637\u0627\u064b \u0631\u0641\u064a\u0639\u0629 \u0623\u0648 \u0639\u0631\u064a\u0636\u0629 \u0628\u062a\u062d\u0643\u0651\u0645 \u0643\u0627\u0645\u0644. \u0644\u0648\u0646 \u0623\u0633\u0648\u062f \u0639\u0645\u064a\u0642 \u0645\u0643\u062b\u0651\u0641 \u064a\u062f\u0648\u0645 \u0637\u0648\u064a\u0644\u0627\u064b. \u062a\u0631\u0643\u064a\u0628\u0629 \u0645\u0642\u0627\u0648\u0645\u0629 \u0644\u0644\u0645\u0627\u0621 \u0648\u0627\u0644\u0639\u0631\u0642 \u0648\u0627\u0644\u062f\u0645\u0648\u0639. \u064a\u062c\u0641 \u0628\u0633\u0631\u0639\u0629 \u0648\u0644\u0627 \u064a\u062a\u0644\u0637\u062e. \u0645\u062b\u0627\u0644\u064a \u0644\u0639\u064a\u0648\u0646 \u0627\u0644\u0642\u0637\u0629 \u0627\u0644\u0643\u0644\u0627\u0633\u064a\u0643\u064a\u0629 \u0648\u0627\u0644\u062e\u0637\u0648\u0637 \u0627\u0644\u062d\u0627\u062f\u0651\u0629. \u0645\u0646\u062a\u062c \u062a\u0634\u064a\u0643\u064a [&hellip;]<\/p>\n","protected":false},"featured_media":26511,"template":"","meta":[],"pwb-brand":[],"product_brand":[],"product_cat":[1187],"product_tag":[],"class_list":{"0":"post-26508","1":"product","2":"type-product","3":"status-publish","4":"has-post-thumbnail","6":"product_cat-eyeliner-makeup","8":"first","9":"instock","10":"shipping-taxable","11":"purchasable","12":"product-type-variable","13":"has-default-attributes","14":"wvs-archive-product-wrapper"},"brands":[],"_links":{"self":[{"href":"https:\/\/gopinkish.com\/fr\/wp-json\/wp\/v2\/product\/26508","targetHints":{"allow":["GET"]}}],"collection":[{"href":"https:\/\/gopinkish.com\/fr\/wp-json\/wp\/v2\/product"}],"about":[{"href":"https:\/\/gopinkish.com\/fr\/wp-json\/wp\/v2\/types\/product"}],"wp:featuredmedia":[{"embeddable":true,"href":"https:\/\/gopinkish.com\/fr\/wp-json\/wp\/v2\/media\/26511"}],"wp:attachment":[{"href":"https:\/\/gopinkish.com\/fr\/wp-json\/wp\/v2\/media?parent=26508"}],"wp:term":[{"taxonomy":"pwb-brand","embeddable":true,"href":"https:\/\/gopinkish.com\/fr\/wp-json\/wp\/v2\/pwb-brand?post=26508"},{"taxonomy":"product_brand","embeddable":true,"href":"https:\/\/gopinkish.com\/fr\/wp-json\/wp\/v2\/product_brand?post=26508"},{"taxonomy":"product_cat","embeddable":true,"href":"https:\/\/gopinkish.com\/fr\/wp-json\/wp\/v2\/product_cat?post=26508"},{"taxonomy":"product_tag","embeddable":true,"href":"https:\/\/gopinkish.com\/fr\/wp-json\/wp\/v2\/product_tag?post=26508"}],"curies":[{"name":"wp","href":"https:\/\/api.w.org\/{rel}","templated":true}]}}