{"id":26500,"date":"2025-01-21T02:08:16","date_gmt":"2025-01-21T01:08:16","guid":{"rendered":"https:\/\/gopinkish.com\/?post_type=product&#038;p=26500"},"modified":"2025-06-18T13:13:21","modified_gmt":"2025-06-18T12:13:21","slug":"3574661593951","status":"publish","type":"product","link":"https:\/\/gopinkish.com\/fr\/produit\/3574661593951\/","title":{"rendered":"Shampooing Strength and Shine pour renforcer et lustrer les cheveux"},"content":{"rendered":"<p style=\"text-align: justify;\">Force et brillance : Pour que vos cheveux soient en bonne sant\u00e9, ils ont besoin de force et de vitalit\u00e9. Avec notre shampooing rafra\u00eechissant Power &amp; Shine, vos cheveux sont prot\u00e9g\u00e9s, renforc\u00e9s et brillants. Une recette rafra\u00eechissante : Pour ensoleiller vos cheveux, Le Petit Mercier a cr\u00e9\u00e9 un shampooing rafra\u00eechissant qui renforce et revitalise vos cheveux d\u00e8s la racine. Pomme et feuilles d'olivier biologiques : La formule de notre shampooing naturel est enrichie en pomme, fruit vitamin\u00e9 aux vertus protectrices, et en feuilles d'olivier bio aux propri\u00e9t\u00e9s d\u00e9toxifiantes.<\/p>","protected":false},"excerpt":{"rendered":"<p>\u0642\u0648\u0629 \u0648\u0644\u0645\u0639\u0627\u0646: \u0644\u064a\u062a\u0623\u0644\u0642 \u0634\u0639\u0631\u0643\u0650 \u0628\u0635\u062d\u0629 \u062c\u064a\u062f\u0629\u060c \u064a\u062d\u062a\u0627\u062c \u0625\u0644\u0649 \u0642\u0648\u0629 \u0648\u062d\u064a\u0648\u064a\u0629. \u0645\u0639 \u0634\u0627\u0645\u0628\u0648 &#8220;\u0642\u0648\u0629 \u0648\u0644\u0645\u0639\u0627\u0646&#8221; \u0627\u0644\u0645\u064f\u0646\u0639\u0634\u060c \u064a\u064f\u062d\u0645\u064a \u0634\u0639\u0631\u0643\u0650 \u0648\u064a\u064f\u0642\u0648\u0651\u0649 \u0648\u064a\u064f\u0636\u0641\u064a \u0639\u0644\u064a\u0647 \u0644\u0645\u0639\u0627\u0646\u064b\u0627. \u0648\u0635\u0641\u0629 \u0645\u064f\u0646\u0639\u0634\u0629: \u0644\u0625\u0636\u0641\u0627\u0621 \u0625\u0634\u0631\u0627\u0642\u0629 \u0627\u0644\u0634\u0645\u0633 \u0639\u0644\u0649 \u0634\u0639\u0631\u0643\u0650\u060c \u0627\u0628\u062a\u0643\u0631\u062a &#8220;\u0644\u0648 \u0628\u0648\u062a\u064a \u0645\u0627\u0631\u0633\u064a\u064a\u0647&#8221; \u0634\u0627\u0645\u0628\u0648 \u0645\u064f\u0646\u0639\u0634 \u064a\u064f\u0642\u0648\u064a \u0648\u064a\u064f\u0646\u0639\u0634 \u0634\u0639\u0631\u0643\u0650 \u0645\u0646 \u0627\u0644\u062c\u0630\u0648\u0631. \u0623\u0648\u0631\u0627\u0642 \u0627\u0644\u062a\u0641\u0627\u062d \u0648\u0627\u0644\u0632\u064a\u062a\u0648\u0646 \u0627\u0644\u0639\u0636\u0648\u064a\u0629: \u062a\u0631\u0643\u064a\u0628\u0629 \u0634\u0627\u0645\u0628\u0648\u0646\u0627 \u0627\u0644\u0637\u0628\u064a\u0639\u064a \u0645\u064f\u062f\u0639\u0651\u0645\u0629 \u0628\u0627\u0644\u062a\u0641\u0627\u062d\u060c \u0648\u0647\u064a \u0641\u0627\u0643\u0647\u0629 \u063a\u0646\u064a\u0629 \u0628\u0627\u0644\u0641\u064a\u062a\u0627\u0645\u064a\u0646\u0627\u062a \u0630\u0627\u062a \u062e\u0635\u0627\u0626\u0635 \u0648\u0642\u0627\u0626\u064a\u0629\u060c [&hellip;]<\/p>\n","protected":false},"featured_media":26506,"template":"","meta":[],"pwb-brand":[1377],"product_brand":[],"product_cat":[1148],"product_tag":[],"class_list":{"0":"post-26500","1":"product","2":"type-product","3":"status-publish","4":"has-post-thumbnail","6":"pwb-brand-le-petit-marseillais","7":"product_cat-hair-shampoo","9":"first","10":"outofstock","11":"shipping-taxable","12":"product-type-variable","13":"has-default-attributes","14":"wvs-archive-product-wrapper"},"brands":[{"id":1377,"name":"Le Petit Marseiliais","slug":"le-petit-marseillais"}],"_links":{"self":[{"href":"https:\/\/gopinkish.com\/fr\/wp-json\/wp\/v2\/product\/26500","targetHints":{"allow":["GET"]}}],"collection":[{"href":"https:\/\/gopinkish.com\/fr\/wp-json\/wp\/v2\/product"}],"about":[{"href":"https:\/\/gopinkish.com\/fr\/wp-json\/wp\/v2\/types\/product"}],"wp:featuredmedia":[{"embeddable":true,"href":"https:\/\/gopinkish.com\/fr\/wp-json\/wp\/v2\/media\/26506"}],"wp:attachment":[{"href":"https:\/\/gopinkish.com\/fr\/wp-json\/wp\/v2\/media?parent=26500"}],"wp:term":[{"taxonomy":"pwb-brand","embeddable":true,"href":"https:\/\/gopinkish.com\/fr\/wp-json\/wp\/v2\/pwb-brand?post=26500"},{"taxonomy":"product_brand","embeddable":true,"href":"https:\/\/gopinkish.com\/fr\/wp-json\/wp\/v2\/product_brand?post=26500"},{"taxonomy":"product_cat","embeddable":true,"href":"https:\/\/gopinkish.com\/fr\/wp-json\/wp\/v2\/product_cat?post=26500"},{"taxonomy":"product_tag","embeddable":true,"href":"https:\/\/gopinkish.com\/fr\/wp-json\/wp\/v2\/product_tag?post=26500"}],"curies":[{"name":"wp","href":"https:\/\/api.w.org\/{rel}","templated":true}]}}