{"id":26496,"date":"2025-01-21T01:57:22","date_gmt":"2025-01-21T00:57:22","guid":{"rendered":"https:\/\/gopinkish.com\/?post_type=product&#038;p=26496"},"modified":"2025-12-23T17:53:06","modified_gmt":"2025-12-23T16:53:06","slug":"3140100337426","status":"publish","type":"product","link":"https:\/\/gopinkish.com\/fr\/produit\/3140100337426\/","title":{"rendered":"Shampooing argent\u00e9 pour la brillance et la pr\u00e9vention du jaunissement des cheveux blancs et blonds"},"content":{"rendered":"<p style=\"text-align: justify;\">Le shampooing Eug\u00e8ne Perma Silver apporte de la brillance et pr\u00e9vient le jaunissement des cheveux blancs, blonds et d\u00e9color\u00e9s.<\/p>\n<p dir=\"ltr\" style=\"text-align: center;\">\ud83c\uddec\ud83c\udde7 Eug\u00e8ne Shampooing Perma Silver - Collections Nature<br \/>\n\ud83c\uddeb\ud83c\uddf7 Eug\u00e8ne Perma Shampooing Argent - Collections Nature<\/p>","protected":false},"excerpt":{"rendered":"<p>\u064a\u0636\u064a\u0641 \u0634\u0627\u0645\u0628\u0648 Eug\u00e8ne Perma Silver \u0644\u0645\u0639\u0627\u0646\u064b\u0627 \u0648\u064a\u0645\u0646\u0639 \u0627\u0635\u0641\u0631\u0627\u0631 \u0627\u0644\u0634\u0639\u0631 \u0627\u0644\u0623\u0628\u064a\u0636 \u0648\u0627\u0644\u0623\u0634\u0642\u0631 \u0648\u0627\u0644\u0645\u0628\u064a\u0636. \ud83c\uddec\ud83c\udde7 Eug\u00e8ne Perma Silver Shampoo \u2013 Collections Nature \ud83c\uddeb\ud83c\uddf7 Eug\u00e8ne Perma Shampooing Argent \u2013 Collections Nature<\/p>","protected":false},"featured_media":26497,"template":"","meta":[],"pwb-brand":[],"product_brand":[],"product_cat":[1148],"product_tag":[],"class_list":{"0":"post-26496","1":"product","2":"type-product","3":"status-publish","4":"has-post-thumbnail","6":"product_cat-hair-shampoo","8":"first","9":"instock","10":"shipping-taxable","11":"purchasable","12":"product-type-variable","13":"has-default-attributes","14":"wvs-archive-product-wrapper"},"brands":[],"_links":{"self":[{"href":"https:\/\/gopinkish.com\/fr\/wp-json\/wp\/v2\/product\/26496","targetHints":{"allow":["GET"]}}],"collection":[{"href":"https:\/\/gopinkish.com\/fr\/wp-json\/wp\/v2\/product"}],"about":[{"href":"https:\/\/gopinkish.com\/fr\/wp-json\/wp\/v2\/types\/product"}],"wp:featuredmedia":[{"embeddable":true,"href":"https:\/\/gopinkish.com\/fr\/wp-json\/wp\/v2\/media\/26497"}],"wp:attachment":[{"href":"https:\/\/gopinkish.com\/fr\/wp-json\/wp\/v2\/media?parent=26496"}],"wp:term":[{"taxonomy":"pwb-brand","embeddable":true,"href":"https:\/\/gopinkish.com\/fr\/wp-json\/wp\/v2\/pwb-brand?post=26496"},{"taxonomy":"product_brand","embeddable":true,"href":"https:\/\/gopinkish.com\/fr\/wp-json\/wp\/v2\/product_brand?post=26496"},{"taxonomy":"product_cat","embeddable":true,"href":"https:\/\/gopinkish.com\/fr\/wp-json\/wp\/v2\/product_cat?post=26496"},{"taxonomy":"product_tag","embeddable":true,"href":"https:\/\/gopinkish.com\/fr\/wp-json\/wp\/v2\/product_tag?post=26496"}],"curies":[{"name":"wp","href":"https:\/\/api.w.org\/{rel}","templated":true}]}}