{"id":26486,"date":"2025-01-21T01:37:49","date_gmt":"2025-01-21T00:37:49","guid":{"rendered":"https:\/\/gopinkish.com\/?post_type=product&#038;p=26486"},"modified":"2025-12-23T09:11:45","modified_gmt":"2025-12-23T08:11:45","slug":"3600542418461","status":"publish","type":"product","link":"https:\/\/gopinkish.com\/fr\/produit\/3600542418461\/","title":{"rendered":"Apr\u00e8s-shampoing \u00e0 la gel\u00e9e royale, au miel et \u00e0 la propolis pour les cheveux fragiles et cassants"},"content":{"rendered":"<p style=\"text-align: justify;\">\u0628\u0644\u0633\u0645 \u063a\u0627\u0631\u0646\u064a\u064a\u0647 \u0623\u0644\u062a\u0631\u0627 \u062f\u0648\u0643\u0633 \u0628\u063a\u0630\u0627\u0621 \u0645\u0644\u0643\u0627\u062a \u0627\u0644\u0646\u062d\u0644 \u0648\u0627\u0644\u0639\u0633\u0644 \u0648\u0627\u0644\u0628\u0631\u0648\u0628\u0648\u0644\u064a\u0633 \u0644\u0644\u0634\u0639\u0631 \u0627\u0644\u0647\u0634 \u0648\u0627\u0644\u0645\u062a\u0642\u0635\u0641. \u0627\u0644\u0646\u062a\u064a\u062c\u0629: \u064a\u064f\u0641\u0643\u0651 \u062a\u0634\u0627\u0628\u0643 \u0634\u0639\u0631\u0643\u0650 \u0648\u064a\u064f\u063a\u0630\u0651\u0649 \u0639\u0644\u0649 \u0627\u0644\u0641\u0648\u0631\u060c \u0648\u064a\u064f\u062d\u0633\u0651\u0646 \u0645\u0646 \u062d\u0645\u0627\u064a\u062a\u0647 \u0648\u0625\u0635\u0644\u0627\u062d\u0647 \u062d\u062a\u0649 \u0623\u0637\u0631\u0627\u0641\u0647\u060c \u0648\u064a\u064f\u0642\u0648\u0651\u0649. \u064a\u0635\u0628\u062d \u0623\u0642\u0648\u0649 \u0648\u0623\u0643\u062b\u0631 \u0644\u0645\u0639\u0627\u0646\u064b\u0627\u060c \u0648\u0623\u0633\u0647\u0644 \u062a\u0635\u0641\u064a\u0641\u064b\u0627. \u0646\u0627\u0639\u0645 \u0627\u0644\u0645\u0644\u0645\u0633\u060c \u064a\u064f\u0634\u0639\u0651 \u062c\u0645\u0627\u0644\u064b\u0627.<\/p>\n<p dir=\"ltr\" style=\"text-align: center;\">\ud83c\uddec\ud83c\udde7 Garnier Ultra Doux Restoring Conditioner \u2013 Honey Treasures<br \/>\n\ud83c\uddeb\ud83c\uddf7 Garnier Ultra Doux Apr\u00e8s-Shampooing Reconstituant \u2013 Tr\u00e9sors de Miel<\/p>","protected":false},"excerpt":{"rendered":"<p>\u0628\u0644\u0633\u0645 \u063a\u0627\u0631\u0646\u064a\u064a\u0647 \u0623\u0644\u062a\u0631\u0627 \u062f\u0648\u0643\u0633 \u0628\u063a\u0630\u0627\u0621 \u0645\u0644\u0643\u0627\u062a \u0627\u0644\u0646\u062d\u0644 \u0648\u0627\u0644\u0639\u0633\u0644 \u0648\u0627\u0644\u0628\u0631\u0648\u0628\u0648\u0644\u064a\u0633 \u0644\u0644\u0634\u0639\u0631 \u0627\u0644\u0647\u0634 \u0648\u0627\u0644\u0645\u062a\u0642\u0635\u0641. \u0627\u0644\u0646\u062a\u064a\u062c\u0629: \u064a\u064f\u0641\u0643\u0651 \u062a\u0634\u0627\u0628\u0643 \u0634\u0639\u0631\u0643\u0650 \u0648\u064a\u064f\u063a\u0630\u0651\u0649 \u0639\u0644\u0649 \u0627\u0644\u0641\u0648\u0631\u060c \u0648\u064a\u064f\u062d\u0633\u0651\u0646 \u0645\u0646 \u062d\u0645\u0627\u064a\u062a\u0647 \u0648\u0625\u0635\u0644\u0627\u062d\u0647 \u062d\u062a\u0649 \u0623\u0637\u0631\u0627\u0641\u0647\u060c \u0648\u064a\u064f\u0642\u0648\u0651\u0649. \u064a\u0635\u0628\u062d \u0623\u0642\u0648\u0649 \u0648\u0623\u0643\u062b\u0631 \u0644\u0645\u0639\u0627\u0646\u064b\u0627\u060c \u0648\u0623\u0633\u0647\u0644 \u062a\u0635\u0641\u064a\u0641\u064b\u0627. \u0646\u0627\u0639\u0645 \u0627\u0644\u0645\u0644\u0645\u0633\u060c \u064a\u064f\u0634\u0639\u0651 \u062c\u0645\u0627\u0644\u064b\u0627. \ud83c\uddec\ud83c\udde7 Garnier Ultra Doux Restoring Conditioner \u2013 Honey Treasures \ud83c\uddeb\ud83c\uddf7 Garnier Ultra Doux Apr\u00e8s-Shampooing Reconstituant \u2013 Tr\u00e9sors de Miel<\/p>","protected":false},"featured_media":26488,"template":"","meta":[],"pwb-brand":[218],"product_brand":[],"product_cat":[1149],"product_tag":[677,750],"class_list":{"0":"post-26486","1":"product","2":"type-product","3":"status-publish","4":"has-post-thumbnail","6":"pwb-brand-garnier","7":"product_cat-hair-cond","8":"product_tag-brokenhair","9":"product_tag-750","11":"first","12":"outofstock","13":"shipping-taxable","14":"product-type-variable","15":"has-default-attributes","16":"wvs-archive-product-wrapper"},"brands":[{"id":218,"name":"Garnier","slug":"garnier"}],"_links":{"self":[{"href":"https:\/\/gopinkish.com\/fr\/wp-json\/wp\/v2\/product\/26486","targetHints":{"allow":["GET"]}}],"collection":[{"href":"https:\/\/gopinkish.com\/fr\/wp-json\/wp\/v2\/product"}],"about":[{"href":"https:\/\/gopinkish.com\/fr\/wp-json\/wp\/v2\/types\/product"}],"wp:featuredmedia":[{"embeddable":true,"href":"https:\/\/gopinkish.com\/fr\/wp-json\/wp\/v2\/media\/26488"}],"wp:attachment":[{"href":"https:\/\/gopinkish.com\/fr\/wp-json\/wp\/v2\/media?parent=26486"}],"wp:term":[{"taxonomy":"pwb-brand","embeddable":true,"href":"https:\/\/gopinkish.com\/fr\/wp-json\/wp\/v2\/pwb-brand?post=26486"},{"taxonomy":"product_brand","embeddable":true,"href":"https:\/\/gopinkish.com\/fr\/wp-json\/wp\/v2\/product_brand?post=26486"},{"taxonomy":"product_cat","embeddable":true,"href":"https:\/\/gopinkish.com\/fr\/wp-json\/wp\/v2\/product_cat?post=26486"},{"taxonomy":"product_tag","embeddable":true,"href":"https:\/\/gopinkish.com\/fr\/wp-json\/wp\/v2\/product_tag?post=26486"}],"curies":[{"name":"wp","href":"https:\/\/api.w.org\/{rel}","templated":true}]}}