{"id":26465,"date":"2025-01-20T22:50:16","date_gmt":"2025-01-20T21:50:16","guid":{"rendered":"https:\/\/gopinkish.com\/?post_type=product&#038;p=26465"},"modified":"2025-09-16T09:02:49","modified_gmt":"2025-09-16T08:02:49","slug":"3600542417839","status":"publish","type":"product","link":"https:\/\/gopinkish.com\/fr\/produit\/3600542417839\/","title":{"rendered":"Apr\u00e8s-shampooing \u00e0 l'huile d'avocat et au beurre de karit\u00e9 pour les cheveux tr\u00e8s secs ou cr\u00e9pus"},"content":{"rendered":"<p style=\"text-align: justify;\">Garnier Ultra Duo Creamy Conditioner enrichi d'huile d'avocat et de beurre de karit\u00e9 pour les cheveux tr\u00e8s secs ou cr\u00e9pus. R\u00e9sultat : des cheveux ultra-doux et faciles \u00e0 coiffer qui retrouvent une douceur irr\u00e9sistible. Sans fatigue, ils sont nourris en profondeur, plus brillants et plus sains.<\/p>\n<p dir=\"ltr\" style=\"text-align: center;\">\ud83c\uddec\ud83c\udde7 Garnier Ultra Doux Argan &amp; Cranberry Conditioner - Colour Protection<br \/>\n\ud83c\uddeb\ud83c\uddf7 Apr\u00e8s-Shampooing Ultra Doux \u00e0 l'Huile d'Argan &amp; Cranberry - Protection Couleur Garnier<\/p>","protected":false},"excerpt":{"rendered":"<p>\u0628\u0644\u0633\u0645 \u063a\u0627\u0631\u0646\u064a\u064a\u0647 \u0623\u0644\u062a\u0631\u0627 \u062f\u0648 \u0627\u0644\u0643\u0631\u064a\u0645\u064a \u0627\u0644\u063a\u0646\u064a \u0628\u0632\u064a\u062a \u0627\u0644\u0623\u0641\u0648\u0643\u0627\u062f\u0648 \u0648\u0632\u0628\u062f\u0629 \u0627\u0644\u0634\u064a\u0627 \u0644\u0644\u0634\u0639\u0631 \u0627\u0644\u062c\u0627\u0641 \u062c\u062f\u064b\u0627 \u0623\u0648 \u0627\u0644\u0645\u062c\u0639\u062f. \u0627\u0644\u0646\u062a\u064a\u062c\u0629: \u0634\u0639\u0631 \u0646\u0627\u0639\u0645 \u0644\u0644\u063a\u0627\u064a\u0629 \u0648\u0633\u0647\u0644 \u0627\u0644\u062a\u0633\u0631\u064a\u062d\u060c \u064a\u0633\u062a\u0639\u064a\u062f \u0646\u0639\u0648\u0645\u0629 \u0644\u0627 \u062a\u064f\u0642\u0627\u0648\u0645. \u0628\u062f\u0648\u0646 \u0625\u0631\u0647\u0627\u0642\u060c \u064a\u064f\u063a\u0630\u0651\u0649 \u0628\u0639\u0645\u0642\u060c \u0648\u064a\u0635\u0628\u062d \u0623\u0643\u062b\u0631 \u0644\u0645\u0639\u0627\u0646\u064b\u0627\u060c \u0648\u064a\u0646\u0628\u0636 \u0628\u0627\u0644\u0635\u062d\u0629. \ud83c\uddec\ud83c\udde7 Garnier Ultra Doux Argan &amp; Cranberry Conditioner \u2013 Color Protection \ud83c\uddeb\ud83c\uddf7 Apr\u00e8s-Shampooing Ultra Doux \u00e0 l\u2019Huile d\u2019Argan &amp; Cranberry \u2013 [&hellip;]<\/p>\n","protected":false},"featured_media":26467,"template":"","meta":[],"pwb-brand":[218],"product_brand":[],"product_cat":[1149],"product_tag":[1061],"class_list":{"0":"post-26465","1":"product","2":"type-product","3":"status-publish","4":"has-post-thumbnail","6":"pwb-brand-garnier","7":"product_cat-hair-cond","8":"product_tag-1061","10":"first","11":"outofstock","12":"shipping-taxable","13":"product-type-variable","14":"has-default-attributes","15":"wvs-archive-product-wrapper"},"brands":[{"id":218,"name":"Garnier","slug":"garnier"}],"_links":{"self":[{"href":"https:\/\/gopinkish.com\/fr\/wp-json\/wp\/v2\/product\/26465","targetHints":{"allow":["GET"]}}],"collection":[{"href":"https:\/\/gopinkish.com\/fr\/wp-json\/wp\/v2\/product"}],"about":[{"href":"https:\/\/gopinkish.com\/fr\/wp-json\/wp\/v2\/types\/product"}],"wp:featuredmedia":[{"embeddable":true,"href":"https:\/\/gopinkish.com\/fr\/wp-json\/wp\/v2\/media\/26467"}],"wp:attachment":[{"href":"https:\/\/gopinkish.com\/fr\/wp-json\/wp\/v2\/media?parent=26465"}],"wp:term":[{"taxonomy":"pwb-brand","embeddable":true,"href":"https:\/\/gopinkish.com\/fr\/wp-json\/wp\/v2\/pwb-brand?post=26465"},{"taxonomy":"product_brand","embeddable":true,"href":"https:\/\/gopinkish.com\/fr\/wp-json\/wp\/v2\/product_brand?post=26465"},{"taxonomy":"product_cat","embeddable":true,"href":"https:\/\/gopinkish.com\/fr\/wp-json\/wp\/v2\/product_cat?post=26465"},{"taxonomy":"product_tag","embeddable":true,"href":"https:\/\/gopinkish.com\/fr\/wp-json\/wp\/v2\/product_tag?post=26465"}],"curies":[{"name":"wp","href":"https:\/\/api.w.org\/{rel}","templated":true}]}}