{"id":26429,"date":"2026-04-02T20:10:42","date_gmt":"2026-04-02T19:10:42","guid":{"rendered":"https:\/\/gopinkish.com\/?post_type=product&#038;p=26429"},"modified":"2026-04-25T22:25:34","modified_gmt":"2026-04-25T21:25:34","slug":"3701129800843","status":"publish","type":"product","link":"https:\/\/gopinkish.com\/fr\/produit\/3701129800843\/","title":{"rendered":"Gel micellaire moussant nettoyant pour les peaux hypersensibles"},"content":{"rendered":"<p style=\"text-align: justify;\">Sensibio Gel Moussant de Bioderma est un gel nettoyant moussant sp\u00e9cialement formul\u00e9 pour les peaux sensibles et irrit\u00e9es. Il \u00e9limine en douceur les impuret\u00e9s et le maquillage tout en pr\u00e9servant l'\u00e9quilibre naturel de la peau. Il contient une technologie micellaire innovante qui nettoie la peau sans la priver de ses huiles naturelles. Test\u00e9 dermatologiquement et adapt\u00e9 \u00e0 un usage quotidien.<\/p>\n<p><strong>Principaux ingr\u00e9dients et caract\u00e9ristiques<\/strong><\/p>\n<ul>\n<li>Technologie micellaire douce pour un nettoyage en profondeur<\/li>\n<li>Un pH \u00e9quilibr\u00e9 qui respecte la peau<\/li>\n<li>Sans savon, sans parfum et sans parab\u00e8ne<\/li>\n<li>Test\u00e9 sur les peaux sensibles<\/li>\n<\/ul>\n<p><strong>Principales caract\u00e9ristiques et avantages<\/strong><\/p>\n<ul>\n<li>Nettoyage doux mais efficace pour les peaux sensibles<\/li>\n<li>\u00c9limine les imperfections et le maquillage sans irritation<\/li>\n<li>Maintien de la barri\u00e8re cutan\u00e9e naturelle<\/li>\n<li>Apaiser la peau irrit\u00e9e et rougie<\/li>\n<\/ul>\n<p dir=\"ltr\" style=\"text-align: center;\">\ud83c\uddec\ud83c\udde7 BIODERMA - Sensibio Gel Moussant Peau Sensible<br \/>\n\ud83c\uddeb\ud83c\uddf7 BIODERMA - Sensibio Gel Moussant Peau Sensible<\/p>","protected":false},"excerpt":{"rendered":"<p>\u0645\u0646\u062a\u062c Sensibio Gel Moussant \u0645\u0646 Bioderma \u0647\u0648 \u062c\u0644 \u0645\u0646\u0638\u0641 \u0631\u063a\u0648\u064a \u0645\u0635\u0645\u0645 \u062e\u0635\u064a\u0635\u0627 \u0644\u0644\u0628\u0634\u0631\u0629 \u0627\u0644\u062d\u0633\u0627\u0633\u0629 \u0648\u0627\u0644\u0645\u062a\u0647\u064a\u062c\u0629. \u064a\u0632\u064a\u0644 \u0627\u0644\u0634\u0648\u0627\u0626\u0628 \u0648\u0627\u0644\u0645\u0643\u064a\u0627\u062c \u0628\u0644\u0637\u0641 \u0645\u0639 \u0627\u0644\u062d\u0641\u0627\u0638 \u0639\u0644\u0649 \u062a\u0648\u0627\u0632\u0646 \u0627\u0644\u0628\u0634\u0631\u0629 \u0627\u0644\u0637\u0628\u064a\u0639\u064a. \u064a\u062d\u062a\u0648\u064a \u0639\u0644\u0649 \u062a\u0642\u0646\u064a\u0629 \u0645\u064a\u0633\u064a\u0644\u0627\u0631 \u0627\u0644\u0645\u0628\u062a\u0643\u0631\u0629 \u0627\u0644\u062a\u064a \u062a\u0646\u0638\u0641 \u062f\u0648\u0646 \u062a\u062c\u0631\u064a\u062f \u0627\u0644\u0628\u0634\u0631\u0629 \u0645\u0646 \u0632\u064a\u0648\u062a\u0647\u0627 \u0627\u0644\u0637\u0628\u064a\u0639\u064a\u0629. \u0645\u062e\u062a\u0628\u0631 \u062a\u062d\u062a \u0625\u0634\u0631\u0627\u0641 \u0623\u0637\u0628\u0627\u0621 \u0627\u0644\u062c\u0644\u062f \u0648\u0645\u0646\u0627\u0633\u0628 \u0644\u0644\u0627\u0633\u062a\u062e\u062f\u0627\u0645 \u0627\u0644\u064a\u0648\u0645\u064a. \u0627\u0644\u0645\u0643\u0648\u0646\u0627\u062a \u0648\u0627\u0644\u062e\u0635\u0627\u0626\u0635 \u0627\u0644\u0631\u0626\u064a\u0633\u064a\u0629 \u062a\u0642\u0646\u064a\u0629 \u0645\u064a\u0633\u064a\u0644\u0627\u0631 \u0644\u0637\u064a\u0641\u0629 \u0644\u0644\u062a\u0646\u0638\u064a\u0641 \u0627\u0644\u0639\u0645\u064a\u0642 \u062f\u0631\u062c\u0629 [&hellip;]<\/p>\n","protected":false},"featured_media":26430,"template":"","meta":[],"pwb-brand":[498],"product_brand":[],"product_cat":[1119],"product_tag":[],"class_list":{"0":"post-26429","1":"product","2":"type-product","3":"status-publish","4":"has-post-thumbnail","6":"pwb-brand-bioderma","7":"product_cat-face-wash","9":"first","10":"instock","11":"shipping-taxable","12":"purchasable","13":"product-type-variable","14":"has-default-attributes","15":"wvs-archive-product-wrapper"},"brands":[{"id":498,"name":"Bioderma","slug":"bioderma"}],"_links":{"self":[{"href":"https:\/\/gopinkish.com\/fr\/wp-json\/wp\/v2\/product\/26429","targetHints":{"allow":["GET"]}}],"collection":[{"href":"https:\/\/gopinkish.com\/fr\/wp-json\/wp\/v2\/product"}],"about":[{"href":"https:\/\/gopinkish.com\/fr\/wp-json\/wp\/v2\/types\/product"}],"wp:featuredmedia":[{"embeddable":true,"href":"https:\/\/gopinkish.com\/fr\/wp-json\/wp\/v2\/media\/26430"}],"wp:attachment":[{"href":"https:\/\/gopinkish.com\/fr\/wp-json\/wp\/v2\/media?parent=26429"}],"wp:term":[{"taxonomy":"pwb-brand","embeddable":true,"href":"https:\/\/gopinkish.com\/fr\/wp-json\/wp\/v2\/pwb-brand?post=26429"},{"taxonomy":"product_brand","embeddable":true,"href":"https:\/\/gopinkish.com\/fr\/wp-json\/wp\/v2\/product_brand?post=26429"},{"taxonomy":"product_cat","embeddable":true,"href":"https:\/\/gopinkish.com\/fr\/wp-json\/wp\/v2\/product_cat?post=26429"},{"taxonomy":"product_tag","embeddable":true,"href":"https:\/\/gopinkish.com\/fr\/wp-json\/wp\/v2\/product_tag?post=26429"}],"curies":[{"name":"wp","href":"https:\/\/api.w.org\/{rel}","templated":true}]}}