{"id":26421,"date":"2025-05-19T19:52:20","date_gmt":"2025-05-19T18:52:20","guid":{"rendered":"https:\/\/gopinkish.com\/?post_type=product&#038;p=26421"},"modified":"2025-07-13T16:55:26","modified_gmt":"2025-07-13T15:55:26","slug":"769915234145","status":"publish","type":"product","link":"https:\/\/gopinkish.com\/fr\/produit\/769915234145\/","title":{"rendered":"Skin Radiance Exfoliating &amp; Moisturising Set (2 produits)"},"content":{"rendered":"<p style=\"text-align: justify;\">La combinaison parfaite de l'exfoliation et de l'hydratation quotidiennes pour une peau plus lisse et plus \u00e9clatante.<\/p>\n<p style=\"text-align: justify;\">La collection Radiance propose deux formules compl\u00e9mentaires pour une exfoliation quotidienne, compl\u00e9t\u00e9e par un traitement hydratant, nourrissant et r\u00e9g\u00e9n\u00e9rant, pour une peau lisse et \u00e9clatante. Ce coffret contient un tonique exfoliant multifonctionnel contenant de l'acide glycolique 7%, des agents hydratants naturels + des phytoc\u00e9ramides, un hydratant riche pour les peaux s\u00e8ches.<\/p>\n<p style=\"text-align: justify;\">7% Glycolic Acid Exfoliating Toner est un tonique AHA \u00e0 usage quotidien qui exfolie la texture de la peau pour un teint plus lisse et plus \u00e9clatant. Formul\u00e9 avec une concentration de 7% d'acide glycolique, il aide \u00e0 \u00e9claircir et \u00e0 unifier le teint de la peau, ce qui le rend adapt\u00e9 aux personnes dont le teint est terne ou irr\u00e9gulier. Ce tonique contribue \u00e9galement \u00e0 am\u00e9liorer la texture de la peau et \u00e0 minimiser l'apparence des rides et ridules.<\/p>\n<p style=\"text-align: justify;\">Natural Moisturizing Factors + Phytoceramides est une cr\u00e8me hydratante et nourrissante qui r\u00e9hydrate instantan\u00e9ment la peau et renforce sa barri\u00e8re protectrice en cas d'utilisation r\u00e9p\u00e9t\u00e9e. Id\u00e9ale pour une utilisation avec le tonique exfoliant \u00e0 l'acide glycolique 7%, elle am\u00e9liore l'apparence de la peau pour un teint plus frais et plus complet.<\/p>\n<p style=\"text-align: justify;\">Le soir, appliquer le 7% Glycolic Acid Exfoliating Toner avec les doigts ou un coton, puis appliquer une petite quantit\u00e9 de Natural Moisturizing Factors + Phytoceramides pour fixer l'hydratation.<\/p>","protected":false},"excerpt":{"rendered":"<p>\u0627\u0644\u0645\u0632\u064a\u062c \u0627\u0644\u0645\u062b\u0627\u0644\u064a \u0628\u064a\u0646 \u0627\u0644\u062a\u0642\u0634\u064a\u0631 \u0627\u0644\u064a\u0648\u0645\u064a \u0648\u0627\u0644\u062a\u0631\u0637\u064a\u0628 \u0644\u0628\u0634\u0631\u0629 \u0623\u0643\u062b\u0631 \u0646\u0639\u0648\u0645\u0629 \u0648\u0625\u0634\u0631\u0627\u0642\u064b\u0627. \u062a\u0642\u062f\u0645 \u0645\u062c\u0645\u0648\u0639\u0629 \u0627\u0644\u0625\u0634\u0631\u0627\u0642 \u062a\u0631\u0643\u064a\u0628\u062a\u064a\u0646 \u0645\u062a\u0643\u0627\u0645\u0644\u062a\u064a\u0646 \u0644\u0644\u062a\u0642\u0634\u064a\u0631 \u0627\u0644\u064a\u0648\u0645\u064a\u060c \u0645\u0639\u0632\u0632\u062a\u064a\u0646 \u0628\u0639\u0644\u0627\u062c \u0645\u0631\u0637\u0628 \u0648\u0645\u063a\u0630\u064a \u0648\u0645\u062c\u062f\u062f\u060c \u0644\u0628\u0634\u0631\u0629 \u0646\u0627\u0639\u0645\u0629 \u0648\u0645\u0634\u0631\u0642\u0629. \u062a\u062d\u062a\u0648\u064a \u0647\u0630\u0647 \u0627\u0644\u0645\u062c\u0645\u0648\u0639\u0629 \u0639\u0644\u0649 \u062a\u0648\u0646\u0631 \u0627\u0644\u062a\u0642\u0634\u064a\u0631 \u0645\u062a\u0639\u062f\u062f \u0627\u0644\u0648\u0638\u0627\u0626\u0641 \u0628\u062d\u0645\u0636 \u0627\u0644\u062c\u0644\u064a\u0643\u0648\u0644\u064a\u0643 \u0628\u0646\u0633\u0628\u0629 7%\u060c \u0648\u0639\u0648\u0627\u0645\u0644 \u0627\u0644\u062a\u0631\u0637\u064a\u0628 \u0627\u0644\u0637\u0628\u064a\u0639\u064a\u0629 + \u0641\u064a\u062a\u0648\u0633\u064a\u0631\u0627\u0645\u064a\u062f\u0627\u062a\u060c \u0648\u0647\u0648 \u0645\u0631\u0637\u0628 \u063a\u0646\u064a \u0644\u0644\u0628\u0634\u0631\u0629 \u0627\u0644\u062c\u0627\u0641\u0629. \u062a\u0648\u0646\u0631 \u0627\u0644\u062a\u0642\u0634\u064a\u0631 \u0628\u062d\u0645\u0636 \u0627\u0644\u062c\u0644\u064a\u0643\u0648\u0644\u064a\u0643 \u0628\u0646\u0633\u0628\u0629 7% \u0647\u0648 \u062a\u0648\u0646\u0631 [&hellip;]<\/p>\n","protected":false},"featured_media":26424,"template":"","meta":[],"pwb-brand":[241],"product_brand":[],"product_cat":[1123,1231,1121,1120],"product_tag":[685],"class_list":{"0":"post-26421","1":"product","2":"type-product","3":"status-publish","4":"has-post-thumbnail","6":"pwb-brand-the_ordinary","7":"product_cat-face-bright","8":"product_cat-daily-face-care","9":"product_cat-face-moist","10":"product_cat-face-exfo","11":"product_tag-brightening","13":"first","14":"outofstock","15":"shipping-taxable","16":"product-type-variable","17":"has-default-attributes","18":"wvs-archive-product-wrapper"},"brands":[{"id":241,"name":"The Ordinary","slug":"lordinaire"}],"_links":{"self":[{"href":"https:\/\/gopinkish.com\/fr\/wp-json\/wp\/v2\/product\/26421","targetHints":{"allow":["GET"]}}],"collection":[{"href":"https:\/\/gopinkish.com\/fr\/wp-json\/wp\/v2\/product"}],"about":[{"href":"https:\/\/gopinkish.com\/fr\/wp-json\/wp\/v2\/types\/product"}],"wp:featuredmedia":[{"embeddable":true,"href":"https:\/\/gopinkish.com\/fr\/wp-json\/wp\/v2\/media\/26424"}],"wp:attachment":[{"href":"https:\/\/gopinkish.com\/fr\/wp-json\/wp\/v2\/media?parent=26421"}],"wp:term":[{"taxonomy":"pwb-brand","embeddable":true,"href":"https:\/\/gopinkish.com\/fr\/wp-json\/wp\/v2\/pwb-brand?post=26421"},{"taxonomy":"product_brand","embeddable":true,"href":"https:\/\/gopinkish.com\/fr\/wp-json\/wp\/v2\/product_brand?post=26421"},{"taxonomy":"product_cat","embeddable":true,"href":"https:\/\/gopinkish.com\/fr\/wp-json\/wp\/v2\/product_cat?post=26421"},{"taxonomy":"product_tag","embeddable":true,"href":"https:\/\/gopinkish.com\/fr\/wp-json\/wp\/v2\/product_tag?post=26421"}],"curies":[{"name":"wp","href":"https:\/\/api.w.org\/{rel}","templated":true}]}}