{"id":26383,"date":"2025-05-19T18:41:37","date_gmt":"2025-05-19T17:41:37","guid":{"rendered":"https:\/\/gopinkish.com\/?post_type=product&#038;p=26383"},"modified":"2025-10-27T12:56:54","modified_gmt":"2025-10-27T11:56:54","slug":"8004395111701","status":"publish","type":"product","link":"https:\/\/gopinkish.com\/fr\/produit\/8004395111701\/","title":{"rendered":"Un dentifrice rafra\u00eechissant au fort go\u00fbt de menthe pour prot\u00e9ger l'\u00e9mail des dents et pr\u00e9venir les caries."},"content":{"rendered":"<p style=\"text-align: justify;\">\u0623\u0643\u062b\u0631 \u0646\u0643\u0647\u0627\u062a \u0645\u0627\u0631\u0641\u064a\u0633 \u0643\u0644\u0627\u0633\u064a\u0643\u064a\u0629\u060c \u0648\u0627\u0644\u0623\u0643\u062b\u0631 \u0634\u0647\u0631\u0629 \u0641\u064a \u0639\u0627\u0644\u0645 \u0645\u0639\u0627\u062c\u064a\u0646 \u0627\u0644\u0623\u0633\u0646\u0627\u0646. \u0641\u064a \u0645\u0639\u062c\u0648\u0646 &#8220;\u0627\u0644\u0646\u0639\u0646\u0627\u0639 \u0627\u0644\u0642\u0648\u064a&#8221;\u060c \u064a\u064f\u0636\u0641\u064a \u0637\u0639\u0645 \u0627\u0644\u0646\u0639\u0646\u0627\u0639 \u0627\u0646\u062a\u0639\u0627\u0634\u064b\u0627 \u0642\u0648\u064a\u064b\u0627 \u064a\u062f\u0648\u0645 \u0637\u0648\u064a\u0644\u064b\u0627\u060c \u0628\u0644\u0627 \u062d\u062f\u0648\u062f.<\/p>\n<p style=\"text-align: justify;\">\u0645\u0635\u0646\u0648\u0639 \u0645\u0646 \u0645\u0632\u064a\u062c \u0645\u0646 \u0645\u0633\u0627\u062d\u064a\u0642 \u0627\u0644\u062a\u0646\u0638\u064a\u0641 \u0627\u0644\u062a\u064a \u062a\u0645\u0646\u0639 \u0625\u062a\u0644\u0627\u0641 \u0645\u064a\u0646\u0627 \u0627\u0644\u0623\u0633\u0646\u0627\u0646 \u0648\u0639\u0627\u062c\u0647\u0627. \u0645\u0639 \u0627\u0644\u0641\u0644\u0648\u0631\u0627\u064a\u062f \u0648\u0627\u0644\u0625\u0643\u0633\u064a\u0644\u064a\u062a\u0648\u0644 \u0627\u0644\u0644\u0630\u064a\u0646 \u064a\u064f\u0633\u0627\u0639\u062f\u0627\u0646 \u0639\u0644\u0649 \u0627\u0644\u0648\u0642\u0627\u064a\u0629 \u0645\u0646 \u0627\u0644\u062a\u0633\u0648\u0633 \u0648\u0627\u0644\u062a\u062d\u0643\u0645 \u0641\u064a \u0627\u0644\u0628\u0643\u062a\u064a\u0631\u064a\u0627 \u0627\u0644\u0641\u0645\u0648\u064a\u0629. \u0645\u0639\u062c\u0648\u0646 \u0627\u0644\u0623\u0633\u0646\u0627\u0646 \u0627\u0644\u062a\u0642\u0644\u064a\u062f\u064a \u0627\u0644\u063a\u0646\u064a \u0648\u0627\u0644\u0645\u0631\u0643\u0651\u0632 \u0648\u0627\u0644\u062e\u0627\u0644\u064a \u0645\u0646 \u0627\u0644\u0645\u0648\u0627\u062f \u0627\u0644\u062d\u0627\u0641\u0638\u0629\u060c \u0644\u0627 \u064a\u062d\u062a\u0648\u064a \u0639\u0644\u0649 \u0645\u0643\u0648\u0646\u0627\u062a \u062d\u064a\u0648\u0627\u0646\u064a\u0629.<\/p>\n<p dir=\"ltr\" style=\"text-align: center;\">MARVIS Dentifrice Intensif \u00e0 la Menthe<\/p>","protected":false},"excerpt":{"rendered":"<p>\u0623\u0643\u062b\u0631 \u0646\u0643\u0647\u0627\u062a \u0645\u0627\u0631\u0641\u064a\u0633 \u0643\u0644\u0627\u0633\u064a\u0643\u064a\u0629\u060c \u0648\u0627\u0644\u0623\u0643\u062b\u0631 \u0634\u0647\u0631\u0629 \u0641\u064a \u0639\u0627\u0644\u0645 \u0645\u0639\u0627\u062c\u064a\u0646 \u0627\u0644\u0623\u0633\u0646\u0627\u0646. \u0641\u064a \u0645\u0639\u062c\u0648\u0646 &#8220;\u0627\u0644\u0646\u0639\u0646\u0627\u0639 \u0627\u0644\u0642\u0648\u064a&#8221;\u060c \u064a\u064f\u0636\u0641\u064a \u0637\u0639\u0645 \u0627\u0644\u0646\u0639\u0646\u0627\u0639 \u0627\u0646\u062a\u0639\u0627\u0634\u064b\u0627 \u0642\u0648\u064a\u064b\u0627 \u064a\u062f\u0648\u0645 \u0637\u0648\u064a\u0644\u064b\u0627\u060c \u0628\u0644\u0627 \u062d\u062f\u0648\u062f. \u0645\u0635\u0646\u0648\u0639 \u0645\u0646 \u0645\u0632\u064a\u062c \u0645\u0646 \u0645\u0633\u0627\u062d\u064a\u0642 \u0627\u0644\u062a\u0646\u0638\u064a\u0641 \u0627\u0644\u062a\u064a \u062a\u0645\u0646\u0639 \u0625\u062a\u0644\u0627\u0641 \u0645\u064a\u0646\u0627 \u0627\u0644\u0623\u0633\u0646\u0627\u0646 \u0648\u0639\u0627\u062c\u0647\u0627. \u0645\u0639 \u0627\u0644\u0641\u0644\u0648\u0631\u0627\u064a\u062f \u0648\u0627\u0644\u0625\u0643\u0633\u064a\u0644\u064a\u062a\u0648\u0644 \u0627\u0644\u0644\u0630\u064a\u0646 \u064a\u064f\u0633\u0627\u0639\u062f\u0627\u0646 \u0639\u0644\u0649 \u0627\u0644\u0648\u0642\u0627\u064a\u0629 \u0645\u0646 \u0627\u0644\u062a\u0633\u0648\u0633 \u0648\u0627\u0644\u062a\u062d\u0643\u0645 \u0641\u064a \u0627\u0644\u0628\u0643\u062a\u064a\u0631\u064a\u0627 \u0627\u0644\u0641\u0645\u0648\u064a\u0629. \u0645\u0639\u062c\u0648\u0646 \u0627\u0644\u0623\u0633\u0646\u0627\u0646 \u0627\u0644\u062a\u0642\u0644\u064a\u062f\u064a \u0627\u0644\u063a\u0646\u064a \u0648\u0627\u0644\u0645\u0631\u0643\u0651\u0632 \u0648\u0627\u0644\u062e\u0627\u0644\u064a \u0645\u0646 [&hellip;]<\/p>\n","protected":false},"featured_media":26385,"template":"","meta":[],"pwb-brand":[1427],"product_brand":[],"product_cat":[1131],"product_tag":[],"class_list":{"0":"post-26383","1":"product","2":"type-product","3":"status-publish","4":"has-post-thumbnail","6":"pwb-brand-marvis","7":"product_cat-tooth-paste","9":"first","10":"outofstock","11":"shipping-taxable","12":"product-type-variable","13":"has-default-attributes","14":"wvs-archive-product-wrapper"},"brands":[{"id":1427,"name":"Marvis","slug":"marvis"}],"_links":{"self":[{"href":"https:\/\/gopinkish.com\/fr\/wp-json\/wp\/v2\/product\/26383","targetHints":{"allow":["GET"]}}],"collection":[{"href":"https:\/\/gopinkish.com\/fr\/wp-json\/wp\/v2\/product"}],"about":[{"href":"https:\/\/gopinkish.com\/fr\/wp-json\/wp\/v2\/types\/product"}],"wp:featuredmedia":[{"embeddable":true,"href":"https:\/\/gopinkish.com\/fr\/wp-json\/wp\/v2\/media\/26385"}],"wp:attachment":[{"href":"https:\/\/gopinkish.com\/fr\/wp-json\/wp\/v2\/media?parent=26383"}],"wp:term":[{"taxonomy":"pwb-brand","embeddable":true,"href":"https:\/\/gopinkish.com\/fr\/wp-json\/wp\/v2\/pwb-brand?post=26383"},{"taxonomy":"product_brand","embeddable":true,"href":"https:\/\/gopinkish.com\/fr\/wp-json\/wp\/v2\/product_brand?post=26383"},{"taxonomy":"product_cat","embeddable":true,"href":"https:\/\/gopinkish.com\/fr\/wp-json\/wp\/v2\/product_cat?post=26383"},{"taxonomy":"product_tag","embeddable":true,"href":"https:\/\/gopinkish.com\/fr\/wp-json\/wp\/v2\/product_tag?post=26383"}],"curies":[{"name":"wp","href":"https:\/\/api.w.org\/{rel}","templated":true}]}}