{"id":26321,"date":"2025-05-18T23:19:00","date_gmt":"2025-05-18T22:19:00","guid":{"rendered":"https:\/\/gopinkish.com\/?post_type=product&#038;p=26321"},"modified":"2026-04-23T20:42:53","modified_gmt":"2026-04-23T19:42:53","slug":"800897140403","status":"publish","type":"product","link":"https:\/\/gopinkish.com\/fr\/produit\/800897140403\/","title":{"rendered":"Une cr\u00e8me \u00e0 l\u00e8vres l\u00e9g\u00e8re et onctueuse dans une couleur mate"},"content":{"rendered":"<p style=\"text-align: justify;\">Rehaussez vos l\u00e8vres d'une couleur mate avec la cr\u00e8me pour les l\u00e8vres Powder Puff de Nyx Professional Makeup. Cette cr\u00e8me l\u00e9g\u00e8re et onctueuse enrobe vos l\u00e8vres d'une couleur p\u00e2le qui glisse en douceur gr\u00e2ce \u00e0 l'applicateur souple et gonfl\u00e9, puis se transforme en un doux fini mat. Rehaussez vos l\u00e8vres d'une couleur douce gr\u00e2ce \u00e0 ce magnifique rouge \u00e0 l\u00e8vres en poudre !<\/p>\n<p dir=\"ltr\" style=\"text-align: center;\">NYX PROFESSIONAL MAKEUP Powder Puff Lippie Lip Cream<\/p>","protected":false},"excerpt":{"rendered":"<p>\u0639\u0632\u0632\u064a \u0634\u0641\u0627\u0647\u0643\u0650 \u0628\u0644\u0648\u0646 \u0645\u0637\u0641\u064a \u0645\u0639 \u0643\u0631\u064a\u0645 \u0627\u0644\u0634\u0641\u0627\u0647 \u0628\u0627\u0648\u062f\u0631 \u0628\u0627\u0641 \u0645\u0646 \u0646\u064a\u0643\u0633 \u0628\u0631\u0648\u0641\u064a\u0634\u0646\u0627\u0644 \u0645\u064a\u0643 \u0623\u0628. \u0647\u0630\u0627 \u0627\u0644\u0643\u0631\u064a\u0645 \u0627\u0644\u062e\u0641\u064a\u0641 \u0648\u0627\u0644\u0646\u0627\u0639\u0645 \u064a\u063a\u0637\u064a \u0634\u0641\u062a\u064a\u0643\u0650 \u0628\u0644\u0648\u0646 \u0628\u0627\u0647\u062a \u064a\u0646\u0633\u0627\u0628 \u0628\u0633\u0644\u0627\u0633\u0629 \u0628\u0627\u0633\u062a\u062e\u062f\u0627\u0645 \u0623\u062f\u0627\u0629 \u0627\u0644\u062a\u0637\u0628\u064a\u0642 \u0627\u0644\u0646\u0627\u0639\u0645\u0629 \u0627\u0644\u0645\u0646\u062a\u0641\u062e\u0629\u060c \u062b\u0645 \u064a\u0633\u062a\u0642\u0631 \u0644\u064a\u0645\u0646\u062d\u0643\u0650 \u0644\u0645\u0633\u0629 \u0646\u0647\u0627\u0626\u064a\u0629 \u0645\u0637\u0641\u064a\u0629 \u0646\u0627\u0639\u0645\u0629. \u0639\u0632\u0632\u064a \u0634\u0641\u0627\u0647\u0643\u0650 \u0628\u0644\u0648\u0646 \u0646\u0627\u0639\u0645 \u0645\u0639 \u0623\u062d\u0645\u0631 \u0627\u0644\u0634\u0641\u0627\u0647 \u0627\u0644\u0628\u0648\u062f\u0631 \u0627\u0644\u0631\u0627\u0626\u0639 \u0647\u0630\u0627! NYX PROFESSIONAL MAKEUP Powder Puff Lippie Lip Cream<\/p>","protected":false},"featured_media":26333,"template":"","meta":[],"pwb-brand":[767],"product_brand":[],"product_cat":[1182,1181],"product_tag":[],"class_list":{"0":"post-26321","1":"product","2":"type-product","3":"status-publish","4":"has-post-thumbnail","6":"pwb-brand-nyx","7":"product_cat-lipstick-makeup","8":"product_cat-liquid-lipstick-makeup","10":"first","11":"instock","12":"shipping-taxable","13":"purchasable","14":"product-type-variable","15":"has-default-attributes","16":"wvs-archive-product-wrapper"},"brands":[{"id":767,"name":"Nyx","slug":"nyx"}],"_links":{"self":[{"href":"https:\/\/gopinkish.com\/fr\/wp-json\/wp\/v2\/product\/26321","targetHints":{"allow":["GET"]}}],"collection":[{"href":"https:\/\/gopinkish.com\/fr\/wp-json\/wp\/v2\/product"}],"about":[{"href":"https:\/\/gopinkish.com\/fr\/wp-json\/wp\/v2\/types\/product"}],"wp:featuredmedia":[{"embeddable":true,"href":"https:\/\/gopinkish.com\/fr\/wp-json\/wp\/v2\/media\/26333"}],"wp:attachment":[{"href":"https:\/\/gopinkish.com\/fr\/wp-json\/wp\/v2\/media?parent=26321"}],"wp:term":[{"taxonomy":"pwb-brand","embeddable":true,"href":"https:\/\/gopinkish.com\/fr\/wp-json\/wp\/v2\/pwb-brand?post=26321"},{"taxonomy":"product_brand","embeddable":true,"href":"https:\/\/gopinkish.com\/fr\/wp-json\/wp\/v2\/product_brand?post=26321"},{"taxonomy":"product_cat","embeddable":true,"href":"https:\/\/gopinkish.com\/fr\/wp-json\/wp\/v2\/product_cat?post=26321"},{"taxonomy":"product_tag","embeddable":true,"href":"https:\/\/gopinkish.com\/fr\/wp-json\/wp\/v2\/product_tag?post=26321"}],"curies":[{"name":"wp","href":"https:\/\/api.w.org\/{rel}","templated":true}]}}