{"id":26272,"date":"2025-05-18T01:46:36","date_gmt":"2025-05-18T00:46:36","guid":{"rendered":"https:\/\/gopinkish.com\/?post_type=product&#038;p=26272"},"modified":"2026-04-26T19:33:06","modified_gmt":"2026-04-26T18:33:06","slug":"3549621011660","status":"publish","type":"product","link":"https:\/\/gopinkish.com\/fr\/produit\/3549621011660\/","title":{"rendered":"Lait corporel hydratant \u00e0 l'huile d'olive pour les peaux normales \u00e0 s\u00e8ches"},"content":{"rendered":"<p style=\"text-align: justify;\">Le lait corporel hydratant \u00e0 l'huile d'olive est un soin qui prot\u00e8ge et hydrate les peaux normales \u00e0 s\u00e8ches. Cette lotion est con\u00e7ue pour lutter contre la d\u00e9shydratation tout en apportant une hydratation durable. Sa formule l\u00e9g\u00e8re et non grasse permet une absorption rapide sans laisser de film collant.<\/p>\n<p style=\"text-align: justify;\">Enrichie en huile d'olive, cette lotion offre une hydratation intense pour une peau douce et souple tout au long de la journ\u00e9e. Gr\u00e2ce \u00e0 ses propri\u00e9t\u00e9s protectrices, elle aide \u00e0 renforcer la barri\u00e8re cutan\u00e9e et \u00e0 pr\u00e9venir la perte d'hydratation.<\/p>\n<p style=\"text-align: justify;\">Test\u00e9 par des dermatologues.<\/p>\n<p style=\"text-align: justify;\">96% des ingr\u00e9dients sont naturels.<\/p>\n<p style=\"text-align: justify;\">Fabriqu\u00e9 en France.<\/p>\n<p dir=\"ltr\" style=\"text-align: center;\">LE PETIT OLIVIER Lait Corps Hydratant Huile d'Olive<\/p>","protected":false},"excerpt":{"rendered":"<p>\u0644\u0648\u0634\u0646 \u0627\u0644\u062c\u0633\u0645 \u0627\u0644\u0645\u0631\u0637\u0628 \u0628\u0632\u064a\u062a \u0627\u0644\u0632\u064a\u062a\u0648\u0646 \u0647\u0648 \u0639\u0644\u0627\u062c \u064a\u062d\u0645\u064a \u0648\u064a\u0631\u0637\u0628 \u0627\u0644\u0628\u0634\u0631\u0629 \u0627\u0644\u0639\u0627\u062f\u064a\u0629 \u0625\u0644\u0649 \u0627\u0644\u062c\u0627\u0641\u0629. \u0635\u064f\u0645\u0645 \u0647\u0630\u0627 \u0627\u0644\u0644\u0648\u0634\u0646 \u0644\u0645\u0643\u0627\u0641\u062d\u0629 \u0627\u0644\u062c\u0641\u0627\u0641 \u0645\u0639 \u062a\u0648\u0641\u064a\u0631 \u062a\u0631\u0637\u064a\u0628 \u064a\u062f\u0648\u0645 \u0637\u0648\u064a\u0644\u064b\u0627.\u00a0\u062a\u0631\u0643\u064a\u0628\u062a\u0647 \u0627\u0644\u062e\u0641\u064a\u0641\u0629 \u0648\u063a\u064a\u0631 \u0627\u0644\u062f\u0647\u0646\u064a\u0629 \u062a\u0633\u0645\u062d \u0628\u0627\u0645\u062a\u0635\u0627\u0635 \u0633\u0631\u064a\u0639 \u062f\u0648\u0646 \u062a\u0631\u0643 \u0637\u0628\u0642\u0629 \u0644\u0632\u062c\u0629. \u0645\u064f\u0639\u0632\u0632 \u0628\u0632\u064a\u062a \u0627\u0644\u0632\u064a\u062a\u0648\u0646\u060c \u064a\u0648\u0641\u0631 \u0647\u0630\u0627 \u0627\u0644\u0644\u0648\u0634\u0646 \u062a\u0631\u0637\u064a\u0628\u064b\u0627 \u0645\u0643\u062b\u0641\u064b\u0627 \u0644\u0628\u0634\u0631\u0629 \u0646\u0627\u0639\u0645\u0629 \u0648\u0645\u0631\u0646\u0629 \u0637\u0648\u0627\u0644 \u0627\u0644\u064a\u0648\u0645.\u00a0\u0628\u0641\u0636\u0644 \u062e\u0635\u0627\u0626\u0635\u0647 \u0627\u0644\u0648\u0642\u0627\u0626\u064a\u0629\u060c \u064a\u0633\u0627\u0639\u062f \u0639\u0644\u0649 \u062a\u0642\u0648\u064a\u0629 \u062d\u0627\u062c\u0632 \u0627\u0644\u0628\u0634\u0631\u0629 \u0648\u0645\u0646\u0639 \u0641\u0642\u062f\u0627\u0646 [&hellip;]<\/p>\n","protected":false},"featured_media":26273,"template":"","meta":[],"pwb-brand":[260],"product_brand":[],"product_cat":[1137],"product_tag":[696,697,680],"class_list":{"0":"post-26272","1":"product","2":"type-product","3":"status-publish","4":"has-post-thumbnail","6":"pwb-brand-le-petit-olivier","7":"product_cat-body-moist","8":"product_tag-dryskin","9":"product_tag-moisturizing","10":"product_tag-dryness","12":"first","13":"instock","14":"shipping-taxable","15":"purchasable","16":"product-type-variable","17":"has-default-attributes","18":"wvs-archive-product-wrapper"},"brands":[{"id":260,"name":"Le Petit Olivier","slug":"le-petit-olivier"}],"_links":{"self":[{"href":"https:\/\/gopinkish.com\/fr\/wp-json\/wp\/v2\/product\/26272","targetHints":{"allow":["GET"]}}],"collection":[{"href":"https:\/\/gopinkish.com\/fr\/wp-json\/wp\/v2\/product"}],"about":[{"href":"https:\/\/gopinkish.com\/fr\/wp-json\/wp\/v2\/types\/product"}],"wp:featuredmedia":[{"embeddable":true,"href":"https:\/\/gopinkish.com\/fr\/wp-json\/wp\/v2\/media\/26273"}],"wp:attachment":[{"href":"https:\/\/gopinkish.com\/fr\/wp-json\/wp\/v2\/media?parent=26272"}],"wp:term":[{"taxonomy":"pwb-brand","embeddable":true,"href":"https:\/\/gopinkish.com\/fr\/wp-json\/wp\/v2\/pwb-brand?post=26272"},{"taxonomy":"product_brand","embeddable":true,"href":"https:\/\/gopinkish.com\/fr\/wp-json\/wp\/v2\/product_brand?post=26272"},{"taxonomy":"product_cat","embeddable":true,"href":"https:\/\/gopinkish.com\/fr\/wp-json\/wp\/v2\/product_cat?post=26272"},{"taxonomy":"product_tag","embeddable":true,"href":"https:\/\/gopinkish.com\/fr\/wp-json\/wp\/v2\/product_tag?post=26272"}],"curies":[{"name":"wp","href":"https:\/\/api.w.org\/{rel}","templated":true}]}}