{"id":2626,"date":"2023-02-03T20:43:53","date_gmt":"2023-02-03T19:43:53","guid":{"rendered":"https:\/\/gopinkish.com\/?post_type=product&#038;p=2626"},"modified":"2024-10-29T09:21:49","modified_gmt":"2024-10-29T08:21:49","slug":"92123","status":"publish","type":"product","link":"https:\/\/gopinkish.com\/fr\/produit\/92123\/","title":{"rendered":"\u0634\u0627\u0645\u0628\u0648 \u0645\u0646\u0634\u0637 \u0648 \u0645\u062c\u062f\u062f \u0644\u0644\u0634\u0639\u0631"},"content":{"rendered":"<p>\u0634\u0627\u0645\u0628\u0648 \u0645\u0646\u0634\u0637 \u0644\u0644\u0634\u0628\u0627\u0628 \u064a\u0632\u064a\u0644 \u0628\u0644\u0637\u0641 \u0627\u0644\u0634\u0648\u0627\u0626\u0628 \u0645\u0646 \u0641\u0631\u0648\u0629 \u0627\u0644\u0631\u0623\u0633 \u0648\u0627\u0644\u0623\u0644\u064a\u0627\u0641. \u0645\u062d\u0645\u0644 \u0628\u062d\u0645\u0636 \u0627\u0644\u0647\u064a\u0627\u0644\u0648\u0631\u0648\u0646\u064a\u0643 \u0648\u0627\u0644\u0623\u0628\u064a\u0633\u064a\u0646 \u0648\u0641\u064a\u062a\u0627\u0645\u064a\u0646 \u0647\u0640 \u0644\u0645\u062d\u0627\u0631\u0628\u0629 \u0639\u0644\u0627\u0645\u0627\u062a \u062a\u0642\u062f\u0645 \u0633\u0646 \u0641\u0631\u0648\u0629 \u0627\u0644\u0631\u0623\u0633 \u0648\u0627\u0644\u0634\u0639\u0631. \u064a\u0648\u0641\u0631 \u062a\u0631\u0637\u064a\u0628\u064b\u0627 \u0637\u0648\u064a\u0644 \u0627\u0644\u0623\u0645\u062f \u0644\u0641\u0631\u0648\u0629 \u0627\u0644\u0631\u0623\u0633 \u060c \u0645\u0639 \u0645\u0632\u064a\u062f \u0645\u0646 \u0627\u0644\u0631\u0637\u0648\u0628\u0629 \u0648\u0627\u0644\u0644\u0645\u0639\u0627\u0646 \u0648\u0627\u0644\u0642\u0648\u0629 \u0644\u0644\u0623\u0644\u064a\u0627\u0641 \u0645\u0646 \u0623\u062c\u0644 \u0627\u0631\u062a\u062f\u0627\u062f \u0627\u0644\u0634\u0628\u0627\u0628 \u0648\u0627\u0644\u062d\u064a\u0648\u064a\u0629. \u063a\u0646\u064a \u0628\u0631\u0627\u0626\u062d\u0629 Chronologiste \u0627\u0644\u0645\u0645\u064a\u0632\u0629 \u0645\u0646 \u0627\u0644\u0639\u0637\u0648\u0631 \u0627\u0644\u0641\u0627\u062e\u0631\u0629 \u060c \u0628\u0645\u0627 \u0641\u064a \u0630\u0644\u0643 \u0648\u0631\u062f \u0627\u0644\u0634\u0627\u064a \u0648\u0627\u0644\u0623\u062e\u0634\u0627\u0628 \u0627\u0644\u062e\u0641\u064a\u0641\u0629 \u0648\u0627\u0644\u0645\u0633\u0643. Bain R\u00e9g\u00e9n\u00e9rant \u0647\u064a \u062a\u062c\u0631\u0628\u0629 \u062d\u0633\u064a\u0629 \u0641\u0627\u062e\u0631\u0629<\/p>\n<p>Caract\u00e9ristiques :<br \/>\n\u0627\u0644\u062a\u062c\u062f\u064a\u062f \u0648\u0645\u0643\u0627\u0641\u062d\u0629 \u0627\u0644\u0634\u064a\u062e\u0648\u062e\u0629.<br \/>\n\u064a\u0632\u064a\u0644 \u0628\u0644\u0637\u0641 \u0627\u0644\u0634\u0648\u0627\u0626\u0628 \u0645\u0646 \u0641\u0631\u0648\u0629 \u0627\u0644\u0631\u0623\u0633 \u0648\u0627\u0644\u0623\u0644\u064a\u0627\u0641. \u0628\u0645\u0627 \u0641\u064a \u0630\u0644\u0643 \u062c\u0632\u064a\u0626\u0627\u062a \u0627\u0644\u062a\u0644\u0648\u062b.<br \/>\n\u064a\u0643\u0634\u0641 \u0639\u0646 \u0627\u0644\u0623\u0644\u064a\u0627\u0641 \u0627\u0644\u0645\u0642\u0648\u0627\u0629.<br \/>\n\u064a\u0631\u0637\u0628 \u0648\u064a\u063a\u0630\u064a \u0627\u0644\u0634\u0639\u0631 \u0645\u0645\u0627 \u064a\u0633\u0645\u062d \u0646\u062a\u064a\u062c\u0629 \u0644\u0630\u0644\u0643 \u0628\u0627\u0633\u062a\u0639\u0627\u062f\u0629 \u0644\u0645\u0639\u0627\u0646\u0647.<\/p>","protected":false},"excerpt":{"rendered":"<p>\u0634\u0627\u0645\u0628\u0648 \u0645\u0646\u0634\u0637 \u0644\u0644\u0634\u0628\u0627\u0628 \u064a\u0632\u064a\u0644 \u0628\u0644\u0637\u0641 \u0627\u0644\u0634\u0648\u0627\u0626\u0628 \u0645\u0646 \u0641\u0631\u0648\u0629 \u0627\u0644\u0631\u0623\u0633 \u0648\u0627\u0644\u0623\u0644\u064a\u0627\u0641. \u0645\u062d\u0645\u0644 \u0628\u062d\u0645\u0636 \u0627\u0644\u0647\u064a\u0627\u0644\u0648\u0631\u0648\u0646\u064a\u0643 \u0648\u0627\u0644\u0623\u0628\u064a\u0633\u064a\u0646 \u0648\u0641\u064a\u062a\u0627\u0645\u064a\u0646 \u0647\u0640 \u0644\u0645\u062d\u0627\u0631\u0628\u0629 \u0639\u0644\u0627\u0645\u0627\u062a \u062a\u0642\u062f\u0645 \u0633\u0646 \u0641\u0631\u0648\u0629 \u0627\u0644\u0631\u0623\u0633 \u0648\u0627\u0644\u0634\u0639\u0631. \u064a\u0648\u0641\u0631 \u062a\u0631\u0637\u064a\u0628\u064b\u0627 \u0637\u0648\u064a\u0644 \u0627\u0644\u0623\u0645\u062f \u0644\u0641\u0631\u0648\u0629 \u0627\u0644\u0631\u0623\u0633 \u060c \u0645\u0639 \u0645\u0632\u064a\u062f \u0645\u0646 \u0627\u0644\u0631\u0637\u0648\u0628\u0629 \u0648\u0627\u0644\u0644\u0645\u0639\u0627\u0646 \u0648\u0627\u0644\u0642\u0648\u0629 \u0644\u0644\u0623\u0644\u064a\u0627\u0641 \u0645\u0646 \u0623\u062c\u0644 \u0627\u0631\u062a\u062f\u0627\u062f \u0627\u0644\u0634\u0628\u0627\u0628 \u0648\u0627\u0644\u062d\u064a\u0648\u064a\u0629. \u063a\u0646\u064a \u0628\u0631\u0627\u0626\u062d\u0629 Chronologiste \u0627\u0644\u0645\u0645\u064a\u0632\u0629 \u0645\u0646 \u0627\u0644\u0639\u0637\u0648\u0631 \u0627\u0644\u0641\u0627\u062e\u0631\u0629 \u060c \u0628\u0645\u0627 \u0641\u064a \u0630\u0644\u0643 \u0648\u0631\u062f \u0627\u0644\u0634\u0627\u064a [&hellip;]<\/p>\n","protected":false},"featured_media":2656,"template":"","meta":[],"pwb-brand":[252],"product_brand":[],"product_cat":[1148],"product_tag":[678,677,690],"class_list":{"0":"post-2626","1":"product","2":"type-product","3":"status-publish","4":"has-post-thumbnail","6":"pwb-brand-kerastase","7":"product_cat-hair-shampoo","8":"product_tag-hairfall","9":"product_tag-brokenhair","10":"product_tag-hairgrowth","12":"first","13":"outofstock","14":"shipping-taxable","15":"purchasable","16":"product-type-variable","17":"has-default-attributes","18":"wvs-archive-product-wrapper"},"brands":[{"id":252,"name":"K\u00e9rastase","slug":"kerastase"}],"_links":{"self":[{"href":"https:\/\/gopinkish.com\/fr\/wp-json\/wp\/v2\/product\/2626","targetHints":{"allow":["GET"]}}],"collection":[{"href":"https:\/\/gopinkish.com\/fr\/wp-json\/wp\/v2\/product"}],"about":[{"href":"https:\/\/gopinkish.com\/fr\/wp-json\/wp\/v2\/types\/product"}],"wp:featuredmedia":[{"embeddable":true,"href":"https:\/\/gopinkish.com\/fr\/wp-json\/wp\/v2\/media\/2656"}],"wp:attachment":[{"href":"https:\/\/gopinkish.com\/fr\/wp-json\/wp\/v2\/media?parent=2626"}],"wp:term":[{"taxonomy":"pwb-brand","embeddable":true,"href":"https:\/\/gopinkish.com\/fr\/wp-json\/wp\/v2\/pwb-brand?post=2626"},{"taxonomy":"product_brand","embeddable":true,"href":"https:\/\/gopinkish.com\/fr\/wp-json\/wp\/v2\/product_brand?post=2626"},{"taxonomy":"product_cat","embeddable":true,"href":"https:\/\/gopinkish.com\/fr\/wp-json\/wp\/v2\/product_cat?post=2626"},{"taxonomy":"product_tag","embeddable":true,"href":"https:\/\/gopinkish.com\/fr\/wp-json\/wp\/v2\/product_tag?post=2626"}],"curies":[{"name":"wp","href":"https:\/\/api.w.org\/{rel}","templated":true}]}}