{"id":26250,"date":"2025-05-18T01:00:37","date_gmt":"2025-05-18T00:00:37","guid":{"rendered":"https:\/\/gopinkish.com\/?post_type=product&#038;p=26250"},"modified":"2026-03-28T19:11:08","modified_gmt":"2026-03-28T18:11:08","slug":"3141389959712","status":"publish","type":"product","link":"https:\/\/gopinkish.com\/fr\/produit\/3141389959712\/","title":{"rendered":"Lait de douche hydratant - Vanille rose"},"content":{"rendered":"<p style=\"text-align: justify;\">Un gel douche riche et laiteux \u00e0 l'extrait naturel de vanille qui procure \u00e0 la peau une hydratation douce et un parfum d\u00e9licieusement chaud. La formule est sans parab\u00e8ne et convient aux peaux sensibles, ce qui en fait un produit id\u00e9al pour un usage quotidien.<\/p>\n<p style=\"text-align: justify;\"><strong>Principaux ingr\u00e9dients et caract\u00e9ristiques<\/strong><br \/>\n- Extrait naturel de vanille \u00e0 l'ar\u00f4me d\u00e9licieux<br \/>\n- Formule lact\u00e9e lisse et hydratante<br \/>\n- Sans parab\u00e8ne et adapt\u00e9 aux peaux sensibles<br \/>\n- Texture douce qui laisse la peau douce et confortable<\/p>\n<p><strong>Principales caract\u00e9ristiques et avantages<\/strong><br \/>\n- Nettoie la peau en douceur sans la dess\u00e9cher<br \/>\n- Hydrate et adoucit instantan\u00e9ment<br \/>\n- Laisse un parfum chaud et d\u00e9licieux de vanille<br \/>\n- Convient \u00e0 une utilisation quotidienne pour tous les types de peau<br \/>\n- Transforme le bain en un moment de d\u00e9tente sensuelle<\/p>\n<p dir=\"ltr\" style=\"text-align: center;\">\ud83c\uddec\ud83c\udde7 Gel douche Cottage Vanilla - Soins nourrissants et parfum\u00e9s<br \/>\n\ud83c\uddeb\ud83c\uddf7 Cottage Douche Lait Vanille D\u00e9licieuse - Soin Nourrissant &amp; Parfum Gourmand<\/p>","protected":false},"excerpt":{"rendered":"<p>\u062c\u0644 \u0627\u0633\u062a\u062d\u0645\u0627\u0645 \u063a\u0646\u064a \u0628\u062a\u0631\u0643\u064a\u0628\u0629 \u062d\u0644\u064a\u0628\u064a\u0629 \u0646\u0627\u0639\u0645\u0629\u060c \u064a\u062d\u062a\u0648\u064a \u0639\u0644\u0649 \u0645\u0633\u062a\u062e\u0644\u0635 \u0627\u0644\u0641\u0627\u0646\u064a\u0644\u064a\u0627 \u0627\u0644\u0637\u0628\u064a\u0639\u064a\u0629 \u0644\u064a\u0645\u0646\u062d \u0627\u0644\u0628\u0634\u0631\u0629 \u062a\u0631\u0637\u064a\u0628\u064b\u0627 \u0644\u0637\u064a\u0641\u064b\u0627 \u0648\u0631\u0627\u0626\u062d\u0629 \u062f\u0627\u0641\u0626\u0629 \u0644\u0630\u064a\u0630\u0629. \u062a\u0631\u0643\u064a\u0628\u062a\u0647 \u062e\u0627\u0644\u064a\u0629 \u0645\u0646 \u0627\u0644\u0628\u0627\u0631\u0627\u0628\u064a\u0646 \u0648\u0635\u062f\u064a\u0642\u0629 \u0644\u0644\u0628\u0634\u0631\u0629 \u0627\u0644\u062d\u0633\u0627\u0633\u0629\u060c \u0645\u0645\u0627 \u064a\u062c\u0639\u0644\u0647 \u0645\u062b\u0627\u0644\u064a\u064b\u0627 \u0644\u0644\u0627\u0633\u062a\u062e\u062f\u0627\u0645 \u0627\u0644\u064a\u0648\u0645\u064a. \u0627\u0644\u0645\u0643\u0648\u0646\u0627\u062a \u0648\u0627\u0644\u062e\u0635\u0627\u0626\u0635 \u0627\u0644\u0631\u0626\u064a\u0633\u064a\u0629 \u2022 \u0645\u0633\u062a\u062e\u0644\u0635 \u0627\u0644\u0641\u0627\u0646\u064a\u0644\u064a\u0627 \u0627\u0644\u0637\u0628\u064a\u0639\u064a\u0629 \u0628\u0631\u0627\u0626\u062d\u0629 \u0644\u0630\u064a\u0630\u0629 \u2022 \u062a\u0631\u0643\u064a\u0628\u0629 \u062d\u0644\u064a\u0628\u064a\u0629 \u0646\u0627\u0639\u0645\u0629 \u0648\u0645\u0631\u0637\u0628\u0629 \u2022 \u062e\u0627\u0644\u064d \u0645\u0646 \u0627\u0644\u0628\u0627\u0631\u0627\u0628\u064a\u0646 \u0648\u0635\u062f\u064a\u0642 \u0644\u0644\u0628\u0634\u0631\u0629 \u0627\u0644\u062d\u0633\u0627\u0633\u0629 \u2022 \u0642\u0648\u0627\u0645 \u0644\u0637\u064a\u0641 \u064a\u062a\u0631\u0643 [&hellip;]<\/p>\n","protected":false},"featured_media":26251,"template":"","meta":[],"pwb-brand":[1051],"product_brand":[],"product_cat":[1138,1137],"product_tag":[696,697],"class_list":{"0":"post-26250","1":"product","2":"type-product","3":"status-publish","4":"has-post-thumbnail","6":"pwb-brand-cottage","7":"product_cat-bath-and-shower","8":"product_cat-body-moist","9":"product_tag-dryskin","10":"product_tag-moisturizing","12":"first","13":"outofstock","14":"shipping-taxable","15":"product-type-variable","16":"has-default-attributes","17":"wvs-archive-product-wrapper"},"brands":[{"id":1051,"name":"Cottage","slug":"chalet"}],"_links":{"self":[{"href":"https:\/\/gopinkish.com\/fr\/wp-json\/wp\/v2\/product\/26250","targetHints":{"allow":["GET"]}}],"collection":[{"href":"https:\/\/gopinkish.com\/fr\/wp-json\/wp\/v2\/product"}],"about":[{"href":"https:\/\/gopinkish.com\/fr\/wp-json\/wp\/v2\/types\/product"}],"wp:featuredmedia":[{"embeddable":true,"href":"https:\/\/gopinkish.com\/fr\/wp-json\/wp\/v2\/media\/26251"}],"wp:attachment":[{"href":"https:\/\/gopinkish.com\/fr\/wp-json\/wp\/v2\/media?parent=26250"}],"wp:term":[{"taxonomy":"pwb-brand","embeddable":true,"href":"https:\/\/gopinkish.com\/fr\/wp-json\/wp\/v2\/pwb-brand?post=26250"},{"taxonomy":"product_brand","embeddable":true,"href":"https:\/\/gopinkish.com\/fr\/wp-json\/wp\/v2\/product_brand?post=26250"},{"taxonomy":"product_cat","embeddable":true,"href":"https:\/\/gopinkish.com\/fr\/wp-json\/wp\/v2\/product_cat?post=26250"},{"taxonomy":"product_tag","embeddable":true,"href":"https:\/\/gopinkish.com\/fr\/wp-json\/wp\/v2\/product_tag?post=26250"}],"curies":[{"name":"wp","href":"https:\/\/api.w.org\/{rel}","templated":true}]}}