{"id":26226,"date":"2025-05-17T01:42:52","date_gmt":"2025-05-17T00:42:52","guid":{"rendered":"https:\/\/gopinkish.com\/?post_type=product&#038;p=26226"},"modified":"2025-09-16T08:58:20","modified_gmt":"2025-09-16T07:58:20","slug":"3600550962307","status":"publish","type":"product","link":"https:\/\/gopinkish.com\/fr\/produit\/3600550962307\/","title":{"rendered":"Lait corporel anti-dess\u00e8chement enrichi en huile de coriandre"},"content":{"rendered":"<p style=\"text-align: justify;\">La peau s\u00e8che peut perdre son confort et son \u00e9clat. Elle a besoin d'\u00eatre nourrie pour pr\u00e9venir le dess\u00e8chement et rester douce et souple. Enrichi en huile de coriandre, ce lait corporel anti-dess\u00e8chement a une texture l\u00e9g\u00e8re et soyeuse qui p\u00e9n\u00e8tre rapidement et laisse les peaux s\u00e8ches nourries, souples, confortables et douces sans sensation de gras.<\/p>\n<p style=\"text-align: justify;\">Id\u00e9al pour les peaux s\u00e8ches et sensibles. Test\u00e9 dermatologiquement pour les peaux s\u00e8ches et sensibles.<\/p>\n<p style=\"text-align: justify;\">Sans parab\u00e8ne.<\/p>\n<p dir=\"ltr\" style=\"text-align: center;\">Mixa Lait Corps Anti-dess\u00e8chement<\/p>","protected":false},"excerpt":{"rendered":"<p>\u0642\u062f \u062a\u0641\u0642\u062f \u0627\u0644\u0628\u0634\u0631\u0629 \u0627\u0644\u062c\u0627\u0641\u0629 \u0631\u0627\u062d\u062a\u0647\u0627 \u0648\u0625\u0634\u0631\u0627\u0642\u062a\u0647\u0627. \u0641\u0647\u064a \u062a\u062d\u062a\u0627\u062c \u0625\u0644\u0649 \u062a\u063a\u0630\u064a\u0629 \u0644\u0645\u0646\u0639 \u0627\u0644\u062c\u0641\u0627\u0641 \u0648\u0627\u0644\u062d\u0641\u0627\u0638 \u0639\u0644\u0649 \u0646\u0639\u0648\u0645\u062a\u0647\u0627 \u0648\u0644\u064a\u0648\u0646\u062a\u0647\u0627.\u00a0\u0644\u0648\u0634\u0646 \u0627\u0644\u062c\u0633\u0645 \u0627\u0644\u0645\u0636\u0627\u062f \u0644\u0644\u062c\u0641\u0627\u0641\u060c \u0627\u0644\u0645\u064f\u0639\u0632\u0632 \u0628\u0632\u064a\u062a \u0627\u0644\u0643\u0632\u0628\u0631\u0629\u060c \u064a\u062a\u0645\u064a\u0632 \u0628\u0642\u0648\u0627\u0645 \u062e\u0641\u064a\u0641 \u0648\u062d\u0631\u064a\u0631\u064a \u064a\u0645\u062a\u0635 \u0628\u0633\u0631\u0639\u0629\u060c \u0648\u064a\u062a\u0631\u0643 \u0627\u0644\u0628\u0634\u0631\u0629 \u0627\u0644\u062c\u0627\u0641\u0629 \u0645\u064f\u063a\u0630\u064a\u0629\u060c \u0645\u0631\u0646\u0629\u060c \u0645\u0631\u064a\u062d\u0629\u060c \u0648\u0646\u0627\u0639\u0645\u0629 \u062f\u0648\u0646 \u0623\u064a \u0645\u0644\u0645\u0633 \u062f\u0647\u0646\u064a. \u062a\u0631\u0643\u064a\u0628\u0629 \u0645\u062b\u0627\u0644\u064a\u0629 \u0644\u0644\u0628\u0634\u0631\u0629 \u0627\u0644\u062c\u0627\u0641\u0629 \u0648\u0627\u0644\u062d\u0633\u0627\u0633\u0629. \u0645\u064f\u062e\u062a\u0628\u0631 \u0645\u0646 \u0642\u0628\u0644 \u0623\u0637\u0628\u0627\u0621 \u0627\u0644\u062c\u0644\u062f\u064a\u0629 \u0644\u0644\u0639\u0646\u0627\u064a\u0629 \u0628\u0627\u0644\u0628\u0634\u0631\u0629 \u0627\u0644\u062c\u0627\u0641\u0629 \u0648\u0627\u0644\u062d\u0633\u0627\u0633\u0629. \u062e\u0627\u0644\u064d \u0645\u0646 [&hellip;]<\/p>\n","protected":false},"featured_media":26227,"template":"","meta":[],"pwb-brand":[427],"product_brand":[],"product_cat":[1137],"product_tag":[],"class_list":{"0":"post-26226","1":"product","2":"type-product","3":"status-publish","4":"has-post-thumbnail","6":"pwb-brand-mixa","7":"product_cat-body-moist","9":"first","10":"instock","11":"shipping-taxable","12":"purchasable","13":"product-type-variable","14":"has-default-attributes","15":"wvs-archive-product-wrapper"},"brands":[{"id":427,"name":"Mixa","slug":"mixa"}],"_links":{"self":[{"href":"https:\/\/gopinkish.com\/fr\/wp-json\/wp\/v2\/product\/26226","targetHints":{"allow":["GET"]}}],"collection":[{"href":"https:\/\/gopinkish.com\/fr\/wp-json\/wp\/v2\/product"}],"about":[{"href":"https:\/\/gopinkish.com\/fr\/wp-json\/wp\/v2\/types\/product"}],"wp:featuredmedia":[{"embeddable":true,"href":"https:\/\/gopinkish.com\/fr\/wp-json\/wp\/v2\/media\/26227"}],"wp:attachment":[{"href":"https:\/\/gopinkish.com\/fr\/wp-json\/wp\/v2\/media?parent=26226"}],"wp:term":[{"taxonomy":"pwb-brand","embeddable":true,"href":"https:\/\/gopinkish.com\/fr\/wp-json\/wp\/v2\/pwb-brand?post=26226"},{"taxonomy":"product_brand","embeddable":true,"href":"https:\/\/gopinkish.com\/fr\/wp-json\/wp\/v2\/product_brand?post=26226"},{"taxonomy":"product_cat","embeddable":true,"href":"https:\/\/gopinkish.com\/fr\/wp-json\/wp\/v2\/product_cat?post=26226"},{"taxonomy":"product_tag","embeddable":true,"href":"https:\/\/gopinkish.com\/fr\/wp-json\/wp\/v2\/product_tag?post=26226"}],"curies":[{"name":"wp","href":"https:\/\/api.w.org\/{rel}","templated":true}]}}