{"id":26219,"date":"2025-02-17T01:19:00","date_gmt":"2025-02-17T00:19:00","guid":{"rendered":"https:\/\/gopinkish.com\/?post_type=product&#038;p=26219"},"modified":"2026-04-08T21:25:28","modified_gmt":"2026-04-08T20:25:28","slug":"3600524099442","status":"publish","type":"product","link":"https:\/\/gopinkish.com\/fr\/produit\/3600524099442\/","title":{"rendered":"Shampooing r\u00e9parateur pour cheveux tr\u00e8s secs et ab\u00eem\u00e9s avec protection r\u00e9paratrice"},"content":{"rendered":"<div  class=\"section-element\"><div class=\"row\"><div class=\"large-12 nasa-col columns\"><div class=\"wpb_text_column wpb_content_element\" ><p style=\"text-align: justify;\">Elseve Total Repair 5 Extreme Shampooing de L'Or\u00e9al Paris est un shampooing r\u00e9parateur intensif con\u00e7u pour les cheveux gravement ab\u00eem\u00e9s. Il traite les cinq signes des cheveux ab\u00eem\u00e9s : Casse, Faiblesse, Rugosit\u00e9, Terne et S\u00e9cheresse. Sa formule, enrichie en prot\u00e9ines et en c\u00e9ramides, renforce chaque m\u00e8che de l'int\u00e9rieur et reconstruit les fibres capillaires cass\u00e9es. Elle p\u00e9n\u00e8tre les couches les plus profondes du cheveu pour une remise en \u00e9tat compl\u00e8te.<\/p>\n<p><strong>Principaux ingr\u00e9dients et caract\u00e9ristiques<\/strong><\/p>\n<ul>\n<li>Prot\u00e9ines concentr\u00e9es pour reconstruire les fibres capillaires endommag\u00e9es<\/li>\n<li>Les c\u00e9ramides renforcent la barri\u00e8re capillaire et emprisonnent la nutrition.<\/li>\n<li>Une formule r\u00e9paratrice avanc\u00e9e qui p\u00e9n\u00e8tre en profondeur dans les cheveux.<\/li>\n<li>Un syst\u00e8me de renforcement qui tient compte de 5 signes cl\u00e9s de dommages<\/li>\n<\/ul>\n<p><strong>Principales caract\u00e9ristiques et avantages<\/strong><\/p>\n<ul>\n<li>Reconstruit les fibres capillaires endommag\u00e9es de la racine aux pointes<\/li>\n<li>Donne de la force, de la vitalit\u00e9 et une douceur soyeuse<\/li>\n<li>Minimise la casse des cheveux et pr\u00e9vient les pointes fourchues<\/li>\n<li>Redonne de l'\u00e9clat aux cheveux ternes et fatigu\u00e9s<\/li>\n<li>Convient aux cheveux gravement ab\u00eem\u00e9s par la coloration et la chaleur.<\/li>\n<\/ul>\n<p style=\"text-align: center;\">\ud83c\uddec\ud83c\udde7 L'Or\u00e9al Paris - Elseve Total Repair 5 Extreme Shampooing pour cheveux extr\u00eamement ab\u00eem\u00e9s<\/p>\n<p style=\"text-align: center;\">\ud83c\uddeb\ud83c\uddf7 L'Or\u00e9al Paris - Elseve Total Repair 5 Extr\u00eame Shampooing Cheveux Extr\u00eamement Ab\u00eem\u00e9s<\/p>\n<\/div><\/div><\/div><\/div>","protected":false},"excerpt":{"rendered":"\u0645\u0646\u062a\u062c Elseve Total Repair 5 Extreme Shampooing \u0645\u0646 L'Or\u00e9al Paris \u0647\u0648 \u0634\u0627\u0645\u0628\u0648 \u0625\u0635\u0644\u0627\u062d\u064a \u0645\u0643\u062b\u0641 \u0645\u0635\u0645\u0645 \u0644\u0644\u0634\u0639\u0631 \u0627\u0644\u0645\u062a\u0636\u0631\u0631 \u0644\u0644\u063a\u0627\u064a\u0629. \u064a\u0639\u0627\u0644\u062c \u0627\u0644\u0639\u0644\u0627\u0645\u0627\u062a \u0627\u0644\u062e\u0645\u0633 \u0644\u0644\u0634\u0639\u0631 \u0627\u0644\u062a\u0627\u0644\u0641 \u0648\u0647\u064a: \u0627\u0644\u062a\u0642\u0635\u0641\u060c \u0627\u0644\u0636\u0639\u0641\u060c \u0627\u0644\u062e\u0634\u0648\u0646\u0629\u060c \u0627\u0644\u0628\u0647\u062a\u0627\u0646 \u0648\u0627\u0644\u062c\u0641\u0627\u0641. \u062a\u0631\u0643\u064a\u0628\u062a\u0647 \u0627\u0644\u0645\u0639\u0632\u0632\u0629 \u0628\u0627\u0644\u0628\u0631\u0648\u062a\u064a\u0646 \u0648\u0627\u0644\u0633\u064a\u0631\u0627\u0645\u064a\u062f \u062a\u0639\u0645\u0644 \u0639\u0644\u0649 \u062a\u0642\u0648\u064a\u0629 \u0643\u0644 \u062e\u0635\u0644\u0629 \u0645\u0646 \u0627\u0644\u062f\u0627\u062e\u0644 \u0648\u0625\u0639\u0627\u062f\u0629 \u0628\u0646\u0627\u0621 \u0623\u0644\u064a\u0627\u0641 \u0627\u0644\u0634\u0639\u0631 \u0627\u0644\u0645\u0643\u0633\u0648\u0631\u0629. \u064a\u062e\u062a\u0631\u0642 \u0637\u0628\u0642\u0627\u062a \u0627\u0644\u0634\u0639\u0631 \u0627\u0644\u0639\u0645\u064a\u0642\u0629 \u0644\u0625\u0635\u0644\u0627\u062d \u0634\u0627\u0645\u0644 \u0648\u0645\u062a\u0643\u0627\u0645\u0644. \u0627\u0644\u0645\u0643\u0648\u0646\u0627\u062a \u0648\u0627\u0644\u062e\u0635\u0627\u0626\u0635 \u0627\u0644\u0631\u0626\u064a\u0633\u064a\u0629 [...]","protected":false},"featured_media":26220,"template":"","meta":[],"pwb-brand":[239],"product_brand":[],"product_cat":[1148],"product_tag":[1061,1035],"class_list":{"0":"post-26219","1":"product","2":"type-product","3":"status-publish","4":"has-post-thumbnail","6":"pwb-brand-loreal","7":"product_cat-hair-shampoo","8":"product_tag-1061","9":"product_tag-1035","11":"first","12":"instock","13":"shipping-taxable","14":"purchasable","15":"product-type-variable","16":"has-default-attributes","17":"wvs-archive-product-wrapper"},"brands":[{"id":239,"name":"L'Or\u00e9al Paris","slug":"loreal"}],"_links":{"self":[{"href":"https:\/\/gopinkish.com\/fr\/wp-json\/wp\/v2\/product\/26219","targetHints":{"allow":["GET"]}}],"collection":[{"href":"https:\/\/gopinkish.com\/fr\/wp-json\/wp\/v2\/product"}],"about":[{"href":"https:\/\/gopinkish.com\/fr\/wp-json\/wp\/v2\/types\/product"}],"wp:featuredmedia":[{"embeddable":true,"href":"https:\/\/gopinkish.com\/fr\/wp-json\/wp\/v2\/media\/26220"}],"wp:attachment":[{"href":"https:\/\/gopinkish.com\/fr\/wp-json\/wp\/v2\/media?parent=26219"}],"wp:term":[{"taxonomy":"pwb-brand","embeddable":true,"href":"https:\/\/gopinkish.com\/fr\/wp-json\/wp\/v2\/pwb-brand?post=26219"},{"taxonomy":"product_brand","embeddable":true,"href":"https:\/\/gopinkish.com\/fr\/wp-json\/wp\/v2\/product_brand?post=26219"},{"taxonomy":"product_cat","embeddable":true,"href":"https:\/\/gopinkish.com\/fr\/wp-json\/wp\/v2\/product_cat?post=26219"},{"taxonomy":"product_tag","embeddable":true,"href":"https:\/\/gopinkish.com\/fr\/wp-json\/wp\/v2\/product_tag?post=26219"}],"curies":[{"name":"wp","href":"https:\/\/api.w.org\/{rel}","templated":true}]}}