{"id":26184,"date":"2025-05-16T22:37:56","date_gmt":"2025-05-16T21:37:56","guid":{"rendered":"https:\/\/gopinkish.com\/?post_type=product&#038;p=26184"},"modified":"2025-12-27T18:59:31","modified_gmt":"2025-12-27T17:59:31","slug":"783320977343","status":"publish","type":"product","link":"https:\/\/gopinkish.com\/fr\/produit\/783320977343\/","title":{"rendered":"Bulgari Splendida Magnolia Sensuelle"},"content":{"rendered":"<p style=\"text-align: justify;\">\u062c\u0632\u0621 \u0645\u0646 \u0645\u062c\u0645\u0648\u0639\u0629 Splendida \u0627\u0644\u062a\u064a \u062a\u062d\u062a\u0641\u064a \u0628\u0623\u062c\u0645\u0644 \u0627\u0644\u0632\u0647\u0648\u0631. \u0647\u0630\u0627 \u0627\u0644\u0625\u0635\u062f\u0627\u0631 \u064a\u0633\u0644\u0637 \u0627\u0644\u0636\u0648\u0621 \u0639\u0644\u0649 \u0632\u0647\u0631\u0629 \u0627\u0644\u0645\u0627\u063a\u0646\u0648\u0644\u064a\u0627 \u0643\u0631\u0645\u0632 \u0644\u0644\u0631\u0648\u0645\u0627\u0646\u0633\u064a\u0629 \u0648\u0627\u0644\u0623\u0646\u0648\u062b\u0629. \u064a\u0641\u062a\u062a\u062d \u0627\u0644\u0639\u0637\u0631 \u0628\u0640 \u0632\u0647\u0631 \u0627\u0644\u0628\u0631\u062a\u0642\u0627\u0644 \u0648\u0627\u0644\u064a\u0648\u0633\u0641\u064a \u0644\u064a\u0645\u0646\u062d \u0628\u062f\u0627\u064a\u0629 \u0645\u0634\u0631\u0642\u0629 \u0648\u0645\u0646\u0639\u0634\u0629\u060c \u064a\u062a\u0637\u0648\u0631 \u0625\u0644\u0649 \u0642\u0644\u0628 \u063a\u0646\u064a \u0628\u0640 \u0627\u0644\u0645\u0627\u063a\u0646\u0648\u0644\u064a\u0627\u060c \u0627\u0644\u064a\u0627\u0633\u0645\u064a\u0646\u060c \u0648\u0632\u0647\u0631 \u0627\u0644\u0628\u0631\u062a\u0642\u0627\u0644\u060c \u0648\u064a\u0646\u062a\u0647\u064a \u0628\u0642\u0627\u0639\u062f\u0629 \u062f\u0627\u0641\u0626\u0629 \u0645\u0646 \u0627\u0644\u0641\u0627\u0646\u064a\u0644\u064a\u0627 \u0627\u0644\u062a\u0627\u0647\u064a\u062a\u064a\u0629\u060c \u0627\u0644\u0645\u0633\u0643\u060c \u0648\u0627\u0644\u0628\u0627\u062a\u0634\u0648\u0644\u064a \u0627\u0644\u0647\u0646\u062f\u064a.<\/p>\n<p style=\"text-align: justify;\"><strong>Principaux ingr\u00e9dients et caract\u00e9ristiques :<\/strong><br \/>\n\u2022 \u0627\u0644\u0646\u0641\u062d\u0627\u062a \u0627\u0644\u0639\u0644\u064a\u0627: \u0632\u0647\u0631 \u0627\u0644\u0628\u0631\u062a\u0642\u0627\u0644\u060c \u064a\u0648\u0633\u0641\u064a.<br \/>\n\u2022 \u0627\u0644\u0646\u0641\u062d\u0627\u062a \u0627\u0644\u0648\u0633\u0637\u0649: \u0645\u0627\u063a\u0646\u0648\u0644\u064a\u0627\u060c \u064a\u0627\u0633\u0645\u064a\u0646\u060c \u0632\u0647\u0631 \u0627\u0644\u0628\u0631\u062a\u0642\u0627\u0644.<br \/>\n\u2022 \u0627\u0644\u0646\u0641\u062d\u0627\u062a \u0627\u0644\u0642\u0627\u0639\u062f\u064a\u0629: \u0641\u0627\u0646\u064a\u0644\u064a\u0627 \u062a\u0627\u0647\u064a\u062a\u064a\u0629\u060c \u0645\u0633\u0643\u060c \u0628\u0627\u062a\u0634\u0648\u0644\u064a \u0647\u0646\u062f\u064a.<br \/>\n\u2022 \u062a\u0631\u0643\u064a\u0628\u0629 \u0632\u0647\u0631\u064a\u0629\u2011\u062d\u0645\u0636\u064a\u0629 \u0645\u0639 \u0644\u0645\u0633\u0629 \u062f\u0627\u0641\u0626\u0629.<br \/>\n\u2022 \u062a\u0631\u0643\u064a\u0632 Eau de Parfum.<\/p>\n<p style=\"text-align: justify;\"><strong>Principales caract\u00e9ristiques et avantages :<\/strong><br \/>\n\u2022 \u064a\u0639\u0643\u0633 \u0623\u0646\u0648\u062b\u0629 \u0631\u0648\u0645\u0627\u0646\u0633\u064a\u0629 \u0648\u062d\u0633\u064a\u0629.<br \/>\n\u2022 \u064a\u0645\u0646\u062d \u0644\u0645\u0633\u0629 \u062f\u0627\u0641\u0626\u0629 \u062a\u062f\u0648\u0645 \u0637\u0648\u064a\u0644\u064b\u0627.<br \/>\n\u2022 \u062a\u0631\u0643\u064a\u0628\u0629 \u0645\u062a\u0648\u0627\u0632\u0646\u0629 \u0628\u064a\u0646 \u0627\u0644\u0627\u0646\u062a\u0639\u0627\u0634 \u0627\u0644\u0632\u0647\u0631\u064a \u0648\u0627\u0644\u062f\u0641\u0621 \u0627\u0644\u0634\u0631\u0642\u064a.<br \/>\n- Parfait pour les soir\u00e9es et les occasions sp\u00e9ciales.<br \/>\n- Un flacon \u00e9l\u00e9gant qui refl\u00e8te le luxe italien.<\/p>\n<p dir=\"ltr\" style=\"text-align: center;\">\u200e\ud83c\uddec\ud83c\udde7 Bvlgari Splendida Magnolia Sensuel Eau de Parfum \u2013 Floral Citrus Warm, Feminine &amp; Long\u2011Lasting<br \/>\n\u200e\ud83c\uddeb\ud83c\uddf7 Bvlgari Splendida Magnolia Sensuel Eau de Parfum \u2013 Floral Agrumes &amp; Notes Chaudes, F\u00e9minin &amp; Durable<\/p>","protected":false},"excerpt":{"rendered":"<p>Eau de Parfum<\/p>","protected":false},"featured_media":26185,"template":"","meta":[],"pwb-brand":[1435],"product_brand":[],"product_cat":[1421],"product_tag":[],"class_list":{"0":"post-26184","1":"product","2":"type-product","3":"status-publish","4":"has-post-thumbnail","6":"pwb-brand-bvlgari","7":"product_cat-edp-women","9":"first","10":"outofstock","11":"shipping-taxable","12":"product-type-variable","13":"has-default-attributes","14":"wvs-archive-product-wrapper"},"brands":[{"id":1435,"name":"Bulgari","slug":"bvlgari"}],"_links":{"self":[{"href":"https:\/\/gopinkish.com\/fr\/wp-json\/wp\/v2\/product\/26184","targetHints":{"allow":["GET"]}}],"collection":[{"href":"https:\/\/gopinkish.com\/fr\/wp-json\/wp\/v2\/product"}],"about":[{"href":"https:\/\/gopinkish.com\/fr\/wp-json\/wp\/v2\/types\/product"}],"wp:featuredmedia":[{"embeddable":true,"href":"https:\/\/gopinkish.com\/fr\/wp-json\/wp\/v2\/media\/26185"}],"wp:attachment":[{"href":"https:\/\/gopinkish.com\/fr\/wp-json\/wp\/v2\/media?parent=26184"}],"wp:term":[{"taxonomy":"pwb-brand","embeddable":true,"href":"https:\/\/gopinkish.com\/fr\/wp-json\/wp\/v2\/pwb-brand?post=26184"},{"taxonomy":"product_brand","embeddable":true,"href":"https:\/\/gopinkish.com\/fr\/wp-json\/wp\/v2\/product_brand?post=26184"},{"taxonomy":"product_cat","embeddable":true,"href":"https:\/\/gopinkish.com\/fr\/wp-json\/wp\/v2\/product_cat?post=26184"},{"taxonomy":"product_tag","embeddable":true,"href":"https:\/\/gopinkish.com\/fr\/wp-json\/wp\/v2\/product_tag?post=26184"}],"curies":[{"name":"wp","href":"https:\/\/api.w.org\/{rel}","templated":true}]}}