{"id":26136,"date":"2025-05-16T19:21:23","date_gmt":"2025-05-16T18:21:23","guid":{"rendered":"https:\/\/gopinkish.com\/?post_type=product&#038;p=26136"},"modified":"2026-04-04T13:13:57","modified_gmt":"2026-04-04T12:13:57","slug":"3600541125896","status":"publish","type":"product","link":"https:\/\/gopinkish.com\/fr\/produit\/3600541125896\/","title":{"rendered":"Cr\u00e8me intensive de 7 jours pour les mains \u00e0 la mangue et \u00e0 l'huile de bifidus"},"content":{"rendered":"<p style=\"text-align: justify;\">Traitez vos mains ab\u00eem\u00e9es avec la cr\u00e8me rafra\u00eechissante et nourrissante de 7 jours \u00e0 l'huile de mangue de Garnier pour les peaux tr\u00e8s s\u00e8ches et rugueuses. Sa formule nourrissante p\u00e9n\u00e8tre rapidement sans ralentir l'hydratation. Elle assure une peau douce et soyeuse sans laisser de r\u00e9sidu collant ou gras. Vos doigts seront super doux et sans irritation.<\/p>\n<p style=\"text-align: justify;\">Enrichie en huile de mangue et en champignon Bifidus L, sa formule apaise les peaux rugueuses et gerc\u00e9es pour un confort durable. Cette cr\u00e8me hydratante et nourrissante laisse vos mains \u00e9clatantes de sant\u00e9 gr\u00e2ce \u00e0 une hydratation intense.<\/p>\n<p style=\"text-align: justify;\">Test\u00e9 par des dermatologues.<\/p>","protected":false},"excerpt":{"rendered":"<p>\u0639\u0627\u0644\u062c\u064a \u064a\u062f\u064a\u0643\u0650 \u0627\u0644\u0645\u062a\u0636\u0631\u0631\u0629 \u0645\u0639 \u0643\u0631\u064a\u0645 \u063a\u0627\u0631\u0646\u064a\u064a\u0647 \u0627\u0644\u0645\u0646\u0639\u0634 \u0648\u0627\u0644\u0645\u063a\u0630\u064a \u0644\u0644\u064a\u062f\u064a\u0646 \u0628\u0632\u064a\u062a \u0627\u0644\u0645\u0627\u0646\u062c\u0648 \u0644\u0645\u062f\u0629 7 \u0623\u064a\u0627\u0645 \u0644\u0644\u0628\u0634\u0631\u0629 \u0634\u062f\u064a\u062f\u0629 \u0627\u0644\u062c\u0641\u0627\u0641 \u0648\u0627\u0644\u062e\u0634\u0646\u0629. \u062a\u0645\u062a\u0635 \u062a\u0631\u0643\u064a\u0628\u062a\u0647 \u0627\u0644\u0645\u063a\u0630\u064a\u0629 \u0628\u0633\u0631\u0639\u0629 \u062f\u0648\u0646 \u0623\u0646 \u062a\u0628\u0637\u0626 \u062a\u0631\u0637\u064a\u0628\u0647\u0627. \u064a\u0636\u0645\u0646 \u0644\u0643\u0650 \u0628\u0634\u0631\u0629 \u0646\u0627\u0639\u0645\u0629 \u0643\u0627\u0644\u062d\u0631\u064a\u0631 \u062f\u0648\u0646 \u062a\u0631\u0643 \u0623\u064a \u0628\u0642\u0627\u064a\u0627 \u0644\u0632\u062c\u0629 \u0623\u0648 \u062f\u0647\u0646\u064a\u0629\u060c \u0648\u0633\u062a\u0634\u0639\u0631\u064a\u0646 \u0628\u0646\u0639\u0648\u0645\u0629 \u0641\u0627\u0626\u0642\u0629 \u0639\u0644\u0649 \u0623\u0635\u0627\u0628\u0639\u0643\u0650 \u0648\u0631\u0627\u062d\u0629 \u0645\u0646 \u0627\u0644\u062a\u0647\u064a\u062c. \u062a\u0631\u0643\u064a\u0628\u062a\u0647 \u0627\u0644\u063a\u0646\u064a\u0629 \u0628\u0632\u064a\u062a \u0627\u0644\u0645\u0627\u0646\u062c\u0648 \u0648\u0641\u0637\u0631 \u0627\u0644\u0628\u064a\u0641\u064a\u062f\u0648\u0633 L \u062a\u0647\u062f\u0626 \u0627\u0644\u0628\u0634\u0631\u0629 [&hellip;]<\/p>\n","protected":false},"featured_media":26140,"template":"","meta":[],"pwb-brand":[218],"product_brand":[],"product_cat":[1139],"product_tag":[],"class_list":{"0":"post-26136","1":"product","2":"type-product","3":"status-publish","4":"has-post-thumbnail","6":"pwb-brand-garnier","7":"product_cat-hands-care","9":"first","10":"outofstock","11":"shipping-taxable","12":"product-type-variable","13":"has-default-attributes","14":"wvs-archive-product-wrapper"},"brands":[{"id":218,"name":"Garnier","slug":"garnier"}],"_links":{"self":[{"href":"https:\/\/gopinkish.com\/fr\/wp-json\/wp\/v2\/product\/26136","targetHints":{"allow":["GET"]}}],"collection":[{"href":"https:\/\/gopinkish.com\/fr\/wp-json\/wp\/v2\/product"}],"about":[{"href":"https:\/\/gopinkish.com\/fr\/wp-json\/wp\/v2\/types\/product"}],"wp:featuredmedia":[{"embeddable":true,"href":"https:\/\/gopinkish.com\/fr\/wp-json\/wp\/v2\/media\/26140"}],"wp:attachment":[{"href":"https:\/\/gopinkish.com\/fr\/wp-json\/wp\/v2\/media?parent=26136"}],"wp:term":[{"taxonomy":"pwb-brand","embeddable":true,"href":"https:\/\/gopinkish.com\/fr\/wp-json\/wp\/v2\/pwb-brand?post=26136"},{"taxonomy":"product_brand","embeddable":true,"href":"https:\/\/gopinkish.com\/fr\/wp-json\/wp\/v2\/product_brand?post=26136"},{"taxonomy":"product_cat","embeddable":true,"href":"https:\/\/gopinkish.com\/fr\/wp-json\/wp\/v2\/product_cat?post=26136"},{"taxonomy":"product_tag","embeddable":true,"href":"https:\/\/gopinkish.com\/fr\/wp-json\/wp\/v2\/product_tag?post=26136"}],"curies":[{"name":"wp","href":"https:\/\/api.w.org\/{rel}","templated":true}]}}