{"id":26131,"date":"2025-01-16T19:10:49","date_gmt":"2025-01-16T18:10:49","guid":{"rendered":"https:\/\/gopinkish.com\/?post_type=product&#038;p=26131"},"modified":"2026-02-09T12:52:41","modified_gmt":"2026-02-09T11:52:41","slug":"2961544500112","status":"publish","type":"product","link":"https:\/\/gopinkish.com\/fr\/produit\/2961544500112\/","title":{"rendered":"Brosse \u00e0 dents con\u00e7ue pour prot\u00e9ger l'\u00e9mail des dents - souple"},"content":{"rendered":"<p style=\"text-align: justify;\">Brosse \u00e0 dents Sensodyne Pronamel con\u00e7ue pour prot\u00e9ger l'\u00e9mail des dents. Coussin de gel flexible con\u00e7u pour prot\u00e9ger l'\u00e9mail des dents pour un nettoyage efficace. Sp\u00e9cialement con\u00e7ue pour les personnes ayant des dents sensibles, les poils ultrafins permettent un nettoyage efficace. Les poils ultrafins sont doux pour l'\u00e9mail des dents.<\/p>","protected":false},"excerpt":{"rendered":"<p>Brosse \u00e0 dents Sensodyne Pronamel con\u00e7ue pour prot\u00e9ger l'\u00e9mail des dents. Coussin de gel flexible con\u00e7u pour prot\u00e9ger l'\u00e9mail des dents pour un nettoyage efficace. Sp\u00e9cialement con\u00e7ue pour les personnes ayant des dents sensibles, les poils ultrafins permettent un nettoyage efficace. Les poils ultrafins sont doux pour l'\u00e9mail des dents.<\/p>","protected":false},"featured_media":26132,"template":"","meta":[],"pwb-brand":[463],"product_brand":[],"product_cat":[1132],"product_tag":[],"class_list":{"0":"post-26131","1":"product","2":"type-product","3":"status-publish","4":"has-post-thumbnail","6":"pwb-brand-sensodyne","7":"product_cat-tooth-brush","9":"first","10":"instock","11":"shipping-taxable","12":"purchasable","13":"product-type-variable","14":"has-default-attributes","15":"wvs-archive-product-wrapper"},"brands":[{"id":463,"name":"Sensodyne","slug":"sensodyne"}],"_links":{"self":[{"href":"https:\/\/gopinkish.com\/fr\/wp-json\/wp\/v2\/product\/26131","targetHints":{"allow":["GET"]}}],"collection":[{"href":"https:\/\/gopinkish.com\/fr\/wp-json\/wp\/v2\/product"}],"about":[{"href":"https:\/\/gopinkish.com\/fr\/wp-json\/wp\/v2\/types\/product"}],"wp:featuredmedia":[{"embeddable":true,"href":"https:\/\/gopinkish.com\/fr\/wp-json\/wp\/v2\/media\/26132"}],"wp:attachment":[{"href":"https:\/\/gopinkish.com\/fr\/wp-json\/wp\/v2\/media?parent=26131"}],"wp:term":[{"taxonomy":"pwb-brand","embeddable":true,"href":"https:\/\/gopinkish.com\/fr\/wp-json\/wp\/v2\/pwb-brand?post=26131"},{"taxonomy":"product_brand","embeddable":true,"href":"https:\/\/gopinkish.com\/fr\/wp-json\/wp\/v2\/product_brand?post=26131"},{"taxonomy":"product_cat","embeddable":true,"href":"https:\/\/gopinkish.com\/fr\/wp-json\/wp\/v2\/product_cat?post=26131"},{"taxonomy":"product_tag","embeddable":true,"href":"https:\/\/gopinkish.com\/fr\/wp-json\/wp\/v2\/product_tag?post=26131"}],"curies":[{"name":"wp","href":"https:\/\/api.w.org\/{rel}","templated":true}]}}