{"id":26118,"date":"2025-01-16T18:43:33","date_gmt":"2025-01-16T17:43:33","guid":{"rendered":"https:\/\/gopinkish.com\/?post_type=product&#038;p=26118"},"modified":"2026-03-04T21:11:28","modified_gmt":"2026-03-04T20:11:28","slug":"6805699956058","status":"publish","type":"product","link":"https:\/\/gopinkish.com\/fr\/produit\/6805699956058\/","title":{"rendered":"Brosse \u00e0 dents Sensodyne Quick Action - douce"},"content":{"rendered":"<ul>\n<li>Poils d\u00e9licats sp\u00e9cialement con\u00e7us pour le nettoyage.<\/li>\n<li>L'extr\u00e9mit\u00e9 avant est con\u00e7ue pour atteindre les parties arri\u00e8re des dents.<\/li>\n<li>Extr\u00e9mit\u00e9s arrondies pour un nettoyage en douceur et en profondeur<\/li>\n<li>Confort et nettoyage en profondeur des dents avec une brosse \u00e0 dents manuelle<\/li>\n<li>Aide \u00e0 blanchir les dents plus rapidement lors de l'utilisation d'une p\u00e2te blanchissante.<\/li>\n<li>Obtenez des r\u00e9sultats avec cette brosse l\u00e9g\u00e8re aux poils doux et souples.<\/li>\n<li>Permet d'atteindre les dents du fond. Polie<\/li>\n<li>Poils arrondis pour une p\u00e9n\u00e9tration en profondeur dans les zones difficiles d'acc\u00e8s, en douceur et en toute s\u00e9curit\u00e9.<\/li>\n<li>Langue plus propre : nettoie la langue et les joues<\/li>\n<li>Les poils permettent d'atteindre les zones profondes et difficiles d'acc\u00e8s<\/li>\n<li>Poign\u00e9e de contr\u00f4le : Con\u00e7ue pour un plus grand confort et un meilleur contr\u00f4le<\/li>\n<li>Cat\u00e9gorie : Brosses \u00e0 dents<\/li>\n<li>L\u00e9ger<\/li>\n<li>Poils doux et lisses<\/li>\n<\/ul>\n<p dir=\"ltr\" style=\"text-align: center;\">\ud83c\uddec\ud83c\udde7 Brosse \u00e0 dents Sensodyne Rapid Action<br \/>\n\ud83c\uddeb\ud83c\uddf7 Brosse \u00e0 Dents Sensodyne Action Rapide<\/p>","protected":false},"excerpt":{"rendered":"<p>\u0634\u0639\u064a\u0631\u0627\u062a \u0631\u0642\u064a\u0642\u0629 \u0645\u0635\u0645\u0645\u0629 \u062e\u0635\u064a\u0635\u0627\u064b \u0644\u0644\u062a\u0646\u0638\u064a\u0641. \u0627\u0644\u0646\u0647\u0627\u064a\u0629 \u0627\u0644\u0623\u0645\u0627\u0645\u064a\u0629 \u0645\u0635\u0645\u0645\u0629 \u0644\u0644\u0648\u0635\u0648\u0644 \u0625\u0644\u0649 \u0627\u0644\u0623\u062c\u0632\u0627\u0621 \u0627\u0644\u062e\u0644\u0641\u064a\u0629 \u0645\u0646 \u0627\u0644\u0623\u0633\u0646\u0627\u0646 \u0646\u0647\u0627\u064a\u0627\u062a \u0627\u0644\u0634\u0639\u064a\u0631\u0629 \u0627\u0644\u062f\u0627\u0626\u0631\u064a\u0629 \u0644\u0644\u062a\u0646\u0638\u064a\u0641 \u0627\u0644\u0643\u0627\u0645\u0644 \u0628\u0644\u0637\u0641 \u0627\u062d\u0635\u0644 \u0639\u0644\u0649 \u0631\u0627\u062d\u0629 \u0648\u062a\u0646\u0638\u064a\u0641 \u0639\u0645\u064a\u0642 \u0644\u0627\u0633\u0646\u0627\u0646\u0643 \u0645\u0639 \u0641\u0631\u0634\u0627\u0629 \u0627\u0633\u0646\u0627\u0646 \u0627\u0644\u064a\u062f\u0648\u064a\u0629 \u062a\u0633\u0627\u0639\u062f \u0641\u064a \u062a\u0628\u064a\u0636 \u0627\u0633\u0631\u0639 \u0644\u0644\u0627\u0633\u0646\u0627\u0646 \u0639\u0646\u062f \u0627\u0633\u062a\u062e\u062f\u0627\u0645 \u0645\u0639\u062c\u0648\u0646 \u0644\u062a\u0628\u064a\u0636 \u0627\u0644\u0627\u0633\u0646\u0627\u0646 \u0627\u062d\u0635\u0644 \u0639\u0644\u0649 \u0646\u062a\u0627\u0626\u062c \u0645\u0631\u0636\u064a\u0629 \u0645\u0639 \u0647\u0630\u0629 \u0627\u0644\u0641\u0631\u0634\u0627\u0629 \u0627\u0644\u062a\u064a \u062a\u062a\u0645\u064a\u0632 \u0628\u062e\u0641\u0629 \u0648\u0632\u0646\u0647\u0627 \u0648\u0634\u0639\u064a\u0631\u0627\u062a \u0644\u064a\u0646\u0629 \u0648\u0646\u0627\u0639\u0645\u0629 \u062a\u0633\u0627\u0639\u062f\u0629 [&hellip;]<\/p>\n","protected":false},"featured_media":26122,"template":"","meta":[],"pwb-brand":[463],"product_brand":[],"product_cat":[1132],"product_tag":[],"class_list":{"0":"post-26118","1":"product","2":"type-product","3":"status-publish","4":"has-post-thumbnail","6":"pwb-brand-sensodyne","7":"product_cat-tooth-brush","9":"first","10":"instock","11":"shipping-taxable","12":"purchasable","13":"product-type-variable","14":"has-default-attributes","15":"wvs-archive-product-wrapper"},"brands":[{"id":463,"name":"Sensodyne","slug":"sensodyne"}],"_links":{"self":[{"href":"https:\/\/gopinkish.com\/fr\/wp-json\/wp\/v2\/product\/26118","targetHints":{"allow":["GET"]}}],"collection":[{"href":"https:\/\/gopinkish.com\/fr\/wp-json\/wp\/v2\/product"}],"about":[{"href":"https:\/\/gopinkish.com\/fr\/wp-json\/wp\/v2\/types\/product"}],"wp:featuredmedia":[{"embeddable":true,"href":"https:\/\/gopinkish.com\/fr\/wp-json\/wp\/v2\/media\/26122"}],"wp:attachment":[{"href":"https:\/\/gopinkish.com\/fr\/wp-json\/wp\/v2\/media?parent=26118"}],"wp:term":[{"taxonomy":"pwb-brand","embeddable":true,"href":"https:\/\/gopinkish.com\/fr\/wp-json\/wp\/v2\/pwb-brand?post=26118"},{"taxonomy":"product_brand","embeddable":true,"href":"https:\/\/gopinkish.com\/fr\/wp-json\/wp\/v2\/product_brand?post=26118"},{"taxonomy":"product_cat","embeddable":true,"href":"https:\/\/gopinkish.com\/fr\/wp-json\/wp\/v2\/product_cat?post=26118"},{"taxonomy":"product_tag","embeddable":true,"href":"https:\/\/gopinkish.com\/fr\/wp-json\/wp\/v2\/product_tag?post=26118"}],"curies":[{"name":"wp","href":"https:\/\/api.w.org\/{rel}","templated":true}]}}