{"id":26044,"date":"2025-01-15T20:13:27","date_gmt":"2025-01-15T19:13:27","guid":{"rendered":"https:\/\/gopinkish.com\/?post_type=product&#038;p=26044"},"modified":"2026-01-15T12:57:19","modified_gmt":"2026-01-15T11:57:19","slug":"8700216106054","status":"publish","type":"product","link":"https:\/\/gopinkish.com\/fr\/produit\/8700216106054\/","title":{"rendered":"Une brosse \u00e0 dents dont les poils indiquent un changement"},"content":{"rendered":"<p style=\"text-align: justify;\">La brosse \u00e0 dents Oral-B Indicator est une brosse \u00e0 dents manuelle dot\u00e9e de poils indicateurs uniques qui changent de couleur au fil du temps. Cela vous permet de savoir quand il est temps de remplacer votre brosse \u00e0 dents, afin de continuer \u00e0 vous brosser les dents de mani\u00e8re optimale. Elle est \u00e9galement dot\u00e9e d'un manche ergonomique pour une prise en main confortable et de poils souples qui aident \u00e0 pr\u00e9venir l'irritation des gencives. La brosse \u00e0 dents Oral-B Indicator est disponible en diff\u00e9rentes couleurs et duret\u00e9s.<\/p>","protected":false},"excerpt":{"rendered":"<p>La brosse \u00e0 dents Oral-B Indicator est une brosse \u00e0 dents manuelle dot\u00e9e de poils indicateurs uniques qui changent de couleur au fil du temps. Cela vous permet de savoir quand il est temps de remplacer votre brosse \u00e0 dents, afin de continuer \u00e0 vous brosser les dents de mani\u00e8re optimale. Elle est \u00e9galement dot\u00e9e d'un manche ergonomique pour une prise en main confortable et de poils souples qui aident \u00e0 pr\u00e9venir l'irritation des gencives. La brosse \u00e0 dents Oral-B Indicator est disponible en diff\u00e9rentes couleurs et duret\u00e9s.<\/p>","protected":false},"featured_media":26046,"template":"","meta":[],"pwb-brand":[720],"product_brand":[],"product_cat":[1132],"product_tag":[],"class_list":{"0":"post-26044","1":"product","2":"type-product","3":"status-publish","4":"has-post-thumbnail","6":"pwb-brand-oralb","7":"product_cat-tooth-brush","9":"first","10":"instock","11":"shipping-taxable","12":"purchasable","13":"product-type-variable","14":"has-default-attributes","15":"wvs-archive-product-wrapper"},"brands":[{"id":720,"name":"Oral B","slug":"oralb"}],"_links":{"self":[{"href":"https:\/\/gopinkish.com\/fr\/wp-json\/wp\/v2\/product\/26044","targetHints":{"allow":["GET"]}}],"collection":[{"href":"https:\/\/gopinkish.com\/fr\/wp-json\/wp\/v2\/product"}],"about":[{"href":"https:\/\/gopinkish.com\/fr\/wp-json\/wp\/v2\/types\/product"}],"wp:featuredmedia":[{"embeddable":true,"href":"https:\/\/gopinkish.com\/fr\/wp-json\/wp\/v2\/media\/26046"}],"wp:attachment":[{"href":"https:\/\/gopinkish.com\/fr\/wp-json\/wp\/v2\/media?parent=26044"}],"wp:term":[{"taxonomy":"pwb-brand","embeddable":true,"href":"https:\/\/gopinkish.com\/fr\/wp-json\/wp\/v2\/pwb-brand?post=26044"},{"taxonomy":"product_brand","embeddable":true,"href":"https:\/\/gopinkish.com\/fr\/wp-json\/wp\/v2\/product_brand?post=26044"},{"taxonomy":"product_cat","embeddable":true,"href":"https:\/\/gopinkish.com\/fr\/wp-json\/wp\/v2\/product_cat?post=26044"},{"taxonomy":"product_tag","embeddable":true,"href":"https:\/\/gopinkish.com\/fr\/wp-json\/wp\/v2\/product_tag?post=26044"}],"curies":[{"name":"wp","href":"https:\/\/api.w.org\/{rel}","templated":true}]}}