{"id":26034,"date":"2025-05-15T01:48:46","date_gmt":"2025-05-15T00:48:46","guid":{"rendered":"https:\/\/gopinkish.com\/?post_type=product&#038;p=26034"},"modified":"2026-05-12T22:08:00","modified_gmt":"2026-05-12T21:08:00","slug":"3549620011517","status":"publish","type":"product","link":"https:\/\/gopinkish.com\/fr\/produit\/3549620011517\/","title":{"rendered":"D\u00e9maquillant pour les yeux r\u00e9sistant \u00e0 l'eau avec de l'huile d'olive naturelle"},"content":{"rendered":"<p style=\"text-align: justify;\">Double action : Une couche \u00e0 base d'huile d'olive naturelle \u00e9limine compl\u00e8tement le maquillage, m\u00eame les produits cosm\u00e9tiques r\u00e9sistants \u00e0 l'eau. Une autre couche contenant de l'extrait de feuilles d'olivier soigne la peau du contour des yeux. Un produit con\u00e7u pour d\u00e9maquiller en douceur les cils et les paupi\u00e8res.<\/p>\n<p style=\"text-align: justify;\">Sa base d'huile d'olive \u00e9limine efficacement tous les types de maquillage, m\u00eame waterproof, tandis que sa base d'extrait d'olive prend soin de la zone d\u00e9licate du contour des yeux.<\/p>\n<p style=\"text-align: justify;\">Ce d\u00e9maquillant est indispensable pour se d\u00e9maquiller facilement et en douceur.<\/p>\n<p style=\"text-align: justify;\">La formule est douce pour la peau.<\/p>\n<p style=\"text-align: justify;\">Sans parab\u00e8ne ni silicone.<\/p>\n<p style=\"text-align: justify;\">Test\u00e9 par des dermatologues et des ophtalmologues.<\/p>\n<p style=\"text-align: justify;\">95% d'ingr\u00e9dients naturels.<\/p>\n<p style=\"text-align: justify;\">Fabriqu\u00e9 en France.<\/p>\n<p dir=\"ltr\" style=\"text-align: center;\">D\u00e9maquillant yeux LE PETIT OLIVIER<\/p>","protected":false},"excerpt":{"rendered":"<p>\u0645\u0641\u0639\u0648\u0644 \u0645\u0632\u062f\u0648\u062c: \u0637\u0628\u0642\u0629 \u0623\u0633\u0627\u0633\u0647\u0627 \u0632\u064a\u062a \u0627\u0644\u0632\u064a\u062a\u0648\u0646 \u0627\u0644\u0637\u0628\u064a\u0639\u064a \u062a\u064f\u0632\u064a\u0644 \u0627\u0644\u0645\u0643\u064a\u0627\u062c \u062a\u0645\u0627\u0645\u064b\u0627\u060c \u062d\u062a\u0649 \u0645\u0633\u062a\u062d\u0636\u0631\u0627\u062a \u0627\u0644\u062a\u062c\u0645\u064a\u0644 \u0627\u0644\u0645\u0642\u0627\u0648\u0645\u0629 \u0644\u0644\u0645\u0627\u0621. \u0637\u0628\u0642\u0629 \u0623\u062e\u0631\u0649 \u062a\u062d\u062a\u0648\u064a \u0639\u0644\u0649 \u062e\u0644\u0627\u0635\u0629 \u0623\u0648\u0631\u0627\u0642 \u0627\u0644\u0632\u064a\u062a\u0648\u0646 \u062a\u064f\u0639\u0646\u0649 \u0628\u0628\u0634\u0631\u0629 \u0645\u062d\u064a\u0637 \u0627\u0644\u0639\u064a\u0646\u064a\u0646. \u0645\u0646\u062a\u062c \u0645\u0635\u0645\u0645 \u0644\u0625\u0632\u0627\u0644\u0629 \u0645\u0643\u064a\u0627\u062c \u0627\u0644\u0631\u0645\u0648\u0634 \u0648\u0627\u0644\u062c\u0641\u0648\u0646 \u0628\u0644\u0637\u0641. \u064a\u0632\u064a\u0644 \u0645\u0643\u0648\u0651\u0646\u0647 \u0627\u0644\u0623\u0633\u0627\u0633\u064a \u0645\u0646 \u0632\u064a\u062a \u0627\u0644\u0632\u064a\u062a\u0648\u0646 \u062c\u0645\u064a\u0639 \u0623\u0646\u0648\u0627\u0639 \u0627\u0644\u0645\u0643\u064a\u0627\u062c \u0628\u0641\u0639\u0627\u0644\u064a\u0629\u060c \u062d\u062a\u0649 \u0627\u0644\u0645\u0643\u064a\u0627\u062c \u0627\u0644\u0645\u0642\u0627\u0648\u0645 \u0644\u0644\u0645\u0627\u0621\u060c \u0628\u064a\u0646\u0645\u0627 \u064a\u0631\u0627\u0639\u064a \u0645\u0643\u0648\u0651\u0646\u0647 \u0627\u0644\u0623\u0633\u0627\u0633\u064a \u0645\u0646 \u062e\u0644\u0627\u0635\u0629 \u0627\u0644\u0632\u064a\u062a\u0648\u0646 \u0645\u0646\u0637\u0642\u0629 [&hellip;]<\/p>\n","protected":false},"featured_media":26036,"template":"","meta":[],"pwb-brand":[260],"product_brand":[],"product_cat":[1205],"product_tag":[],"class_list":{"0":"post-26034","1":"product","2":"type-product","3":"status-publish","4":"has-post-thumbnail","6":"pwb-brand-le-petit-olivier","7":"product_cat-makeup-removers","9":"first","10":"instock","11":"shipping-taxable","12":"purchasable","13":"product-type-variable","14":"has-default-attributes","15":"wvs-archive-product-wrapper"},"brands":[{"id":260,"name":"Le Petit Olivier","slug":"le-petit-olivier"}],"_links":{"self":[{"href":"https:\/\/gopinkish.com\/fr\/wp-json\/wp\/v2\/product\/26034","targetHints":{"allow":["GET"]}}],"collection":[{"href":"https:\/\/gopinkish.com\/fr\/wp-json\/wp\/v2\/product"}],"about":[{"href":"https:\/\/gopinkish.com\/fr\/wp-json\/wp\/v2\/types\/product"}],"wp:featuredmedia":[{"embeddable":true,"href":"https:\/\/gopinkish.com\/fr\/wp-json\/wp\/v2\/media\/26036"}],"wp:attachment":[{"href":"https:\/\/gopinkish.com\/fr\/wp-json\/wp\/v2\/media?parent=26034"}],"wp:term":[{"taxonomy":"pwb-brand","embeddable":true,"href":"https:\/\/gopinkish.com\/fr\/wp-json\/wp\/v2\/pwb-brand?post=26034"},{"taxonomy":"product_brand","embeddable":true,"href":"https:\/\/gopinkish.com\/fr\/wp-json\/wp\/v2\/product_brand?post=26034"},{"taxonomy":"product_cat","embeddable":true,"href":"https:\/\/gopinkish.com\/fr\/wp-json\/wp\/v2\/product_cat?post=26034"},{"taxonomy":"product_tag","embeddable":true,"href":"https:\/\/gopinkish.com\/fr\/wp-json\/wp\/v2\/product_tag?post=26034"}],"curies":[{"name":"wp","href":"https:\/\/api.w.org\/{rel}","templated":true}]}}